{"id":24,"date":"2014-09-18T12:23:15","date_gmt":"2014-09-18T12:23:15","guid":{"rendered":"http:\/\/agora.xtec.cat\/ceipjaveprat\/?page_id=24"},"modified":"2016-02-16T22:37:09","modified_gmt":"2016-02-16T21:37:09","slug":"on-som","status":"publish","type":"page","link":"https:\/\/agora.xtec.cat\/ceipjaveprat\/lescola\/on-som\/","title":{"rendered":"On som"},"content":{"rendered":"<p style=\"color: #666666;\"><strong>Escola Jacint Verdaguer<\/strong><br \/>\nC\/Francesc Balcells, 1<br \/>\n08820 El Prat de Llobregat<\/p>\n<p>Tel.\u00a0933 792 392<br \/>\na8022938@xtec.cat<\/p>\n<p><iframe loading=\"lazy\" style=\"border: 0;\" src=\"https:\/\/www.google.com\/maps\/embed?pb=!1m14!1m8!1m3!1d2996.3076063526614!2d2.098539!3d41.32392399999999!3m2!1i1024!2i768!4f13.1!3m3!1m2!1s0x0%3A0x9716b5d0195a90f5!2sEscola+Jacint+Verdaguer!5e0!3m2!1sca!2ses!4v1423499338142\" width=\"600\" height=\"450\" frameborder=\"0\"><\/iframe><\/p>\n<p><strong>Com arribar-hi:<\/strong><\/p>\n<p>La nostra escola es troba al bell mig de la ciutat del Prat. Tenim parada d&#8217;autob\u00fas justament davant de la porta del carrer Lleida, on s&#8217;hi aturen les l\u00ednies PR-1, PR-2, PR-3 que arriben directament des de l&#8217;estaci\u00f3 RENFE-Prat cada 10-15 minuts.<\/p>\n<p>Tamb\u00e9 trobareu a 200 m la parada de les l\u00ednies d&#8217;autobus 65 i 165, que connecten amb Barcelona &#8211; Pla\u00e7a Espanya.<\/p>\n<p>Si ho preferiu, a 500 m de l&#8217;escola trobareu la parada de metro C\u00e8ntric, de la Linia 9.<\/p>\n<p>&nbsp;<\/p>\n","protected":false},"excerpt":{"rendered":"<p>Escola Jacint Verdaguer<br \/>\nC\/Francesc Balcells, 1<br \/>\n08820 El Prat de Llobregat<br \/>\nTel.\u00a0933 792 392<br \/>\na8022938@xtec.cat<\/p>\n<p>Com arribar-hi:<br \/>\nLa nostra escola es troba al bell mig de la ciutat del Prat. Tenim parada d&#8217;autob\u00fas justament davant de la porta del carrer Lleida, on s&#8217;hi aturen les l\u00ednies PR-1, PR-2, PR-3 que arriben&hellip;  <a href=\"https:\/\/agora.xtec.cat\/ceipjaveprat\/lescola\/on-som\/\" title=\"Read On som\">Llegeix m\u00e9s\u00bb<\/a><\/p>\n","protected":false},"author":2,"featured_media":0,"parent":22,"menu_order":10,"comment_status":"closed","ping_status":"closed","template":"page-templates\/side-menu.php","meta":{"_bbp_topic_count":0,"_bbp_reply_count":0,"_bbp_total_topic_count":0,"_bbp_total_reply_count":0,"_bbp_voice_count":0,"_bbp_anonymous_reply_count":0,"_bbp_topic_count_hidden":0,"_bbp_reply_count_hidden":0,"_bbp_forum_subforum_count":0,"footnotes":""},"class_list":["post-24","page","type-page","status-publish","hentry"],"post_mailing_queue_ids":[],"_links":{"self":[{"href":"https:\/\/agora.xtec.cat\/ceipjaveprat\/wp-json\/wp\/v2\/pages\/24","targetHints":{"allow":["GET"]}}],"collection":[{"href":"https:\/\/agora.xtec.cat\/ceipjaveprat\/wp-json\/wp\/v2\/pages"}],"about":[{"href":"https:\/\/agora.xtec.cat\/ceipjaveprat\/wp-json\/wp\/v2\/types\/page"}],"author":[{"embeddable":true,"href":"https:\/\/agora.xtec.cat\/ceipjaveprat\/wp-json\/wp\/v2\/users\/2"}],"replies":[{"embeddable":true,"href":"https:\/\/agora.xtec.cat\/ceipjaveprat\/wp-json\/wp\/v2\/comments?post=24"}],"version-history":[{"count":3,"href":"https:\/\/agora.xtec.cat\/ceipjaveprat\/wp-json\/wp\/v2\/pages\/24\/revisions"}],"predecessor-version":[{"id":181,"href":"https:\/\/agora.xtec.cat\/ceipjaveprat\/wp-json\/wp\/v2\/pages\/24\/revisions\/181"}],"up":[{"embeddable":true,"href":"https:\/\/agora.xtec.cat\/ceipjaveprat\/wp-json\/wp\/v2\/pages\/22"}],"wp:attachment":[{"href":"https:\/\/agora.xtec.cat\/ceipjaveprat\/wp-json\/wp\/v2\/media?parent=24"}],"curies":[{"name":"wp","href":"https:\/\/api.w.org\/{rel}","templated":true}]}}