{"id":224,"date":"2016-07-14T10:09:50","date_gmt":"2016-07-14T09:09:50","guid":{"rendered":"http:\/\/agora.xtec.cat\/ceipjaveprat\/?page_id=224"},"modified":"2026-02-02T17:38:00","modified_gmt":"2026-02-02T16:38:00","slug":"escola-arts-en-viu","status":"publish","type":"page","link":"https:\/\/agora.xtec.cat\/ceipjaveprat\/serveis\/escola-arts-en-viu\/","title":{"rendered":"Escola d&#8217;Arts en Viu"},"content":{"rendered":"<p><a href=\"https:\/\/agora.xtec.cat\/ceipjaveprat\/wp-content\/uploads\/usu175\/2020\/06\/EscArtsViu.jpg\"><img loading=\"lazy\" decoding=\"async\" class=\"wp-image-3060 alignleft\" src=\"https:\/\/agora.xtec.cat\/ceipjaveprat\/wp-content\/uploads\/usu175\/2020\/06\/EscArtsViu.jpg\" alt=\"\" width=\"174\" height=\"174\" srcset=\"https:\/\/agora.xtec.cat\/ceipjaveprat\/wp-content\/uploads\/usu175\/2020\/06\/EscArtsViu.jpg 960w, https:\/\/agora.xtec.cat\/ceipjaveprat\/wp-content\/uploads\/usu175\/2020\/06\/EscArtsViu-150x150.jpg 150w, https:\/\/agora.xtec.cat\/ceipjaveprat\/wp-content\/uploads\/usu175\/2020\/06\/EscArtsViu-300x300.jpg 300w, https:\/\/agora.xtec.cat\/ceipjaveprat\/wp-content\/uploads\/usu175\/2020\/06\/EscArtsViu-768x768.jpg 768w\" sizes=\"auto, (max-width: 174px) 100vw, 174px\" \/><\/a>El Verdaguer es seu de l&#8217;Escola d&#8217;Arts en Viu del Prat per a la formaci\u00f3 musical inicial dels infants d&#8217;entre 4 i 7 anys. S&#8217;hi imparteixen classes de m\u00fasica i moviment, aix\u00ed com grups d&#8217;iniciaci\u00f3 a l&#8217;instrument.<\/p>\n<p>S&#8217;ofereix un servei d&#8217;acollida,\u00a0 per l&#8217;alumnat de l&#8217;escola Jacint Verdaguer, des de la finalitzaci\u00f3 de la jornada escolar fins a l&#8217;inici de les classes de m\u00fasica.<\/p>\n<p>Podeu trobar m\u00e9s informaci\u00f3 sobre l&#8217;Escola d&#8217;Arts en Viu a <a href=\"https:\/\/www.elprat.cat\/cultura\/escola-arts-en-viu\" target=\"_blank\" rel=\"noopener\">la seva p\u00e0gina web<\/a>.<\/p>\n","protected":false},"excerpt":{"rendered":"<p><a href=\"https:\/\/agora.xtec.cat\/ceipjaveprat\/wp-content\/uploads\/usu175\/2020\/06\/EscArtsViu.jpg\"><\/a>El Verdaguer es seu de l&#8217;Escola d&#8217;Arts en Viu del Prat per a la formaci\u00f3 musical inicial dels infants d&#8217;entre 4 i 7 anys. S&#8217;hi imparteixen classes de m\u00fasica i moviment, aix\u00ed com grups d&#8217;iniciaci\u00f3 a l&#8217;instrument.<br \/>\nS&#8217;ofereix un servei d&#8217;acollida,\u00a0 per l&#8217;alumnat de l&#8217;escola&hellip;  <a href=\"https:\/\/agora.xtec.cat\/ceipjaveprat\/serveis\/escola-arts-en-viu\/\" title=\"Read Escola d&#8217;Arts en Viu\">Llegeix m\u00e9s\u00bb<\/a><\/p>\n","protected":false},"author":3,"featured_media":0,"parent":66,"menu_order":0,"comment_status":"closed","ping_status":"closed","template":"page-templates\/side-menu.php","meta":{"_bbp_topic_count":0,"_bbp_reply_count":0,"_bbp_total_topic_count":0,"_bbp_total_reply_count":0,"_bbp_voice_count":0,"_bbp_anonymous_reply_count":0,"_bbp_topic_count_hidden":0,"_bbp_reply_count_hidden":0,"_bbp_forum_subforum_count":0,"footnotes":""},"class_list":["post-224","page","type-page","status-publish","hentry"],"post_mailing_queue_ids":[],"_links":{"self":[{"href":"https:\/\/agora.xtec.cat\/ceipjaveprat\/wp-json\/wp\/v2\/pages\/224","targetHints":{"allow":["GET"]}}],"collection":[{"href":"https:\/\/agora.xtec.cat\/ceipjaveprat\/wp-json\/wp\/v2\/pages"}],"about":[{"href":"https:\/\/agora.xtec.cat\/ceipjaveprat\/wp-json\/wp\/v2\/types\/page"}],"author":[{"embeddable":true,"href":"https:\/\/agora.xtec.cat\/ceipjaveprat\/wp-json\/wp\/v2\/users\/3"}],"replies":[{"embeddable":true,"href":"https:\/\/agora.xtec.cat\/ceipjaveprat\/wp-json\/wp\/v2\/comments?post=224"}],"version-history":[{"count":5,"href":"https:\/\/agora.xtec.cat\/ceipjaveprat\/wp-json\/wp\/v2\/pages\/224\/revisions"}],"predecessor-version":[{"id":4624,"href":"https:\/\/agora.xtec.cat\/ceipjaveprat\/wp-json\/wp\/v2\/pages\/224\/revisions\/4624"}],"up":[{"embeddable":true,"href":"https:\/\/agora.xtec.cat\/ceipjaveprat\/wp-json\/wp\/v2\/pages\/66"}],"wp:attachment":[{"href":"https:\/\/agora.xtec.cat\/ceipjaveprat\/wp-json\/wp\/v2\/media?parent=224"}],"curies":[{"name":"wp","href":"https:\/\/api.w.org\/{rel}","templated":true}]}}