{"id":22,"date":"2014-09-18T12:19:57","date_gmt":"2014-09-18T12:19:57","guid":{"rendered":"http:\/\/agora.xtec.cat\/ceipjaveprat\/?page_id=22"},"modified":"2017-09-09T16:59:58","modified_gmt":"2017-09-09T14:59:58","slug":"lescola","status":"publish","type":"page","link":"https:\/\/agora.xtec.cat\/ceipjaveprat\/lescola\/","title":{"rendered":"L&#8217;escola"},"content":{"rendered":"<p>Us donem la benvinguda a la web del Verdaguer.\u00a0Aquesta plataforma cont\u00e9 diversos apartats d\u2019informaci\u00f3 i el recull de not\u00edcies que fan refer\u00e8ncia a la vida de l\u2019escola. Podreu con\u00e8ixer qui som, com treballem i per qu\u00e8 fem les activitats que, ja des de l&#8217;estiu i durant el curs escolar, amb molta il\u00b7lusi\u00f3 programem.<\/p>\n<p>Hem escollit el lema <strong>&#8220;Infants competents, adults lliures&#8221;<\/strong>, ja que pretenem contribuir, conjuntament amb les fam\u00edlies del nostre alumnat, al desenvolupament de totes les capacitats dels nostres nens i nenes. Tots plegats formem una comunitat on els infants es sentiran estimats, recolzats i motivats per aprendre. Treballem per afavorir el desenvolupament integral i harm\u00f2nic del nostre alumnat amb l&#8217;objectiu que esdevinguin ciutadanes i ciutadans aut\u00f2noms, solidaris i competents. I com m\u00e9s competents siguin, m\u00e9s possibilitats tindran com a adults d&#8217;escollir el seu cam\u00ed.<\/p>\n<p>Benvinguts una vegada m\u00e9s a la nostra escola, benvinguts a la nova\u00a0finestra on-line\u00a0del Verdaguer.<\/p>\n<blockquote><p>M. Paz Gonz\u00e1lez<br \/>\nDirectora<\/p><\/blockquote>\n","protected":false},"excerpt":{"rendered":"<p>Us donem la benvinguda a la web del Verdaguer.\u00a0Aquesta plataforma cont\u00e9 diversos apartats d\u2019informaci\u00f3 i el recull de not\u00edcies que fan refer\u00e8ncia a la vida de l\u2019escola. Podreu con\u00e8ixer qui som, com treballem i per qu\u00e8 fem les activitats que, ja des de l&#8217;estiu i&hellip;  <a href=\"https:\/\/agora.xtec.cat\/ceipjaveprat\/lescola\/\" title=\"Read L&#8217;escola\">Llegeix m\u00e9s\u00bb<\/a><\/p>\n","protected":false},"author":2,"featured_media":0,"parent":0,"menu_order":0,"comment_status":"closed","ping_status":"closed","template":"page-templates\/side-menu.php","meta":{"_bbp_topic_count":0,"_bbp_reply_count":0,"_bbp_total_topic_count":0,"_bbp_total_reply_count":0,"_bbp_voice_count":0,"_bbp_anonymous_reply_count":0,"_bbp_topic_count_hidden":0,"_bbp_reply_count_hidden":0,"_bbp_forum_subforum_count":0,"footnotes":""},"class_list":["post-22","page","type-page","status-publish","hentry"],"post_mailing_queue_ids":[],"_links":{"self":[{"href":"https:\/\/agora.xtec.cat\/ceipjaveprat\/wp-json\/wp\/v2\/pages\/22","targetHints":{"allow":["GET"]}}],"collection":[{"href":"https:\/\/agora.xtec.cat\/ceipjaveprat\/wp-json\/wp\/v2\/pages"}],"about":[{"href":"https:\/\/agora.xtec.cat\/ceipjaveprat\/wp-json\/wp\/v2\/types\/page"}],"author":[{"embeddable":true,"href":"https:\/\/agora.xtec.cat\/ceipjaveprat\/wp-json\/wp\/v2\/users\/2"}],"replies":[{"embeddable":true,"href":"https:\/\/agora.xtec.cat\/ceipjaveprat\/wp-json\/wp\/v2\/comments?post=22"}],"version-history":[{"count":4,"href":"https:\/\/agora.xtec.cat\/ceipjaveprat\/wp-json\/wp\/v2\/pages\/22\/revisions"}],"predecessor-version":[{"id":1104,"href":"https:\/\/agora.xtec.cat\/ceipjaveprat\/wp-json\/wp\/v2\/pages\/22\/revisions\/1104"}],"wp:attachment":[{"href":"https:\/\/agora.xtec.cat\/ceipjaveprat\/wp-json\/wp\/v2\/media?parent=22"}],"curies":[{"name":"wp","href":"https:\/\/api.w.org\/{rel}","templated":true}]}}