{"id":218,"date":"2016-07-14T10:05:21","date_gmt":"2016-07-14T09:05:21","guid":{"rendered":"http:\/\/agora.xtec.cat\/ceipjaveprat\/?page_id=218"},"modified":"2023-08-25T18:50:06","modified_gmt":"2023-08-25T16:50:06","slug":"autoritzacions","status":"publish","type":"page","link":"https:\/\/agora.xtec.cat\/ceipjaveprat\/curs-22-23\/autoritzacions\/","title":{"rendered":"Autoritzacions i altres models"},"content":{"rendered":"<p><a href=\"https:\/\/agora.xtec.cat\/ceipjaveprat\/wp-content\/uploads\/usu175\/2020\/10\/Autoritzaci\u00f3-drets-imatge-alumnes_2020.pdf\">Autoritzaci\u00f3 drets imatge i veu<\/a><\/p>\n<p><a href=\"https:\/\/agora.xtec.cat\/ceipjaveprat\/wp-content\/uploads\/usu175\/2020\/10\/Autoritzaci\u00f3-sortides.pdf\">Autoritzaci\u00f3 de sortides anual<\/a><\/p>\n<p><a href=\"https:\/\/agora.xtec.cat\/ceipjaveprat\/wp-content\/uploads\/usu175\/2020\/10\/Autoritzaci\u00f3-PARACETAMOL.pdf\">Autoritzaci\u00f3 subministrament PARACETAMOL<\/a><\/p>\n<p><a href=\"https:\/\/agora.xtec.cat\/ceipjaveprat\/wp-content\/uploads\/usu175\/2020\/10\/Autoritzaci\u00f3-recollida.pdf\">Autoritzaci\u00f3 recollida d&#8217;alumnat educaci\u00f3 infantil\u00a0<\/a><\/p>\n<p><a href=\"https:\/\/agora.xtec.cat\/ceipjaveprat\/wp-content\/uploads\/usu175\/2020\/10\/autoritzaci\u00f3-sortida-SOL-A-de-lescola-5\u00e8-i-6\u00e8.pdf\">Autoritzaci\u00f3 de sortida SOL-A de l&#8217;escola (5\u00e8 i 6\u00e8)<\/a><\/p>\n<p><a href=\"https:\/\/agora.xtec.cat\/ceipjaveprat\/wp-content\/uploads\/usu175\/2020\/10\/Sol-licitud_Verdaguer.pdf\">Model de sol\u00b7licitud general<\/a><\/p>\n<p>&nbsp;<\/p>\n","protected":false},"excerpt":{"rendered":"<p><a href=\"https:\/\/agora.xtec.cat\/ceipjaveprat\/wp-content\/uploads\/usu175\/2020\/10\/Autoritzaci\u00f3-drets-imatge-alumnes_2020.pdf\">Autoritzaci\u00f3 drets imatge i veu<\/a><br \/>\n<a href=\"https:\/\/agora.xtec.cat\/ceipjaveprat\/wp-content\/uploads\/usu175\/2020\/10\/Autoritzaci\u00f3-sortides.pdf\">Autoritzaci\u00f3 de sortides anual<\/a><br \/>\n<a href=\"https:\/\/agora.xtec.cat\/ceipjaveprat\/wp-content\/uploads\/usu175\/2020\/10\/Autoritzaci\u00f3-PARACETAMOL.pdf\">Autoritzaci\u00f3 subministrament PARACETAMOL<\/a><br \/>\n<a href=\"https:\/\/agora.xtec.cat\/ceipjaveprat\/wp-content\/uploads\/usu175\/2020\/10\/Autoritzaci\u00f3-recollida.pdf\">Autoritzaci\u00f3 recollida d&#8217;alumnat educaci\u00f3 infantil\u00a0<\/a><br \/>\n<a href=\"https:\/\/agora.xtec.cat\/ceipjaveprat\/wp-content\/uploads\/usu175\/2020\/10\/autoritzaci\u00f3-sortida-SOL-A-de-lescola-5\u00e8-i-6\u00e8.pdf\">Autoritzaci\u00f3 de sortida SOL-A de l&#8217;escola (5\u00e8 i 6\u00e8)<\/a><br \/>\n<a href=\"https:\/\/agora.xtec.cat\/ceipjaveprat\/wp-content\/uploads\/usu175\/2020\/10\/Sol-licitud_Verdaguer.pdf\">Model de sol\u00b7licitud general<\/a><br \/>\n&nbsp;<\/p>\n","protected":false},"author":3,"featured_media":0,"parent":216,"menu_order":6,"comment_status":"closed","ping_status":"closed","template":"page-templates\/side-menu.php","meta":{"_bbp_topic_count":0,"_bbp_reply_count":0,"_bbp_total_topic_count":0,"_bbp_total_reply_count":0,"_bbp_voice_count":0,"_bbp_anonymous_reply_count":0,"_bbp_topic_count_hidden":0,"_bbp_reply_count_hidden":0,"_bbp_forum_subforum_count":0,"footnotes":""},"class_list":["post-218","page","type-page","status-publish","hentry"],"post_mailing_queue_ids":[],"_links":{"self":[{"href":"https:\/\/agora.xtec.cat\/ceipjaveprat\/wp-json\/wp\/v2\/pages\/218","targetHints":{"allow":["GET"]}}],"collection":[{"href":"https:\/\/agora.xtec.cat\/ceipjaveprat\/wp-json\/wp\/v2\/pages"}],"about":[{"href":"https:\/\/agora.xtec.cat\/ceipjaveprat\/wp-json\/wp\/v2\/types\/page"}],"author":[{"embeddable":true,"href":"https:\/\/agora.xtec.cat\/ceipjaveprat\/wp-json\/wp\/v2\/users\/3"}],"replies":[{"embeddable":true,"href":"https:\/\/agora.xtec.cat\/ceipjaveprat\/wp-json\/wp\/v2\/comments?post=218"}],"version-history":[{"count":4,"href":"https:\/\/agora.xtec.cat\/ceipjaveprat\/wp-json\/wp\/v2\/pages\/218\/revisions"}],"predecessor-version":[{"id":4340,"href":"https:\/\/agora.xtec.cat\/ceipjaveprat\/wp-json\/wp\/v2\/pages\/218\/revisions\/4340"}],"up":[{"embeddable":true,"href":"https:\/\/agora.xtec.cat\/ceipjaveprat\/wp-json\/wp\/v2\/pages\/216"}],"wp:attachment":[{"href":"https:\/\/agora.xtec.cat\/ceipjaveprat\/wp-json\/wp\/v2\/media?parent=218"}],"curies":[{"name":"wp","href":"https:\/\/api.w.org\/{rel}","templated":true}]}}