{"id":84,"date":"2014-09-18T14:11:31","date_gmt":"2014-09-18T13:11:31","guid":{"rendered":"http:\/\/agora.xtec.cat\/ceipjaumeilasenia\/?page_id=84"},"modified":"2026-02-25T17:29:14","modified_gmt":"2026-02-25T16:29:14","slug":"activitats-extraescolars","status":"publish","type":"page","link":"https:\/\/agora.xtec.cat\/ceipjaumeilasenia\/serveis\/activitats-extraescolars\/","title":{"rendered":"Activitats extraescolars"},"content":{"rendered":"<p style=\"text-align: left;\">Aqu\u00ed podeu veure algunes les activitats extraescolars incloses al Projecte Esportiu de Centre. La seua gesti\u00f3 i la de la resta d&#8217;activitats extraescolars que es duen a terme al centre va a c\u00e0rrec de l&#8217;AFA i l&#8217;empresa AES.\u00a0Si voleu podeu contactar per correu electr\u00f2nic a les seues diferents adreces:<\/p>\n<p style=\"text-align: center;\"><a href=\"mailto:ampaescolasenia@gmail.com\"><em>ampaescolasenia@gmail.com <\/em><\/a>i <a href=\"mailto:aesportivalasenia@gmail.com\"><em>aesportivalasenia@gmail.com<\/em><\/a><\/p>\n<p>Tamb\u00e9 podreu estar assabentats de tots els events esportius del poble mitjan\u00e7ant el Llibret d&#8217;activitats i recursos per a joves elaborat per al Educatiu d&#8217;Entorn el passat mes de gener, el qual el trobareu al seg\u00fcent <a href=\"https:\/\/drive.google.com\/file\/d\/1vJjjTmw_wB-K7YXis2bmgXRYHawB_rkT\/view?usp=sharing\"><em>enlla\u00e7<\/em>.<\/a><a href=\"https:\/\/agora.xtec.cat\/ceipjaumeilasenia\/wp-content\/uploads\/usu1105\/2025\/12\/Captura-de-pantalla-2025-12-09-132312-1.png\"><img loading=\"lazy\" decoding=\"async\" class=\"aligncenter wp-image-2842\" src=\"https:\/\/agora.xtec.cat\/ceipjaumeilasenia\/wp-content\/uploads\/usu1105\/2025\/12\/Captura-de-pantalla-2025-12-09-132312-1-300x182.png\" alt=\"\" width=\"420\" height=\"255\" srcset=\"https:\/\/agora.xtec.cat\/ceipjaumeilasenia\/wp-content\/uploads\/usu1105\/2025\/12\/Captura-de-pantalla-2025-12-09-132312-1-300x182.png 300w, https:\/\/agora.xtec.cat\/ceipjaumeilasenia\/wp-content\/uploads\/usu1105\/2025\/12\/Captura-de-pantalla-2025-12-09-132312-1-768x466.png 768w, https:\/\/agora.xtec.cat\/ceipjaumeilasenia\/wp-content\/uploads\/usu1105\/2025\/12\/Captura-de-pantalla-2025-12-09-132312-1.png 817w\" sizes=\"auto, (max-width: 420px) 100vw, 420px\" \/><\/a><\/p>\n","protected":false},"excerpt":{"rendered":"<p>Aqu\u00ed podeu veure algunes les activitats extraescolars incloses al Projecte Esportiu de Centre. La seua gesti\u00f3 i la de la resta d&#8217;activitats extraescolars que es duen a terme al centre va a c\u00e0rrec de l&#8217;AFA i l&#8217;empresa AES.\u00a0Si voleu podeu contactar per correu electr\u00f2nic a les seues diferents adreces: ampaescolasenia@gmail.com i aesportivalasenia@gmail.com Tamb\u00e9 podreu estar [&hellip;]<\/p>\n","protected":false},"author":1,"featured_media":0,"parent":66,"menu_order":60,"comment_status":"closed","ping_status":"closed","template":"","meta":{"_bbp_topic_count":0,"_bbp_reply_count":0,"_bbp_total_topic_count":0,"_bbp_total_reply_count":0,"_bbp_voice_count":0,"_bbp_anonymous_reply_count":0,"_bbp_topic_count_hidden":0,"_bbp_reply_count_hidden":0,"_bbp_forum_subforum_count":0,"site-sidebar-layout":"default","site-content-layout":"","ast-site-content-layout":"default","site-content-style":"default","site-sidebar-style":"default","ast-global-header-display":"","ast-banner-title-visibility":"","ast-main-header-display":"","ast-hfb-above-header-display":"","ast-hfb-below-header-display":"","ast-hfb-mobile-header-display":"","site-post-title":"","ast-breadcrumbs-content":"","ast-featured-img":"","footer-sml-layout":"","theme-transparent-header-meta":"default","adv-header-id-meta":"","stick-header-meta":"","header-above-stick-meta":"","header-main-stick-meta":"","header-below-stick-meta":"","astra-migrate-meta-layouts":"set","ast-page-background-enabled":"default","ast-page-background-meta":{"desktop":{"background-color":"var(--ast-global-color-4)","background-image":"","background-repeat":"repeat","background-position":"center center","background-size":"auto","background-attachment":"scroll","background-type":"","background-media":"","overlay-type":"","overlay-color":"","overlay-opacity":"","overlay-gradient":""},"tablet":{"background-color":"","background-image":"","background-repeat":"repeat","background-position":"center center","background-size":"auto","background-attachment":"scroll","background-type":"","background-media":"","overlay-type":"","overlay-color":"","overlay-opacity":"","overlay-gradient":""},"mobile":{"background-color":"","background-image":"","background-repeat":"repeat","background-position":"center center","background-size":"auto","background-attachment":"scroll","background-type":"","background-media":"","overlay-type":"","overlay-color":"","overlay-opacity":"","overlay-gradient":""}},"ast-content-background-meta":{"desktop":{"background-color":"var(--ast-global-color-5)","background-image":"","background-repeat":"repeat","background-position":"center center","background-size":"auto","background-attachment":"scroll","background-type":"","background-media":"","overlay-type":"","overlay-color":"","overlay-opacity":"","overlay-gradient":""},"tablet":{"background-color":"var(--ast-global-color-5)","background-image":"","background-repeat":"repeat","background-position":"center center","background-size":"auto","background-attachment":"scroll","background-type":"","background-media":"","overlay-type":"","overlay-color":"","overlay-opacity":"","overlay-gradient":""},"mobile":{"background-color":"var(--ast-global-color-5)","background-image":"","background-repeat":"repeat","background-position":"center center","background-size":"auto","background-attachment":"scroll","background-type":"","background-media":"","overlay-type":"","overlay-color":"","overlay-opacity":"","overlay-gradient":""}},"footnotes":""},"class_list":["post-84","page","type-page","status-publish","hentry"],"post_mailing_queue_ids":[],"_links":{"self":[{"href":"https:\/\/agora.xtec.cat\/ceipjaumeilasenia\/wp-json\/wp\/v2\/pages\/84","targetHints":{"allow":["GET"]}}],"collection":[{"href":"https:\/\/agora.xtec.cat\/ceipjaumeilasenia\/wp-json\/wp\/v2\/pages"}],"about":[{"href":"https:\/\/agora.xtec.cat\/ceipjaumeilasenia\/wp-json\/wp\/v2\/types\/page"}],"author":[{"embeddable":true,"href":"https:\/\/agora.xtec.cat\/ceipjaumeilasenia\/wp-json\/wp\/v2\/users\/1"}],"replies":[{"embeddable":true,"href":"https:\/\/agora.xtec.cat\/ceipjaumeilasenia\/wp-json\/wp\/v2\/comments?post=84"}],"version-history":[{"count":6,"href":"https:\/\/agora.xtec.cat\/ceipjaumeilasenia\/wp-json\/wp\/v2\/pages\/84\/revisions"}],"predecessor-version":[{"id":2917,"href":"https:\/\/agora.xtec.cat\/ceipjaumeilasenia\/wp-json\/wp\/v2\/pages\/84\/revisions\/2917"}],"up":[{"embeddable":true,"href":"https:\/\/agora.xtec.cat\/ceipjaumeilasenia\/wp-json\/wp\/v2\/pages\/66"}],"wp:attachment":[{"href":"https:\/\/agora.xtec.cat\/ceipjaumeilasenia\/wp-json\/wp\/v2\/media?parent=84"}],"curies":[{"name":"wp","href":"https:\/\/api.w.org\/{rel}","templated":true}]}}