{"id":743,"date":"2018-05-29T09:22:27","date_gmt":"2018-05-29T07:22:27","guid":{"rendered":"http:\/\/agora.xtec.cat\/ceipjaumeilasenia\/?page_id=743"},"modified":"2019-10-29T12:57:23","modified_gmt":"2019-10-29T11:57:23","slug":"gep","status":"publish","type":"page","link":"https:\/\/agora.xtec.cat\/ceipjaumeilasenia\/gep\/","title":{"rendered":"GEP"},"content":{"rendered":"<p>L&#8217;Escola Jaume I de la S\u00e9nia s&#8217;ha adherit al programa GEP (Generaci\u00f3 Pluriling\u00fce) que t\u00e9 una durada de tres cursos.<\/p>\n<p>Els quatre mestres d&#8217;angl\u00e8s de l&#8217;escola han estat rebent o han rebut la formaci\u00f3 pertinent.<\/p>\n<p>El nostre objectiu \u00e9s potenciar les capacitats ling\u00fc\u00edstiques i el pluriling\u00fcisme dels nostres alumnes perqu\u00e8 siguin m\u00e9s competents davant d&#8217;una llengua.<\/p>\n<p>Els cursos on s&#8217;ha implementat \u00e0rees en metodologia CLIL (Content and language integrated learning) s\u00f3n 5\u00e8 en EF (Physical Education) i 6\u00e8 en les TAC (ICT).<\/p>\n<p>Al seg\u00fcent enlla\u00e7 trobareu el v\u00eddeo &#8220;Masterchef a l&#8217;Escola&#8221; on els alumnes de 6\u00e8 van concursar. Aquest \u00e9s el <em><strong>Final Project<\/strong><\/em> del GEP 2.<\/p>\n<p><a href=\"https:\/\/photos.app.goo.gl\/ui5CcduB9U8E75vM6\">https:\/\/photos.app.goo.gl\/ui5CcduB9U8E75vM6<\/a><\/p>\n<p>&nbsp;<\/p>\n","protected":false},"excerpt":{"rendered":"<p>L&#8217;Escola Jaume I de la S\u00e9nia s&#8217;ha adherit al programa GEP (Generaci\u00f3 Pluriling\u00fce) que t\u00e9 una durada de tres cursos. Els quatre mestres d&#8217;angl\u00e8s de l&#8217;escola han estat rebent o han rebut la formaci\u00f3 pertinent. El nostre objectiu \u00e9s potenciar les capacitats ling\u00fc\u00edstiques i el pluriling\u00fcisme dels nostres alumnes perqu\u00e8 siguin m\u00e9s competents davant d&#8217;una [&hellip;]<\/p>\n","protected":false},"author":1,"featured_media":0,"parent":0,"menu_order":0,"comment_status":"closed","ping_status":"closed","template":"","meta":{"_bbp_topic_count":0,"_bbp_reply_count":0,"_bbp_total_topic_count":0,"_bbp_total_reply_count":0,"_bbp_voice_count":0,"_bbp_anonymous_reply_count":0,"_bbp_topic_count_hidden":0,"_bbp_reply_count_hidden":0,"_bbp_forum_subforum_count":0,"site-sidebar-layout":"default","site-content-layout":"","ast-site-content-layout":"","site-content-style":"default","site-sidebar-style":"default","ast-global-header-display":"","ast-banner-title-visibility":"","ast-main-header-display":"","ast-hfb-above-header-display":"","ast-hfb-below-header-display":"","ast-hfb-mobile-header-display":"","site-post-title":"","ast-breadcrumbs-content":"","ast-featured-img":"","footer-sml-layout":"","theme-transparent-header-meta":"","adv-header-id-meta":"","stick-header-meta":"","header-above-stick-meta":"","header-main-stick-meta":"","header-below-stick-meta":"","astra-migrate-meta-layouts":"default","ast-page-background-enabled":"default","ast-page-background-meta":{"desktop":{"background-color":"var(--ast-global-color-4)","background-image":"","background-repeat":"repeat","background-position":"center center","background-size":"auto","background-attachment":"scroll","background-type":"","background-media":"","overlay-type":"","overlay-color":"","overlay-opacity":"","overlay-gradient":""},"tablet":{"background-color":"","background-image":"","background-repeat":"repeat","background-position":"center center","background-size":"auto","background-attachment":"scroll","background-type":"","background-media":"","overlay-type":"","overlay-color":"","overlay-opacity":"","overlay-gradient":""},"mobile":{"background-color":"","background-image":"","background-repeat":"repeat","background-position":"center center","background-size":"auto","background-attachment":"scroll","background-type":"","background-media":"","overlay-type":"","overlay-color":"","overlay-opacity":"","overlay-gradient":""}},"ast-content-background-meta":{"desktop":{"background-color":"var(--ast-global-color-5)","background-image":"","background-repeat":"repeat","background-position":"center center","background-size":"auto","background-attachment":"scroll","background-type":"","background-media":"","overlay-type":"","overlay-color":"","overlay-opacity":"","overlay-gradient":""},"tablet":{"background-color":"var(--ast-global-color-5)","background-image":"","background-repeat":"repeat","background-position":"center center","background-size":"auto","background-attachment":"scroll","background-type":"","background-media":"","overlay-type":"","overlay-color":"","overlay-opacity":"","overlay-gradient":""},"mobile":{"background-color":"var(--ast-global-color-5)","background-image":"","background-repeat":"repeat","background-position":"center center","background-size":"auto","background-attachment":"scroll","background-type":"","background-media":"","overlay-type":"","overlay-color":"","overlay-opacity":"","overlay-gradient":""}},"footnotes":""},"class_list":["post-743","page","type-page","status-publish","hentry"],"post_mailing_queue_ids":[],"_links":{"self":[{"href":"https:\/\/agora.xtec.cat\/ceipjaumeilasenia\/wp-json\/wp\/v2\/pages\/743","targetHints":{"allow":["GET"]}}],"collection":[{"href":"https:\/\/agora.xtec.cat\/ceipjaumeilasenia\/wp-json\/wp\/v2\/pages"}],"about":[{"href":"https:\/\/agora.xtec.cat\/ceipjaumeilasenia\/wp-json\/wp\/v2\/types\/page"}],"author":[{"embeddable":true,"href":"https:\/\/agora.xtec.cat\/ceipjaumeilasenia\/wp-json\/wp\/v2\/users\/1"}],"replies":[{"embeddable":true,"href":"https:\/\/agora.xtec.cat\/ceipjaumeilasenia\/wp-json\/wp\/v2\/comments?post=743"}],"version-history":[{"count":3,"href":"https:\/\/agora.xtec.cat\/ceipjaumeilasenia\/wp-json\/wp\/v2\/pages\/743\/revisions"}],"predecessor-version":[{"id":1118,"href":"https:\/\/agora.xtec.cat\/ceipjaumeilasenia\/wp-json\/wp\/v2\/pages\/743\/revisions\/1118"}],"wp:attachment":[{"href":"https:\/\/agora.xtec.cat\/ceipjaumeilasenia\/wp-json\/wp\/v2\/media?parent=743"}],"curies":[{"name":"wp","href":"https:\/\/api.w.org\/{rel}","templated":true}]}}