{"id":22,"date":"2014-09-18T12:19:57","date_gmt":"2014-09-18T11:19:57","guid":{"rendered":"http:\/\/agora.xtec.cat\/ceipjaumeilasenia\/?page_id=22"},"modified":"2025-10-03T13:29:07","modified_gmt":"2025-10-03T11:29:07","slug":"lescola","status":"publish","type":"page","link":"https:\/\/agora.xtec.cat\/ceipjaumeilasenia\/lescola\/","title":{"rendered":"L&#8217;escola"},"content":{"rendered":"<p>L\u2019escola Jaume I t\u00e9 per missi\u00f3 oferir una <strong>formaci\u00f3 integral i global<\/strong> que permeti un desenvolupament social, personal, emocional i potenci\u00ef l\u2019autonomia dels alumnes per tal que esdevinguin ciutadans solidaris, respectuosos amb la diversitat social i cultural i el medi ambient. Pretenem ser actius i participatius amb els nostre entorn, potenciar les noves tecnologies i oferir una bona formaci\u00f3 acad\u00e8mica.<br \/>\nSom un equip professionalment competent, amb un clar objectiu volem el millor pels nostres alumnes, som un equip il\u00b7lusionat que reflexiona sobre la nostra pr\u00e0ctica educativa.<\/p>\n<p>Ens proposem:<br \/>\n&#8211; Una escola <strong>PARTICIPATIVA<\/strong> sota una l\u00ednia de pressa de decisions efectiva i clara, on tothom hi pugui dir la seva, on <strong>PARES, DOCENTS, AJUNTAMENT<\/strong> puguin establir-hi elements de di\u00e0leg i de treball; on el trasp\u00e0s d\u2019informaci\u00f3 es faci d\u2019una manera transparent i ordenada.<br \/>\n&#8211; Una escola<strong> COOPERATIVA<\/strong> on el treball sigui compartit per a tots, a on no hi arribi un que l\u2019altre li doni ajuda. L\u2019escola es diversa, i \u00e9s en la riquesa d\u2019aquesta diversitat on podem trobar punts d\u2019uni\u00f3 i entesa que la facin avan\u00e7ar.<br \/>\n&#8211; Una escola <strong>INNOVADORA<\/strong> que busca la millora del seu treball en el dia a dia, en l\u2019aplicaci\u00f3 de programes atractius, innovadors que faci de la millora qualitativa de l\u2019educaci\u00f3 dels seus alumnes un objectiu assolible.<br \/>\n&#8211; Una escola efica\u00e7 i coherent amb els plantejaments pedag\u00f2gics, que creu en la feina ben feta, en la feina de qualitat tot fent una proposta de futur per a les generacions de xiquets i xiquetes del nostre poble.<\/p>\n<p>&nbsp;<\/p>\n","protected":false},"excerpt":{"rendered":"<p>L\u2019escola Jaume I t\u00e9 per missi\u00f3 oferir una formaci\u00f3 integral i global que permeti un desenvolupament social, personal, emocional i potenci\u00ef l\u2019autonomia dels alumnes per tal que esdevinguin ciutadans solidaris, respectuosos amb la diversitat social i cultural i el medi ambient. Pretenem ser actius i participatius amb els nostre entorn, potenciar les noves tecnologies i [&hellip;]<\/p>\n","protected":false},"author":1,"featured_media":0,"parent":0,"menu_order":0,"comment_status":"closed","ping_status":"closed","template":"","meta":{"_bbp_topic_count":0,"_bbp_reply_count":0,"_bbp_total_topic_count":0,"_bbp_total_reply_count":0,"_bbp_voice_count":0,"_bbp_anonymous_reply_count":0,"_bbp_topic_count_hidden":0,"_bbp_reply_count_hidden":0,"_bbp_forum_subforum_count":0,"site-sidebar-layout":"default","site-content-layout":"","ast-site-content-layout":"default","site-content-style":"default","site-sidebar-style":"default","ast-global-header-display":"","ast-banner-title-visibility":"","ast-main-header-display":"","ast-hfb-above-header-display":"","ast-hfb-below-header-display":"","ast-hfb-mobile-header-display":"","site-post-title":"","ast-breadcrumbs-content":"","ast-featured-img":"","footer-sml-layout":"","theme-transparent-header-meta":"default","adv-header-id-meta":"","stick-header-meta":"","header-above-stick-meta":"","header-main-stick-meta":"","header-below-stick-meta":"","astra-migrate-meta-layouts":"set","ast-page-background-enabled":"default","ast-page-background-meta":{"desktop":{"background-color":"var(--ast-global-color-4)","background-image":"","background-repeat":"repeat","background-position":"center center","background-size":"auto","background-attachment":"scroll","background-type":"","background-media":"","overlay-type":"","overlay-color":"","overlay-opacity":"","overlay-gradient":""},"tablet":{"background-color":"","background-image":"","background-repeat":"repeat","background-position":"center center","background-size":"auto","background-attachment":"scroll","background-type":"","background-media":"","overlay-type":"","overlay-color":"","overlay-opacity":"","overlay-gradient":""},"mobile":{"background-color":"","background-image":"","background-repeat":"repeat","background-position":"center center","background-size":"auto","background-attachment":"scroll","background-type":"","background-media":"","overlay-type":"","overlay-color":"","overlay-opacity":"","overlay-gradient":""}},"ast-content-background-meta":{"desktop":{"background-color":"var(--ast-global-color-5)","background-image":"","background-repeat":"repeat","background-position":"center center","background-size":"auto","background-attachment":"scroll","background-type":"","background-media":"","overlay-type":"","overlay-color":"","overlay-opacity":"","overlay-gradient":""},"tablet":{"background-color":"var(--ast-global-color-5)","background-image":"","background-repeat":"repeat","background-position":"center center","background-size":"auto","background-attachment":"scroll","background-type":"","background-media":"","overlay-type":"","overlay-color":"","overlay-opacity":"","overlay-gradient":""},"mobile":{"background-color":"var(--ast-global-color-5)","background-image":"","background-repeat":"repeat","background-position":"center center","background-size":"auto","background-attachment":"scroll","background-type":"","background-media":"","overlay-type":"","overlay-color":"","overlay-opacity":"","overlay-gradient":""}},"footnotes":""},"class_list":["post-22","page","type-page","status-publish","hentry"],"post_mailing_queue_ids":[],"_links":{"self":[{"href":"https:\/\/agora.xtec.cat\/ceipjaumeilasenia\/wp-json\/wp\/v2\/pages\/22","targetHints":{"allow":["GET"]}}],"collection":[{"href":"https:\/\/agora.xtec.cat\/ceipjaumeilasenia\/wp-json\/wp\/v2\/pages"}],"about":[{"href":"https:\/\/agora.xtec.cat\/ceipjaumeilasenia\/wp-json\/wp\/v2\/types\/page"}],"author":[{"embeddable":true,"href":"https:\/\/agora.xtec.cat\/ceipjaumeilasenia\/wp-json\/wp\/v2\/users\/1"}],"replies":[{"embeddable":true,"href":"https:\/\/agora.xtec.cat\/ceipjaumeilasenia\/wp-json\/wp\/v2\/comments?post=22"}],"version-history":[{"count":4,"href":"https:\/\/agora.xtec.cat\/ceipjaumeilasenia\/wp-json\/wp\/v2\/pages\/22\/revisions"}],"predecessor-version":[{"id":2808,"href":"https:\/\/agora.xtec.cat\/ceipjaumeilasenia\/wp-json\/wp\/v2\/pages\/22\/revisions\/2808"}],"wp:attachment":[{"href":"https:\/\/agora.xtec.cat\/ceipjaumeilasenia\/wp-json\/wp\/v2\/media?parent=22"}],"curies":[{"name":"wp","href":"https:\/\/api.w.org\/{rel}","templated":true}]}}