{"id":1649,"date":"2022-03-10T13:01:46","date_gmt":"2022-03-10T12:01:46","guid":{"rendered":"https:\/\/agora.xtec.cat\/ceipjaumeilasenia\/?page_id=1649"},"modified":"2022-11-11T00:08:57","modified_gmt":"2022-11-10T23:08:57","slug":"objectius","status":"publish","type":"page","link":"https:\/\/agora.xtec.cat\/ceipjaumeilasenia\/estrategia-digital-de-centre\/objectius\/","title":{"rendered":"Objectius"},"content":{"rendered":"<p>A partir de la diagnosi ens hem plantejat diversos objectius per millorar la compet\u00e8ncia digital a la nostra escola. Els que hem prioritzat de moment son:<\/p>\n<ul>\n<li>Aprofundir sobre les pr\u00e0ctiques d&#8217;avaluaci\u00f3 utilitzant l&#8217;autoavaluaci\u00f3 i la coavaluaci\u00f3.<\/li>\n<li>Incloure la compet\u00e8ncia digital en les unitats did\u00e0ctiques a tots els nivells fomentant la creativitat, interdisciplinarietat i la transversabilitat.<\/li>\n<li>Conscienciar la comunitat educativa sobre l&#8217;\u00fas de la tecnologia com a eina d&#8217;aprenentatge i millorar-ne la seva compet\u00e8ncia digital (professorat i alumnat i fam\u00edlies).<\/li>\n<li>Assegurar l&#8217;\u00fas d&#8217;Internet a partir de la protecci\u00f3 de dades, ciberseguretat i verificaci\u00f3 de l&#8217;autenticitat de la informaci\u00f3.<\/li>\n<\/ul>\n<p><iframe src=\"https:\/\/docs.google.com\/spreadsheets\/d\/e\/2PACX-1vRWCm81vWHCDviSrmaq2nVz3KGWPMoBYX0WShAPr6B-fODAelTDLkZ3Rw1wKpVOzWw6SS3eS9oseElD\/pubhtml?widget=true&amp;headers=false\"><\/iframe><\/p>\n<style>iframe{width:100%; height:600px}<\/style>\n","protected":false},"excerpt":{"rendered":"<p>A partir de la diagnosi ens hem plantejat diversos objectius per millorar la compet\u00e8ncia digital a la nostra escola. Els que hem prioritzat de moment son: Aprofundir sobre les pr\u00e0ctiques d&#8217;avaluaci\u00f3 utilitzant l&#8217;autoavaluaci\u00f3 i la coavaluaci\u00f3. Incloure la compet\u00e8ncia digital en les unitats did\u00e0ctiques a tots els nivells fomentant la creativitat, interdisciplinarietat i la transversabilitat. [&hellip;]<\/p>\n","protected":false},"author":1,"featured_media":0,"parent":1645,"menu_order":0,"comment_status":"closed","ping_status":"closed","template":"","meta":{"_bbp_topic_count":0,"_bbp_reply_count":0,"_bbp_total_topic_count":0,"_bbp_total_reply_count":0,"_bbp_voice_count":0,"_bbp_anonymous_reply_count":0,"_bbp_topic_count_hidden":0,"_bbp_reply_count_hidden":0,"_bbp_forum_subforum_count":0,"site-sidebar-layout":"default","site-content-layout":"","ast-site-content-layout":"","site-content-style":"default","site-sidebar-style":"default","ast-global-header-display":"","ast-banner-title-visibility":"","ast-main-header-display":"","ast-hfb-above-header-display":"","ast-hfb-below-header-display":"","ast-hfb-mobile-header-display":"","site-post-title":"","ast-breadcrumbs-content":"","ast-featured-img":"","footer-sml-layout":"","theme-transparent-header-meta":"","adv-header-id-meta":"","stick-header-meta":"","header-above-stick-meta":"","header-main-stick-meta":"","header-below-stick-meta":"","astra-migrate-meta-layouts":"default","ast-page-background-enabled":"default","ast-page-background-meta":{"desktop":{"background-color":"var(--ast-global-color-4)","background-image":"","background-repeat":"repeat","background-position":"center center","background-size":"auto","background-attachment":"scroll","background-type":"","background-media":"","overlay-type":"","overlay-color":"","overlay-opacity":"","overlay-gradient":""},"tablet":{"background-color":"","background-image":"","background-repeat":"repeat","background-position":"center center","background-size":"auto","background-attachment":"scroll","background-type":"","background-media":"","overlay-type":"","overlay-color":"","overlay-opacity":"","overlay-gradient":""},"mobile":{"background-color":"","background-image":"","background-repeat":"repeat","background-position":"center center","background-size":"auto","background-attachment":"scroll","background-type":"","background-media":"","overlay-type":"","overlay-color":"","overlay-opacity":"","overlay-gradient":""}},"ast-content-background-meta":{"desktop":{"background-color":"var(--ast-global-color-5)","background-image":"","background-repeat":"repeat","background-position":"center center","background-size":"auto","background-attachment":"scroll","background-type":"","background-media":"","overlay-type":"","overlay-color":"","overlay-opacity":"","overlay-gradient":""},"tablet":{"background-color":"var(--ast-global-color-5)","background-image":"","background-repeat":"repeat","background-position":"center center","background-size":"auto","background-attachment":"scroll","background-type":"","background-media":"","overlay-type":"","overlay-color":"","overlay-opacity":"","overlay-gradient":""},"mobile":{"background-color":"var(--ast-global-color-5)","background-image":"","background-repeat":"repeat","background-position":"center center","background-size":"auto","background-attachment":"scroll","background-type":"","background-media":"","overlay-type":"","overlay-color":"","overlay-opacity":"","overlay-gradient":""}},"footnotes":""},"class_list":["post-1649","page","type-page","status-publish","hentry"],"post_mailing_queue_ids":[],"_links":{"self":[{"href":"https:\/\/agora.xtec.cat\/ceipjaumeilasenia\/wp-json\/wp\/v2\/pages\/1649","targetHints":{"allow":["GET"]}}],"collection":[{"href":"https:\/\/agora.xtec.cat\/ceipjaumeilasenia\/wp-json\/wp\/v2\/pages"}],"about":[{"href":"https:\/\/agora.xtec.cat\/ceipjaumeilasenia\/wp-json\/wp\/v2\/types\/page"}],"author":[{"embeddable":true,"href":"https:\/\/agora.xtec.cat\/ceipjaumeilasenia\/wp-json\/wp\/v2\/users\/1"}],"replies":[{"embeddable":true,"href":"https:\/\/agora.xtec.cat\/ceipjaumeilasenia\/wp-json\/wp\/v2\/comments?post=1649"}],"version-history":[{"count":3,"href":"https:\/\/agora.xtec.cat\/ceipjaumeilasenia\/wp-json\/wp\/v2\/pages\/1649\/revisions"}],"predecessor-version":[{"id":1889,"href":"https:\/\/agora.xtec.cat\/ceipjaumeilasenia\/wp-json\/wp\/v2\/pages\/1649\/revisions\/1889"}],"up":[{"embeddable":true,"href":"https:\/\/agora.xtec.cat\/ceipjaumeilasenia\/wp-json\/wp\/v2\/pages\/1645"}],"wp:attachment":[{"href":"https:\/\/agora.xtec.cat\/ceipjaumeilasenia\/wp-json\/wp\/v2\/media?parent=1649"}],"curies":[{"name":"wp","href":"https:\/\/api.w.org\/{rel}","templated":true}]}}