{"id":1121,"date":"2019-11-08T10:00:26","date_gmt":"2019-11-08T09:00:26","guid":{"rendered":"http:\/\/agora.xtec.cat\/ceipjaumeilasenia\/?page_id=1121"},"modified":"2025-09-22T15:24:12","modified_gmt":"2025-09-22T13:24:12","slug":"documents-oficials-del-centre","status":"publish","type":"page","link":"https:\/\/agora.xtec.cat\/ceipjaumeilasenia\/documents-oficials-del-centre\/","title":{"rendered":"Documents oficials del centre"},"content":{"rendered":"<ul>\n<li><strong>PROJECTE EDUCATIU DE CENTRE<\/strong><\/li>\n<\/ul>\n<p><a href=\"https:\/\/agora.xtec.cat\/ceipjaumeilasenia\/wp-content\/uploads\/usu1105\/2019\/11\/pec.pdf\">PEC<\/a><\/p>\n<ul>\n<li><strong>NOFC<\/strong><\/li>\n<\/ul>\n<p><a href=\"https:\/\/agora.xtec.cat\/ceipjaumeilasenia\/wp-content\/uploads\/usu1105\/2019\/11\/NOFC-.pdf\">NOFC<\/a><\/p>\n<ul>\n<li><a href=\"https:\/\/agora.xtec.cat\/ceipjaumeilasenia\/estrategia-digital-de-centre\/\"><strong>ESTRAT\u00c8GIA <\/strong><strong>DIGITAL DE CENTRE<\/strong><\/a><\/li>\n<li><strong>CARTA DE COMPROM\u00cdS<\/strong><\/li>\n<\/ul>\n<p><a href=\"https:\/\/agora.xtec.cat\/ceipjaumeilasenia\/wp-content\/uploads\/usu1105\/2020\/03\/carta-compromis.pdf\">carta comprom\u00eds<\/a><\/p>\n<ul>\n<li><strong>CURR\u00cdCULUM<\/strong><\/li>\n<li style=\"list-style-type: none;\">\n<ul>\n<li><strong>Continguts<\/strong>\n<ul>\n<li style=\"list-style-type: none;\">\n<ul>\n<li style=\"list-style-type: none;\">\n<ul>\n<li style=\"list-style-type: none;\">\n<ul>\n<li style=\"list-style-type: none;\">\n<ul>\n<li style=\"list-style-type: none;\"><\/li>\n<\/ul>\n<\/li>\n<\/ul>\n<\/li>\n<\/ul>\n<\/li>\n<\/ul>\n<\/li>\n<\/ul>\n<\/li>\n<\/ul>\n<\/li>\n<\/ul>\n<p><a href=\"https:\/\/agora.xtec.cat\/ceipjaumeilasenia\/wp-content\/uploads\/usu1105\/2019\/12\/Continguts-Cicle-Superior.pdf\">Continguts Cicle Superior<\/a><\/p>\n<p><a href=\"https:\/\/agora.xtec.cat\/ceipjaumeilasenia\/wp-content\/uploads\/usu1105\/2019\/12\/Continguts-del-Cicle-Mitj\u00e0.pdf\">Continguts del Cicle Mitj\u00e0<\/a><\/p>\n<p><a href=\"https:\/\/agora.xtec.cat\/ceipjaumeilasenia\/wp-content\/uploads\/usu1105\/2019\/12\/Continguts-del-Cicle-inicial.pdf\">Continguts del Cicle inicial<\/a><\/p>\n<p><a href=\"https:\/\/agora.xtec.cat\/ceipjaumeilasenia\/wp-content\/uploads\/usu1105\/2019\/12\/Continguts-E.-Infantil.pdf\">Continguts E. Infantil<\/a><\/p>\n<ul>\n<li style=\"list-style-type: none;\">\n<ul>\n<li><strong>Criteris d&#8217;Avaluaci\u00f3<\/strong><\/li>\n<\/ul>\n<\/li>\n<\/ul>\n<p><a href=\"https:\/\/agora.xtec.cat\/ceipjaumeilasenia\/wp-content\/uploads\/usu1105\/2019\/12\/Criteris-davaluaci\u00f3-Cicle-Superiror.pdf\">Criteris d&#8217;avaluaci\u00f3 Cicle Superior<\/a><\/p>\n<p><a href=\"https:\/\/agora.xtec.cat\/ceipjaumeilasenia\/wp-content\/uploads\/usu1105\/2019\/12\/Criteris-davaluaci\u00f3-del-Cicle-Inicial.pdf\">Criteris d&#8217;avaluaci\u00f3 del Cicle Inicial<\/a><\/p>\n<p><a href=\"https:\/\/agora.xtec.cat\/ceipjaumeilasenia\/wp-content\/uploads\/usu1105\/2019\/12\/Criteris-davaluaci\u00f3-del-Cicle-Mitj\u00e0.pdf\">Criteris d&#8217;avaluaci\u00f3 del Cicle Mitj\u00e0<\/a><\/p>\n<p><a href=\"https:\/\/agora.xtec.cat\/ceipjaumeilasenia\/wp-content\/uploads\/usu1105\/2019\/12\/Criteris-dAvaluaci\u00f3-E.INFANTIL.pdf\">Criteris d&#8217;avaluaci\u00f3 E.Infantil<\/a><\/p>\n<p>&nbsp;<\/p>\n<p>&nbsp;<\/p>\n","protected":false},"excerpt":{"rendered":"<p>PROJECTE EDUCATIU DE CENTRE PEC NOFC NOFC ESTRAT\u00c8GIA DIGITAL DE CENTRE CARTA DE COMPROM\u00cdS carta comprom\u00eds CURR\u00cdCULUM Continguts Continguts Cicle Superior Continguts del Cicle Mitj\u00e0 Continguts del Cicle inicial Continguts E. Infantil Criteris d&#8217;Avaluaci\u00f3 Criteris d&#8217;avaluaci\u00f3 Cicle Superior Criteris d&#8217;avaluaci\u00f3 del Cicle Inicial Criteris d&#8217;avaluaci\u00f3 del Cicle Mitj\u00e0 Criteris d&#8217;avaluaci\u00f3 E.Infantil &nbsp; &nbsp;<\/p>\n","protected":false},"author":1,"featured_media":0,"parent":0,"menu_order":0,"comment_status":"closed","ping_status":"closed","template":"","meta":{"_bbp_topic_count":0,"_bbp_reply_count":0,"_bbp_total_topic_count":0,"_bbp_total_reply_count":0,"_bbp_voice_count":0,"_bbp_anonymous_reply_count":0,"_bbp_topic_count_hidden":0,"_bbp_reply_count_hidden":0,"_bbp_forum_subforum_count":0,"site-sidebar-layout":"default","site-content-layout":"","ast-site-content-layout":"default","site-content-style":"default","site-sidebar-style":"default","ast-global-header-display":"","ast-banner-title-visibility":"","ast-main-header-display":"","ast-hfb-above-header-display":"","ast-hfb-below-header-display":"","ast-hfb-mobile-header-display":"","site-post-title":"","ast-breadcrumbs-content":"","ast-featured-img":"","footer-sml-layout":"","theme-transparent-header-meta":"default","adv-header-id-meta":"","stick-header-meta":"","header-above-stick-meta":"","header-main-stick-meta":"","header-below-stick-meta":"","astra-migrate-meta-layouts":"set","ast-page-background-enabled":"default","ast-page-background-meta":{"desktop":{"background-color":"var(--ast-global-color-4)","background-image":"","background-repeat":"repeat","background-position":"center center","background-size":"auto","background-attachment":"scroll","background-type":"","background-media":"","overlay-type":"","overlay-color":"","overlay-opacity":"","overlay-gradient":""},"tablet":{"background-color":"","background-image":"","background-repeat":"repeat","background-position":"center center","background-size":"auto","background-attachment":"scroll","background-type":"","background-media":"","overlay-type":"","overlay-color":"","overlay-opacity":"","overlay-gradient":""},"mobile":{"background-color":"","background-image":"","background-repeat":"repeat","background-position":"center center","background-size":"auto","background-attachment":"scroll","background-type":"","background-media":"","overlay-type":"","overlay-color":"","overlay-opacity":"","overlay-gradient":""}},"ast-content-background-meta":{"desktop":{"background-color":"var(--ast-global-color-5)","background-image":"","background-repeat":"repeat","background-position":"center center","background-size":"auto","background-attachment":"scroll","background-type":"","background-media":"","overlay-type":"","overlay-color":"","overlay-opacity":"","overlay-gradient":""},"tablet":{"background-color":"var(--ast-global-color-5)","background-image":"","background-repeat":"repeat","background-position":"center center","background-size":"auto","background-attachment":"scroll","background-type":"","background-media":"","overlay-type":"","overlay-color":"","overlay-opacity":"","overlay-gradient":""},"mobile":{"background-color":"var(--ast-global-color-5)","background-image":"","background-repeat":"repeat","background-position":"center center","background-size":"auto","background-attachment":"scroll","background-type":"","background-media":"","overlay-type":"","overlay-color":"","overlay-opacity":"","overlay-gradient":""}},"footnotes":""},"class_list":["post-1121","page","type-page","status-publish","hentry"],"post_mailing_queue_ids":[],"_links":{"self":[{"href":"https:\/\/agora.xtec.cat\/ceipjaumeilasenia\/wp-json\/wp\/v2\/pages\/1121","targetHints":{"allow":["GET"]}}],"collection":[{"href":"https:\/\/agora.xtec.cat\/ceipjaumeilasenia\/wp-json\/wp\/v2\/pages"}],"about":[{"href":"https:\/\/agora.xtec.cat\/ceipjaumeilasenia\/wp-json\/wp\/v2\/types\/page"}],"author":[{"embeddable":true,"href":"https:\/\/agora.xtec.cat\/ceipjaumeilasenia\/wp-json\/wp\/v2\/users\/1"}],"replies":[{"embeddable":true,"href":"https:\/\/agora.xtec.cat\/ceipjaumeilasenia\/wp-json\/wp\/v2\/comments?post=1121"}],"version-history":[{"count":5,"href":"https:\/\/agora.xtec.cat\/ceipjaumeilasenia\/wp-json\/wp\/v2\/pages\/1121\/revisions"}],"predecessor-version":[{"id":2798,"href":"https:\/\/agora.xtec.cat\/ceipjaumeilasenia\/wp-json\/wp\/v2\/pages\/1121\/revisions\/2798"}],"wp:attachment":[{"href":"https:\/\/agora.xtec.cat\/ceipjaumeilasenia\/wp-json\/wp\/v2\/media?parent=1121"}],"curies":[{"name":"wp","href":"https:\/\/api.w.org\/{rel}","templated":true}]}}