{"id":4271,"date":"2018-10-29T13:22:36","date_gmt":"2018-10-29T12:22:36","guid":{"rendered":"http:\/\/agora.xtec.cat\/ceipitaca\/?page_id=4271"},"modified":"2023-11-13T15:54:34","modified_gmt":"2023-11-13T14:54:34","slug":"escoles-sostenibles","status":"publish","type":"page","link":"https:\/\/agora.xtec.cat\/ceipitaca\/projectes\/escoles-sostenibles\/","title":{"rendered":"Escoles Sostenibles"},"content":{"rendered":"<p><strong><a href=\"https:\/\/agora.xtec.cat\/ceipitaca\/wp-content\/uploads\/usu141\/2019\/02\/Logo-Brigada-Verda-redu\u00eft.jpg\"><img loading=\"lazy\" decoding=\"async\" class=\"wp-image-4947 alignright\" src=\"https:\/\/agora.xtec.cat\/ceipitaca\/wp-content\/uploads\/usu141\/2019\/02\/Logo-Brigada-Verda-redu\u00eft.jpg\" alt=\"\" width=\"153\" height=\"134\" srcset=\"https:\/\/agora.xtec.cat\/ceipitaca\/wp-content\/uploads\/usu141\/2019\/02\/Logo-Brigada-Verda-redu\u00eft.jpg 500w, https:\/\/agora.xtec.cat\/ceipitaca\/wp-content\/uploads\/usu141\/2019\/02\/Logo-Brigada-Verda-redu\u00eft-300x263.jpg 300w\" sizes=\"auto, (max-width: 153px) 100vw, 153px\" \/><\/a>BRIGADA VERDA<\/strong><\/p>\n<p>L\u2019escola t\u00e9 una Brigada Verda, formada per sis alumnes: dos de 4t, dos de 5\u00e8 i dos de 6\u00e8, escollits a l\u2019inici de curs a les aules.<\/p>\n<p>Cada delegat\/ada verd\/a \u00e9s responsable de la seva pr\u00f2pia aula i de dues m\u00e9s. Sis\u00e8 \u00e9s responsable de tercer i P5, cinqu\u00e8 \u00e9s responsable de segon i P4 i quart \u00e9s responsable de primer i de P3.<\/p>\n<p>La Brigada verda es reuneix com a m\u00ednim un divendres al mes a l\u2019hora del pati amb algun membre del claustre de la comissi\u00f3 Itaca sostenible, per\u00f2 habitualment hi ha m\u00e9s d\u2019una reuni\u00f3.<\/p>\n<p>Els components de la Brigada verda van identificats amb una armilla verda amb el seu logo.<\/p>\n<p><strong>FUNCIONS<\/strong><\/p>\n<ul>\n<li>La Brigada verda es reuneix per parlar sobre temes que es proposen, campanyes que es poden dur a terme, activitats puntuals o dies assenyalats.<\/li>\n<li>Fa d\u2019enlla\u00e7 amb tot l\u2019alumnat. Passa per les aules i explica a les nenes i als nens les decisions que s\u2019han pres i el que han de fer.<\/li>\n<li>Vetlla per l\u2019acompliment dels acords de centre.<\/li>\n<\/ul>\n<p><a href=\"https:\/\/agora.xtec.cat\/ceipitaca\/wp-content\/uploads\/usu141\/2019\/05\/IMG_20190503_112622-retocada.jpg\"><img loading=\"lazy\" decoding=\"async\" class=\"size-full wp-image-16446 aligncenter\" src=\"https:\/\/agora.xtec.cat\/ceipitaca\/wp-content\/uploads\/usu141\/2019\/05\/IMG_20190503_112622-retocada.jpg\" alt=\"\" width=\"500\" height=\"281\" srcset=\"https:\/\/agora.xtec.cat\/ceipitaca\/wp-content\/uploads\/usu141\/2019\/05\/IMG_20190503_112622-retocada.jpg 500w, https:\/\/agora.xtec.cat\/ceipitaca\/wp-content\/uploads\/usu141\/2019\/05\/IMG_20190503_112622-retocada-300x169.jpg 300w\" sizes=\"auto, (max-width: 500px) 100vw, 500px\" \/><\/a><\/p>\n","protected":false},"excerpt":{"rendered":"<p><a href=\"https:\/\/agora.xtec.cat\/ceipitaca\/wp-content\/uploads\/usu141\/2019\/02\/Logo-Brigada-Verda-redu\u00eft.jpg\"><\/a>BRIGADA VERDA<br \/>\nL\u2019escola t\u00e9 una Brigada Verda, formada per sis alumnes: dos de 4t, dos de 5\u00e8 i dos de 6\u00e8, escollits a l\u2019inici de curs a les aules.<br \/>\nCada delegat\/ada verd\/a \u00e9s responsable de la seva pr\u00f2pia aula i de dues m\u00e9s. Sis\u00e8 \u00e9s responsable&hellip;  <a href=\"https:\/\/agora.xtec.cat\/ceipitaca\/projectes\/escoles-sostenibles\/\" title=\"Read Escoles Sostenibles\">Llegeix m\u00e9s\u00bb<\/a><\/p>\n","protected":false},"author":1,"featured_media":0,"parent":4303,"menu_order":4,"comment_status":"closed","ping_status":"closed","template":"page-templates\/side-menu.php","meta":{"_bbp_topic_count":0,"_bbp_reply_count":0,"_bbp_total_topic_count":0,"_bbp_total_reply_count":0,"_bbp_voice_count":0,"_bbp_anonymous_reply_count":0,"_bbp_topic_count_hidden":0,"_bbp_reply_count_hidden":0,"_bbp_forum_subforum_count":0,"footnotes":""},"class_list":["post-4271","page","type-page","status-publish","hentry"],"post_mailing_queue_ids":[],"_links":{"self":[{"href":"https:\/\/agora.xtec.cat\/ceipitaca\/wp-json\/wp\/v2\/pages\/4271","targetHints":{"allow":["GET"]}}],"collection":[{"href":"https:\/\/agora.xtec.cat\/ceipitaca\/wp-json\/wp\/v2\/pages"}],"about":[{"href":"https:\/\/agora.xtec.cat\/ceipitaca\/wp-json\/wp\/v2\/types\/page"}],"author":[{"embeddable":true,"href":"https:\/\/agora.xtec.cat\/ceipitaca\/wp-json\/wp\/v2\/users\/1"}],"replies":[{"embeddable":true,"href":"https:\/\/agora.xtec.cat\/ceipitaca\/wp-json\/wp\/v2\/comments?post=4271"}],"version-history":[{"count":4,"href":"https:\/\/agora.xtec.cat\/ceipitaca\/wp-json\/wp\/v2\/pages\/4271\/revisions"}],"predecessor-version":[{"id":16448,"href":"https:\/\/agora.xtec.cat\/ceipitaca\/wp-json\/wp\/v2\/pages\/4271\/revisions\/16448"}],"up":[{"embeddable":true,"href":"https:\/\/agora.xtec.cat\/ceipitaca\/wp-json\/wp\/v2\/pages\/4303"}],"wp:attachment":[{"href":"https:\/\/agora.xtec.cat\/ceipitaca\/wp-json\/wp\/v2\/media?parent=4271"}],"curies":[{"name":"wp","href":"https:\/\/api.w.org\/{rel}","templated":true}]}}