{"id":4269,"date":"2018-10-29T13:22:35","date_gmt":"2018-10-29T12:22:35","guid":{"rendered":"http:\/\/agora.xtec.cat\/ceipitaca\/?page_id=4269"},"modified":"2025-02-18T12:38:35","modified_gmt":"2025-02-18T11:38:35","slug":"projecte-padrins","status":"publish","type":"page","link":"https:\/\/agora.xtec.cat\/ceipitaca\/projectes\/projecte-padrins\/","title":{"rendered":"Projecte Padrins"},"content":{"rendered":"\r\n\t<div class=\"slideshow_container slideshow_container_style-light\" style=\"height: 300px; \" data-slideshow-id=\"4414\" data-style-name=\"style-light\" data-style-version=\"2.3.1\" >\r\n\r\n\t\t\t\t\t<div class=\"slideshow_loading_icon\"><\/div>\r\n\t\t\r\n\t\t<div class=\"slideshow_content\" style=\"display: none;\">\r\n\r\n\t\t\t<div class=\"slideshow_view\">\r\n\t\t\t\t<div class=\"slideshow_slide slideshow_slide_image\">\r\n\t\t\t\t\t\t\t\t\t\t\t<img src=\"https:\/\/agora.xtec.cat\/ceipitaca\/wp-content\/uploads\/usu141\/2018\/11\/QGER0116.jpg\" alt=\"QGER0116\" width=\"1328\" height=\"747\" \/>\r\n\t\t\t\t\t\t\t\t\t\t<div class=\"slideshow_description_box slideshow_transparent\">\r\n\t\t\t\t\t\t\t\t\t\t\t\t\t\t\t\t\t<\/div>\r\n\t\t\t\t<\/div>\r\n\r\n\t\t\t\t\t\t<div style=\"clear: both;\"><\/div><\/div><div class=\"slideshow_view\">\r\n\t\t\t\t<div class=\"slideshow_slide slideshow_slide_image\">\r\n\t\t\t\t\t\t\t\t\t\t\t<img src=\"https:\/\/agora.xtec.cat\/ceipitaca\/wp-content\/uploads\/usu141\/2018\/11\/AMFG4726.jpg\" alt=\"AMFG4726\" width=\"1328\" height=\"747\" \/>\r\n\t\t\t\t\t\t\t\t\t\t<div class=\"slideshow_description_box slideshow_transparent\">\r\n\t\t\t\t\t\t\t\t\t\t\t\t\t\t\t\t\t<\/div>\r\n\t\t\t\t<\/div>\r\n\r\n\t\t\t\t\t\t<div style=\"clear: both;\"><\/div><\/div><div class=\"slideshow_view\">\r\n\t\t\t\t<div class=\"slideshow_slide slideshow_slide_image\">\r\n\t\t\t\t\t\t\t\t\t\t\t<img src=\"https:\/\/agora.xtec.cat\/ceipitaca\/wp-content\/uploads\/usu141\/2018\/11\/KDUX7380.jpg\" alt=\"KDUX7380\" width=\"1328\" height=\"747\" \/>\r\n\t\t\t\t\t\t\t\t\t\t<div class=\"slideshow_description_box slideshow_transparent\">\r\n\t\t\t\t\t\t\t\t\t\t\t\t\t\t\t\t\t<\/div>\r\n\t\t\t\t<\/div>\r\n\r\n\t\t\t\t\t\t<div style=\"clear: both;\"><\/div><\/div>\r\n\t\t<\/div>\r\n\r\n\t\t<div class=\"slideshow_controlPanel slideshow_transparent\" style=\"display: none;\"><ul><li class=\"slideshow_togglePlay\" data-play-text=\"Visualitza\" data-pause-text=\"Pausa\"><\/li><\/ul><\/div>\r\n\r\n\t\t<div class=\"slideshow_button slideshow_previous slideshow_transparent\" role=\"button\" data-previous-text=\"Anterior\" style=\"display: none;\"><\/div>\r\n\t\t<div class=\"slideshow_button slideshow_next slideshow_transparent\" role=\"button\" data-next-text=\"Seg\u00fcent\" style=\"display: none;\"><\/div>\r\n\r\n\t\t<div class=\"slideshow_pagination\" style=\"display: none;\" data-go-to-text=\"V\u00e9s a la diapositiva\"><div class=\"slideshow_pagination_center\"><\/div><\/div>\r\n\r\n\t\t<!-- WordPress Slideshow Version 2.3.1 -->\r\n\r\n\t\t\t<\/div>\r\n\r\n\n<p>Els nens i nenes de EI3 quan arriben a l\u2019escola tenen una adaptaci\u00f3 normalment f\u00e0cil a l\u2019aula, per\u00f2 els costa molt m\u00e9s quan han de compartir espais amb els altres nens i nenes de l\u2019escola.<\/p>\n<p>Aquest fet s\u2019agreuja quan parlem de les festes que apleguen tothom amb activitats desconegudes per als petits. Poder establir una relaci\u00f3 amb els alumnes m\u00e9s grans els ajuda molt\u00edssim a fer el pas de la plena adaptaci\u00f3 a l\u2019escola.<\/p>\n<p>A EI4 i EI5, l\u2019experi\u00e8ncia positiva dels cursos anteriors es converteix en un bon punt de partida per continuar gaudint dels padrins i padrines. D\u2019aquesta manera, la seva col\u00b7laboraci\u00f3 durant les festes \u00e9s esperada tant per les mestres com pels propis infants, els quals van valorant cada cop m\u00e9s els vincles positius que estableixen.<\/p>\n<p>Per altra banda, cal remarcar que l\u2019objectiu pr\u00e0ctic i pedag\u00f2gic no \u00e9s nom\u00e9s en una direcci\u00f3. Si en un principi es va iniciar aquesta activitat pensant amb el benefici dels m\u00e9s petits, amb la pr\u00e0ctica d\u2019aquesta relaci\u00f3 hem constatat que tamb\u00e9 surten molt beneficiats els nens i nenes de 6\u00e8. Els vincles afectius que la majoria d\u2019ells estableixen i que els ajuda a formar-se en la responsabilitat, en l\u2019empatia, en l&#8217;acceptaci\u00f3 i la tendresa cap als m\u00e9s petits, els poden extrapolar com un sentiment positiu cap a l\u2019acceptaci\u00f3 i tendresa envers persones diferents i\/o m\u00e9s febles al llarg de la seva vida.<\/p>\n","protected":false},"excerpt":{"rendered":"<ul>\n<li class=\"slideshow_togglePlay\" data-play-text=\"Visualitza\" data-pause-text=\"Pausa\"><\/li>\n<\/ul>\n<p>Els nens i nenes de EI3 quan arriben a l\u2019escola tenen una adaptaci\u00f3 normalment f\u00e0cil a l\u2019aula, per\u00f2 els costa molt m\u00e9s quan han de compartir espais amb els altres nens i nenes de l\u2019escola.<br \/>\nAquest fet s\u2019agreuja quan parlem de les festes&hellip;  <a href=\"https:\/\/agora.xtec.cat\/ceipitaca\/projectes\/projecte-padrins\/\" title=\"Read Projecte Padrins\">Llegeix m\u00e9s\u00bb<\/a><\/p>\n","protected":false},"author":1,"featured_media":0,"parent":4303,"menu_order":11,"comment_status":"closed","ping_status":"closed","template":"page-templates\/side-menu.php","meta":{"_bbp_topic_count":0,"_bbp_reply_count":0,"_bbp_total_topic_count":0,"_bbp_total_reply_count":0,"_bbp_voice_count":0,"_bbp_anonymous_reply_count":0,"_bbp_topic_count_hidden":0,"_bbp_reply_count_hidden":0,"_bbp_forum_subforum_count":0,"footnotes":""},"class_list":["post-4269","page","type-page","status-publish","hentry"],"post_mailing_queue_ids":[],"_links":{"self":[{"href":"https:\/\/agora.xtec.cat\/ceipitaca\/wp-json\/wp\/v2\/pages\/4269","targetHints":{"allow":["GET"]}}],"collection":[{"href":"https:\/\/agora.xtec.cat\/ceipitaca\/wp-json\/wp\/v2\/pages"}],"about":[{"href":"https:\/\/agora.xtec.cat\/ceipitaca\/wp-json\/wp\/v2\/types\/page"}],"author":[{"embeddable":true,"href":"https:\/\/agora.xtec.cat\/ceipitaca\/wp-json\/wp\/v2\/users\/1"}],"replies":[{"embeddable":true,"href":"https:\/\/agora.xtec.cat\/ceipitaca\/wp-json\/wp\/v2\/comments?post=4269"}],"version-history":[{"count":4,"href":"https:\/\/agora.xtec.cat\/ceipitaca\/wp-json\/wp\/v2\/pages\/4269\/revisions"}],"predecessor-version":[{"id":22798,"href":"https:\/\/agora.xtec.cat\/ceipitaca\/wp-json\/wp\/v2\/pages\/4269\/revisions\/22798"}],"up":[{"embeddable":true,"href":"https:\/\/agora.xtec.cat\/ceipitaca\/wp-json\/wp\/v2\/pages\/4303"}],"wp:attachment":[{"href":"https:\/\/agora.xtec.cat\/ceipitaca\/wp-json\/wp\/v2\/media?parent=4269"}],"curies":[{"name":"wp","href":"https:\/\/api.w.org\/{rel}","templated":true}]}}