{"id":34,"date":"2014-09-18T12:32:18","date_gmt":"2014-09-18T12:32:18","guid":{"rendered":"http:\/\/agora.xtec.cat\/ceipitaca\/?page_id=34"},"modified":"2023-11-13T16:35:04","modified_gmt":"2023-11-13T15:35:04","slug":"oferta-educativa","status":"publish","type":"page","link":"https:\/\/agora.xtec.cat\/ceipitaca\/lescola\/oferta-educativa\/","title":{"rendered":"Oferta educativa"},"content":{"rendered":"<p>El centre \u00e9s de dues l\u00ednies, dos grups-classe per nivell, i ofereix ensenyament d&#8217;Educaci\u00f3 Infantil (3 &#8211; 6 anys) i d&#8217;Educaci\u00f3 Prim\u00e0ria (6 -12 anys).<\/p>\n<p>En acabar la prim\u00e0ria, els alumnes tenen garantida la continu\u00eftat a secund\u00e0ria en algun dels Instituts de secund\u00e0ria del districte:<\/p>\n<p><a href=\"https:\/\/agora.xtec.cat\/ieslescorts\/\" target=\"_blank\" rel=\"noopener\"><img loading=\"lazy\" decoding=\"async\" class=\"size-full wp-image-20577 alignleft\" src=\"https:\/\/agora.xtec.cat\/ceipitaca\/wp-content\/uploads\/usu141\/2022\/01\/Logo-Inslescorts60.png\" alt=\"\" width=\"142\" height=\"128\" \/><\/a><a href=\"http:\/\/www.institutpedralbes.cat\/\" target=\"_blank\" rel=\"noopener\"><img loading=\"lazy\" decoding=\"async\" class=\"size-medium wp-image-20578 alignleft\" src=\"https:\/\/agora.xtec.cat\/ceipitaca\/wp-content\/uploads\/usu141\/2022\/01\/pedralbes-300x107.jpg\" alt=\"\" width=\"300\" height=\"107\" srcset=\"https:\/\/agora.xtec.cat\/ceipitaca\/wp-content\/uploads\/usu141\/2022\/01\/pedralbes-300x107.jpg 300w, https:\/\/agora.xtec.cat\/ceipitaca\/wp-content\/uploads\/usu141\/2022\/01\/pedralbes.jpg 329w\" sizes=\"auto, (max-width: 300px) 100vw, 300px\" \/><\/a><\/p>\n<p>&nbsp;<\/p>\n<p>&nbsp;<\/p>\n<p style=\"text-align: left;\">(antics Joan Bosc\u00e0 i Institut Ausi\u00e0s March)<\/p>\n<p>&nbsp;<\/p>\n<p>&#8211;<a href=\"https:\/\/agora.xtec.cat\/ceipitaca\/categoria\/bloc-3\/\" target=\"_blank\" rel=\"noopener\">Blog EI3<\/a><\/p>\n<p>&#8211;<a href=\"https:\/\/agora.xtec.cat\/ceipitaca\/categoria\/ia\/\" target=\"_blank\" rel=\"noopener\">Blog EI4 i EI5<\/a><\/p>\n<p>&#8211;<a href=\"https:\/\/agora.xtec.cat\/ceipitaca\/categoria\/ci\/\" target=\"_blank\" rel=\"noopener\">Blog Cicle Inicial<\/a><\/p>\n<p>&#8211;<a href=\"https:\/\/agora.xtec.cat\/ceipitaca\/categoria\/cm\/\" target=\"_blank\" rel=\"noopener\">Blog Cicle Mitj\u00e0<\/a><\/p>\n<p>&#8211;<a href=\"https:\/\/agora.xtec.cat\/ceipitaca\/categoria\/cs\/\" target=\"_blank\" rel=\"noopener\">Blog Cicle Superior<\/a><\/p>\n<p>&#8211;<a href=\"https:\/\/agora.xtec.cat\/ceipitaca\/categoria\/bloc-r\/\" target=\"_blank\" rel=\"noopener\">Blog Rob\u00f2tica<\/a><\/p>\n<p>&#8211;<a href=\"https:\/\/agora.xtec.cat\/ceipitaca\/categoria\/educacio-fisica\/\" target=\"_blank\" rel=\"noopener\">Blog Educaci\u00f3 F\u00edsica<\/a><\/p>\n<p>&#8211;<a href=\"https:\/\/agora.xtec.cat\/ceipitaca\/categoria\/angles\/\" target=\"_blank\" rel=\"noopener\">Blog d&#8217;Angl\u00e8s<\/a><\/p>\n","protected":false},"excerpt":{"rendered":"<p>El centre \u00e9s de dues l\u00ednies, dos grups-classe per nivell, i ofereix ensenyament d&#8217;Educaci\u00f3 Infantil (3 &#8211; 6 anys) i d&#8217;Educaci\u00f3 Prim\u00e0ria (6 -12 anys).<br \/>\nEn acabar la prim\u00e0ria, els alumnes tenen garantida la continu\u00eftat a secund\u00e0ria en algun dels Instituts de secund\u00e0ria del districte:<br \/>\n<a href=\"https:\/\/agora.xtec.cat\/ieslescorts\/\"&hellip;  <a href=\"https:\/\/agora.xtec.cat\/ceipitaca\/lescola\/oferta-educativa\/\" title=\"Read Oferta educativa\">Llegeix m\u00e9s\u00bb<\/a><\/p>\n","protected":false},"author":2,"featured_media":0,"parent":22,"menu_order":3,"comment_status":"closed","ping_status":"closed","template":"page-templates\/side-menu.php","meta":{"_bbp_topic_count":0,"_bbp_reply_count":0,"_bbp_total_topic_count":0,"_bbp_total_reply_count":0,"_bbp_voice_count":0,"_bbp_anonymous_reply_count":0,"_bbp_topic_count_hidden":0,"_bbp_reply_count_hidden":0,"_bbp_forum_subforum_count":0,"footnotes":""},"class_list":["post-34","page","type-page","status-publish","hentry"],"post_mailing_queue_ids":[],"_links":{"self":[{"href":"https:\/\/agora.xtec.cat\/ceipitaca\/wp-json\/wp\/v2\/pages\/34","targetHints":{"allow":["GET"]}}],"collection":[{"href":"https:\/\/agora.xtec.cat\/ceipitaca\/wp-json\/wp\/v2\/pages"}],"about":[{"href":"https:\/\/agora.xtec.cat\/ceipitaca\/wp-json\/wp\/v2\/types\/page"}],"author":[{"embeddable":true,"href":"https:\/\/agora.xtec.cat\/ceipitaca\/wp-json\/wp\/v2\/users\/2"}],"replies":[{"embeddable":true,"href":"https:\/\/agora.xtec.cat\/ceipitaca\/wp-json\/wp\/v2\/comments?post=34"}],"version-history":[{"count":3,"href":"https:\/\/agora.xtec.cat\/ceipitaca\/wp-json\/wp\/v2\/pages\/34\/revisions"}],"predecessor-version":[{"id":20762,"href":"https:\/\/agora.xtec.cat\/ceipitaca\/wp-json\/wp\/v2\/pages\/34\/revisions\/20762"}],"up":[{"embeddable":true,"href":"https:\/\/agora.xtec.cat\/ceipitaca\/wp-json\/wp\/v2\/pages\/22"}],"wp:attachment":[{"href":"https:\/\/agora.xtec.cat\/ceipitaca\/wp-json\/wp\/v2\/media?parent=34"}],"curies":[{"name":"wp","href":"https:\/\/api.w.org\/{rel}","templated":true}]}}