{"id":26,"date":"2014-09-18T12:24:32","date_gmt":"2014-09-18T12:24:32","guid":{"rendered":"http:\/\/agora.xtec.cat\/ceipitaca\/?page_id=26"},"modified":"2023-11-13T16:34:47","modified_gmt":"2023-11-13T15:34:47","slug":"historia","status":"publish","type":"page","link":"https:\/\/agora.xtec.cat\/ceipitaca\/lescola\/historia\/","title":{"rendered":"Hist\u00f2ria"},"content":{"rendered":"<p>&nbsp;<\/p>\n<p class=\"western\" lang=\"ca-ES\"><span style=\"font-family: Arial, sans-serif;\">L\u2019escola Itaca est\u00e0 situada al districte de Les Corts, \u00e9s una escola p\u00fablica i participa de forma activa de diverses activitats del barri. <\/span><\/p>\n<p class=\"western\" lang=\"en-GB\"><span style=\"font-family: Arial, sans-serif;\"><span lang=\"ca-ES\">L\u2019escola va ser fundada l\u2019any 1976 dins el col\u00b7lectiu d\u2019escoles CEPEPC i <\/span><\/span><span style=\"color: #333333;\"><span style=\"font-family: Arial, sans-serif;\"><span lang=\"ca-ES\"> als seus inicis va ocupar un petit edifici del carrer Benavent, posteriorment va ocupar l&#8217;edifici de la masia del Mas Puj\u00f3 i, finalment, al 1991 es va traslladar a l&#8217;edifici que ara ocupa. <\/span><\/span><\/span><span style=\"font-family: Arial, sans-serif;\"><span lang=\"ca-ES\">Es va integrar a la xarxa p\u00fablica l\u2019any 1987. Al llarg de tota la seva hist\u00f2ria, la nostra escola ha valorat l&#8217;inter\u00e8s cultural i pedag\u00f2gic de les festes populars catalanes per la qual cosa estan integrades dins de la nostra l\u00ednia pedag\u00f2gica.<\/span><\/span><\/p>\n<p>\u00a0<a href=\"https:\/\/agora.xtec.cat\/ceipitaca\/wp-content\/uploads\/usu141\/2022\/02\/cole.jpg\"><img loading=\"lazy\" decoding=\"async\" class=\"aligncenter size-large wp-image-20766\" src=\"https:\/\/agora.xtec.cat\/ceipitaca\/wp-content\/uploads\/usu141\/2022\/02\/cole-1024x536.jpg\" alt=\"\" width=\"1024\" height=\"536\" srcset=\"https:\/\/agora.xtec.cat\/ceipitaca\/wp-content\/uploads\/usu141\/2022\/02\/cole-1024x536.jpg 1024w, https:\/\/agora.xtec.cat\/ceipitaca\/wp-content\/uploads\/usu141\/2022\/02\/cole-300x157.jpg 300w, https:\/\/agora.xtec.cat\/ceipitaca\/wp-content\/uploads\/usu141\/2022\/02\/cole-768x402.jpg 768w, https:\/\/agora.xtec.cat\/ceipitaca\/wp-content\/uploads\/usu141\/2022\/02\/cole.jpg 1200w\" sizes=\"auto, (max-width: 1024px) 100vw, 1024px\" \/><\/a><\/p>\n","protected":false},"excerpt":{"rendered":"<p>&nbsp;<br \/>\nL\u2019escola Itaca est\u00e0 situada al districte de Les Corts, \u00e9s una escola p\u00fablica i participa de forma activa de diverses activitats del barri.<br \/>\nL\u2019escola va ser fundada l\u2019any 1976 dins el col\u00b7lectiu d\u2019escoles CEPEPC i  als seus inicis va ocupar un petit edifici del&hellip;  <a href=\"https:\/\/agora.xtec.cat\/ceipitaca\/lescola\/historia\/\" title=\"Read Hist\u00f2ria\">Llegeix m\u00e9s\u00bb<\/a><\/p>\n","protected":false},"author":2,"featured_media":0,"parent":22,"menu_order":2,"comment_status":"closed","ping_status":"closed","template":"page-templates\/side-menu.php","meta":{"_bbp_topic_count":0,"_bbp_reply_count":0,"_bbp_total_topic_count":0,"_bbp_total_reply_count":0,"_bbp_voice_count":0,"_bbp_anonymous_reply_count":0,"_bbp_topic_count_hidden":0,"_bbp_reply_count_hidden":0,"_bbp_forum_subforum_count":0,"footnotes":""},"class_list":["post-26","page","type-page","status-publish","hentry"],"post_mailing_queue_ids":[],"_links":{"self":[{"href":"https:\/\/agora.xtec.cat\/ceipitaca\/wp-json\/wp\/v2\/pages\/26","targetHints":{"allow":["GET"]}}],"collection":[{"href":"https:\/\/agora.xtec.cat\/ceipitaca\/wp-json\/wp\/v2\/pages"}],"about":[{"href":"https:\/\/agora.xtec.cat\/ceipitaca\/wp-json\/wp\/v2\/types\/page"}],"author":[{"embeddable":true,"href":"https:\/\/agora.xtec.cat\/ceipitaca\/wp-json\/wp\/v2\/users\/2"}],"replies":[{"embeddable":true,"href":"https:\/\/agora.xtec.cat\/ceipitaca\/wp-json\/wp\/v2\/comments?post=26"}],"version-history":[{"count":3,"href":"https:\/\/agora.xtec.cat\/ceipitaca\/wp-json\/wp\/v2\/pages\/26\/revisions"}],"predecessor-version":[{"id":20768,"href":"https:\/\/agora.xtec.cat\/ceipitaca\/wp-json\/wp\/v2\/pages\/26\/revisions\/20768"}],"up":[{"embeddable":true,"href":"https:\/\/agora.xtec.cat\/ceipitaca\/wp-json\/wp\/v2\/pages\/22"}],"wp:attachment":[{"href":"https:\/\/agora.xtec.cat\/ceipitaca\/wp-json\/wp\/v2\/media?parent=26"}],"curies":[{"name":"wp","href":"https:\/\/api.w.org\/{rel}","templated":true}]}}