{"id":23095,"date":"2025-09-23T11:38:03","date_gmt":"2025-09-23T09:38:03","guid":{"rendered":"https:\/\/agora.xtec.cat\/ceipitaca\/?page_id=23095"},"modified":"2025-09-23T12:19:24","modified_gmt":"2025-09-23T10:19:24","slug":"menys-pantalla-mes-vida","status":"publish","type":"page","link":"https:\/\/agora.xtec.cat\/ceipitaca\/recomanacions\/menys-pantalla-mes-vida\/","title":{"rendered":"Menys pantalla, m\u00e9s vida!"},"content":{"rendered":"<p>Com b\u00e9 sabeu, aquest curs el<strong> Departament d\u2019Educaci\u00f3 i Formaci\u00f3 Professional ha impulsat el<a href=\"https:\/\/educacio.gencat.cat\/ca\/departament\/linies-estrategiques\/pla-digitalitzacio-responsable\/index.html\" target=\"_blank\" rel=\"noopener\"> Pla de digitalitzaci\u00f3 responsable<\/a><\/strong>, amb l\u2019objectiu d\u2019assegurar que l\u2019alumnat adquireixi la compet\u00e8ncia digital i, alhora, promoure un \u00fas adequat, \u00e8tic, saludable i responsable dels dispositius. La tecnologia ha de ser una eina al servei de l\u2019aprenentatge, i aquest pla ens ajuda a orientar-nos en aquesta direcci\u00f3.<\/p>\n<p>El Pla de digitalitzaci\u00f3 responsable interpel\u00b7la tota la comunitat educativa, i especialment les fam\u00edlies, que sou un element clau en l\u2019acompanyament dels vostres fills i filles. Per aquest motiu, <strong>el Departament ha elaborat una <a href=\"https:\/\/educacio.gencat.cat\/web\/.content\/home\/departament\/linies-estrategiques\/pla-digitalitzacio-responsable\/guia-families.pdf\" target=\"_blank\" rel=\"noopener\">guia<\/a> pr\u00e0ctica amb recomanacions i recursos per donar-vos suport en aquest proc\u00e9s.<\/strong><\/p>\n<p>Des de l\u2019escola us la fem arribar perqu\u00e8 la pugueu consultar i aplicar a casa. Entre tots i totes, podem garantir un \u00fas de la tecnologia que sigui realment positiu i enriquidor per als infants. Seguidament, podreu accedir a la guia. Tanmateix, trobareu un videoresum que tamb\u00e9 ens ha fet arribar el Departament.<\/p>\n<p><a href=\"https:\/\/educacio.gencat.cat\/web\/.content\/home\/departament\/linies-estrategiques\/pla-digitalitzacio-responsable\/guia-families.pdf\"><img loading=\"lazy\" decoding=\"async\" class=\"alignnone wp-image-23097\" src=\"https:\/\/agora.xtec.cat\/ceipitaca\/wp-content\/uploads\/usu141\/2025\/09\/Captura-de-pantalla-2025-09-23-113504.png\" alt=\"\" width=\"489\" height=\"66\" srcset=\"https:\/\/agora.xtec.cat\/ceipitaca\/wp-content\/uploads\/usu141\/2025\/09\/Captura-de-pantalla-2025-09-23-113504.png 831w, https:\/\/agora.xtec.cat\/ceipitaca\/wp-content\/uploads\/usu141\/2025\/09\/Captura-de-pantalla-2025-09-23-113504-300x40.png 300w, https:\/\/agora.xtec.cat\/ceipitaca\/wp-content\/uploads\/usu141\/2025\/09\/Captura-de-pantalla-2025-09-23-113504-768x104.png 768w\" sizes=\"auto, (max-width: 489px) 100vw, 489px\" \/><\/a><\/p>\n<p><iframe loading=\"lazy\" title=\"Menys pantalla, m\u00e9s vida | Pla de digitalitzaci\u00f3 responsable\" width=\"500\" height=\"281\" src=\"https:\/\/www.youtube.com\/embed\/wn7_gVc0FQc?feature=oembed\" frameborder=\"0\" allow=\"accelerometer; autoplay; clipboard-write; encrypted-media; gyroscope; picture-in-picture; web-share\" referrerpolicy=\"strict-origin-when-cross-origin\" allowfullscreen><\/iframe><\/p>\n","protected":false},"excerpt":{"rendered":"<p>Com b\u00e9 sabeu, aquest curs el Departament d\u2019Educaci\u00f3 i Formaci\u00f3 Professional ha impulsat el<a href=\"https:\/\/educacio.gencat.cat\/ca\/departament\/linies-estrategiques\/pla-digitalitzacio-responsable\/index.html\" target=\"_blank\" rel=\"noopener\"> Pla de digitalitzaci\u00f3 responsable<\/a>, amb l\u2019objectiu d\u2019assegurar que l\u2019alumnat adquireixi la compet\u00e8ncia digital i, alhora, promoure un \u00fas adequat, \u00e8tic, saludable i responsable dels dispositius. La tecnologia ha&hellip;  <a href=\"https:\/\/agora.xtec.cat\/ceipitaca\/recomanacions\/menys-pantalla-mes-vida\/\" title=\"Read Menys pantalla, m\u00e9s vida!\">Llegeix m\u00e9s\u00bb<\/a><\/p>\n","protected":false},"author":60,"featured_media":0,"parent":22993,"menu_order":2,"comment_status":"closed","ping_status":"closed","template":"page-templates\/side-menu.php","meta":{"_bbp_topic_count":0,"_bbp_reply_count":0,"_bbp_total_topic_count":0,"_bbp_total_reply_count":0,"_bbp_voice_count":0,"_bbp_anonymous_reply_count":0,"_bbp_topic_count_hidden":0,"_bbp_reply_count_hidden":0,"_bbp_forum_subforum_count":0,"footnotes":""},"class_list":["post-23095","page","type-page","status-publish","hentry"],"post_mailing_queue_ids":[],"_links":{"self":[{"href":"https:\/\/agora.xtec.cat\/ceipitaca\/wp-json\/wp\/v2\/pages\/23095","targetHints":{"allow":["GET"]}}],"collection":[{"href":"https:\/\/agora.xtec.cat\/ceipitaca\/wp-json\/wp\/v2\/pages"}],"about":[{"href":"https:\/\/agora.xtec.cat\/ceipitaca\/wp-json\/wp\/v2\/types\/page"}],"author":[{"embeddable":true,"href":"https:\/\/agora.xtec.cat\/ceipitaca\/wp-json\/wp\/v2\/users\/60"}],"replies":[{"embeddable":true,"href":"https:\/\/agora.xtec.cat\/ceipitaca\/wp-json\/wp\/v2\/comments?post=23095"}],"version-history":[{"count":5,"href":"https:\/\/agora.xtec.cat\/ceipitaca\/wp-json\/wp\/v2\/pages\/23095\/revisions"}],"predecessor-version":[{"id":23103,"href":"https:\/\/agora.xtec.cat\/ceipitaca\/wp-json\/wp\/v2\/pages\/23095\/revisions\/23103"}],"up":[{"embeddable":true,"href":"https:\/\/agora.xtec.cat\/ceipitaca\/wp-json\/wp\/v2\/pages\/22993"}],"wp:attachment":[{"href":"https:\/\/agora.xtec.cat\/ceipitaca\/wp-json\/wp\/v2\/media?parent=23095"}],"curies":[{"name":"wp","href":"https:\/\/api.w.org\/{rel}","templated":true}]}}