{"id":22998,"date":"2025-06-17T11:57:13","date_gmt":"2025-06-17T09:57:13","guid":{"rendered":"https:\/\/agora.xtec.cat\/ceipitaca\/?page_id=22998"},"modified":"2025-06-17T12:06:01","modified_gmt":"2025-06-17T10:06:01","slug":"lectures","status":"publish","type":"page","link":"https:\/\/agora.xtec.cat\/ceipitaca\/recomanacions\/lectures\/","title":{"rendered":"Lectures"},"content":{"rendered":"<p data-start=\"426\" data-end=\"775\">Us compartim una nova selecci\u00f3 de llibres del recull <strong data-start=\"479\" data-end=\"495\">La Granera 4<\/strong>, elaborat pel Seminari de Bibliografia Infantil i Juvenil de l\u2019Associaci\u00f3 de Mestres Rosa Sensat. Hi trobareu <strong data-start=\"606\" data-end=\"680\">propostes liter\u00e0ries de gran qualitat per a cicle superior de prim\u00e0ria<\/strong>, amb lectures que promouen el pensament cr\u00edtic, l\u2019empatia, l\u2019aventura i l\u2019amor per la lectura.<\/p>\n<p data-start=\"777\" data-end=\"1060\">Entre les recomanacions hi ha cl\u00e0ssics revisitats, c\u00f2mics, \u00e0lbums il\u00b7lustrats i novel\u00b7les contempor\u00e0nies que aborden temes com la guerra, la immigraci\u00f3, la diversitat, l\u2019amistat, la natura o el feminisme. Una tria diversa per continuar llegint i gaudint en qualsevol moment de l\u2019any.<\/p>\n<p data-start=\"1062\" data-end=\"1151\">\ud83d\udcc4 Podeu consultar el recull complet aqu\u00ed: <a href=\"https:\/\/drive.google.com\/file\/d\/1KPqfIibfDDqBUc0AAnpCzVImTTYTNK5G\/view?usp=drive_link\">Descarrega La Granera 4 (PDF)<\/a><\/p>\n","protected":false},"excerpt":{"rendered":"<p>Us compartim una nova selecci\u00f3 de llibres del recull La Granera 4, elaborat pel Seminari de Bibliografia Infantil i Juvenil de l\u2019Associaci\u00f3 de Mestres Rosa Sensat. Hi trobareu propostes liter\u00e0ries de gran qualitat per a cicle superior de prim\u00e0ria, amb lectures que promouen el pensament&hellip;  <a href=\"https:\/\/agora.xtec.cat\/ceipitaca\/recomanacions\/lectures\/\" title=\"Read Lectures\">Llegeix m\u00e9s\u00bb<\/a><\/p>\n","protected":false},"author":1,"featured_media":0,"parent":22993,"menu_order":1,"comment_status":"closed","ping_status":"closed","template":"page-templates\/side-menu.php","meta":{"_bbp_topic_count":0,"_bbp_reply_count":0,"_bbp_total_topic_count":0,"_bbp_total_reply_count":0,"_bbp_voice_count":0,"_bbp_anonymous_reply_count":0,"_bbp_topic_count_hidden":0,"_bbp_reply_count_hidden":0,"_bbp_forum_subforum_count":0,"footnotes":""},"class_list":["post-22998","page","type-page","status-publish","hentry"],"post_mailing_queue_ids":[],"_links":{"self":[{"href":"https:\/\/agora.xtec.cat\/ceipitaca\/wp-json\/wp\/v2\/pages\/22998","targetHints":{"allow":["GET"]}}],"collection":[{"href":"https:\/\/agora.xtec.cat\/ceipitaca\/wp-json\/wp\/v2\/pages"}],"about":[{"href":"https:\/\/agora.xtec.cat\/ceipitaca\/wp-json\/wp\/v2\/types\/page"}],"author":[{"embeddable":true,"href":"https:\/\/agora.xtec.cat\/ceipitaca\/wp-json\/wp\/v2\/users\/1"}],"replies":[{"embeddable":true,"href":"https:\/\/agora.xtec.cat\/ceipitaca\/wp-json\/wp\/v2\/comments?post=22998"}],"version-history":[{"count":2,"href":"https:\/\/agora.xtec.cat\/ceipitaca\/wp-json\/wp\/v2\/pages\/22998\/revisions"}],"predecessor-version":[{"id":23001,"href":"https:\/\/agora.xtec.cat\/ceipitaca\/wp-json\/wp\/v2\/pages\/22998\/revisions\/23001"}],"up":[{"embeddable":true,"href":"https:\/\/agora.xtec.cat\/ceipitaca\/wp-json\/wp\/v2\/pages\/22993"}],"wp:attachment":[{"href":"https:\/\/agora.xtec.cat\/ceipitaca\/wp-json\/wp\/v2\/media?parent=22998"}],"curies":[{"name":"wp","href":"https:\/\/api.w.org\/{rel}","templated":true}]}}