{"id":22802,"date":"2025-02-18T12:44:11","date_gmt":"2025-02-18T11:44:11","guid":{"rendered":"https:\/\/agora.xtec.cat\/ceipitaca\/?page_id=22802"},"modified":"2025-02-18T12:44:11","modified_gmt":"2025-02-18T11:44:11","slug":"padrins-lectors","status":"publish","type":"page","link":"https:\/\/agora.xtec.cat\/ceipitaca\/projectes\/padrins-lectors\/","title":{"rendered":"PADRINS LECTORS"},"content":{"rendered":"<p data-pm-slice=\"1 1 []\">A la nostra escola, creiem fermament en la import\u00e0ncia de la lectura com a eina fonamental per al desenvolupament dels infants. Per aquest motiu, duem a terme el projecte dels <strong>Padrins Lectors<\/strong>, una iniciativa que fomenta la lectura compartida entre l&#8217;alumnat de diferents edats.<\/p>\n<p>Cada curs, els nens i nenes de <strong>5\u00e8 de prim\u00e0ria<\/strong> es converteixen en padrins i padrines de lectura dels alumnes de <strong>2n de prim\u00e0ria<\/strong>. L&#8217;objectiu principal d&#8217;aquest projecte \u00e9s incentivar l&#8217;h\u00e0bit lector entre els m\u00e9s petits, alhora que es refor\u00e7a la responsabilitat i l&#8217;empatia dels m\u00e9s grans.<\/p>\n<p>Durant les sessions de lectura, els padrins i fillols es troben peri\u00f2dicament per compartir moments de lectura. Els alumnes de 5\u00e8 ajuden als de 2n a millorar la seva flu\u00efdesa lectora, la comprensi\u00f3 dels textos i el gust per la lectura. A m\u00e9s, aquesta activitat tamb\u00e9 afavoreix el vincle entre l&#8217;alumnat, creant una relaci\u00f3 de confian\u00e7a i col\u00b7laboraci\u00f3 entre ells.<\/p>\n<p>El projecte dels Padrins Lectors \u00e9s una experi\u00e8ncia molt enriquidora per a tots els participants, ja que no nom\u00e9s contribueix a l&#8217;aprenentatge de la lectura, sin\u00f3 que tamb\u00e9 fomenta valors com la cooperaci\u00f3, la paci\u00e8ncia i el respecte.<\/p>\n<p><a href=\"https:\/\/agora.xtec.cat\/ceipitaca\/wp-content\/uploads\/usu141\/2025\/02\/Captura-de-pantalla-2025-02-18-124232.png\"><img loading=\"lazy\" decoding=\"async\" class=\"aligncenter  wp-image-22803\" src=\"https:\/\/agora.xtec.cat\/ceipitaca\/wp-content\/uploads\/usu141\/2025\/02\/Captura-de-pantalla-2025-02-18-124232.png\" alt=\"\" width=\"340\" height=\"457\" srcset=\"https:\/\/agora.xtec.cat\/ceipitaca\/wp-content\/uploads\/usu141\/2025\/02\/Captura-de-pantalla-2025-02-18-124232.png 648w, https:\/\/agora.xtec.cat\/ceipitaca\/wp-content\/uploads\/usu141\/2025\/02\/Captura-de-pantalla-2025-02-18-124232-223x300.png 223w\" sizes=\"auto, (max-width: 340px) 100vw, 340px\" \/><\/a><\/p>\n","protected":false},"excerpt":{"rendered":"<p>A la nostra escola, creiem fermament en la import\u00e0ncia de la lectura com a eina fonamental per al desenvolupament dels infants. Per aquest motiu, duem a terme el projecte dels Padrins Lectors, una iniciativa que fomenta la lectura compartida entre l&#8217;alumnat de diferents edats.<br \/>\nCada curs,&hellip;  <a href=\"https:\/\/agora.xtec.cat\/ceipitaca\/projectes\/padrins-lectors\/\" title=\"Read PADRINS LECTORS\">Llegeix m\u00e9s\u00bb<\/a><\/p>\n","protected":false},"author":1,"featured_media":0,"parent":4303,"menu_order":10,"comment_status":"closed","ping_status":"closed","template":"page-templates\/side-menu.php","meta":{"_bbp_topic_count":0,"_bbp_reply_count":0,"_bbp_total_topic_count":0,"_bbp_total_reply_count":0,"_bbp_voice_count":0,"_bbp_anonymous_reply_count":0,"_bbp_topic_count_hidden":0,"_bbp_reply_count_hidden":0,"_bbp_forum_subforum_count":0,"footnotes":""},"class_list":["post-22802","page","type-page","status-publish","hentry"],"post_mailing_queue_ids":[],"_links":{"self":[{"href":"https:\/\/agora.xtec.cat\/ceipitaca\/wp-json\/wp\/v2\/pages\/22802","targetHints":{"allow":["GET"]}}],"collection":[{"href":"https:\/\/agora.xtec.cat\/ceipitaca\/wp-json\/wp\/v2\/pages"}],"about":[{"href":"https:\/\/agora.xtec.cat\/ceipitaca\/wp-json\/wp\/v2\/types\/page"}],"author":[{"embeddable":true,"href":"https:\/\/agora.xtec.cat\/ceipitaca\/wp-json\/wp\/v2\/users\/1"}],"replies":[{"embeddable":true,"href":"https:\/\/agora.xtec.cat\/ceipitaca\/wp-json\/wp\/v2\/comments?post=22802"}],"version-history":[{"count":1,"href":"https:\/\/agora.xtec.cat\/ceipitaca\/wp-json\/wp\/v2\/pages\/22802\/revisions"}],"predecessor-version":[{"id":22804,"href":"https:\/\/agora.xtec.cat\/ceipitaca\/wp-json\/wp\/v2\/pages\/22802\/revisions\/22804"}],"up":[{"embeddable":true,"href":"https:\/\/agora.xtec.cat\/ceipitaca\/wp-json\/wp\/v2\/pages\/4303"}],"wp:attachment":[{"href":"https:\/\/agora.xtec.cat\/ceipitaca\/wp-json\/wp\/v2\/media?parent=22802"}],"curies":[{"name":"wp","href":"https:\/\/api.w.org\/{rel}","templated":true}]}}