{"id":22790,"date":"2025-02-17T09:55:11","date_gmt":"2025-02-17T08:55:11","guid":{"rendered":"https:\/\/agora.xtec.cat\/ceipitaca\/?page_id=22790"},"modified":"2025-02-24T09:51:14","modified_gmt":"2025-02-24T08:51:14","slug":"pes-24-25-objectius-de-desenvolupament-sostenible","status":"publish","type":"page","link":"https:\/\/agora.xtec.cat\/ceipitaca\/projectes\/pes\/pes-24-25-objectius-de-desenvolupament-sostenible\/","title":{"rendered":"PES 24-25 (Objectius de Desenvolupament Sostenible)"},"content":{"rendered":"<h3><span style=\"color: #3366ff;\">OBJECTIUS DE DESENVOLUPAMENT SOSTENIBLE (ODS)<\/span><\/h3>\n<p>El curs 24\/25 el tema del PES s\u00f3n els objectius de desenvolupament sostenible (ODS). Aqu\u00ed teniu un <a href=\"https:\/\/www.youtube.com\/watch?v=1sYBOUJKaU4\">v\u00eddeo de l&#8217;exposici\u00f3 d&#8217;aquest curs:<\/a><\/p>\n<p><iframe loading=\"lazy\" src=\"\/\/www.youtube.com\/embed\/1sYBOUJKaU4\" width=\"560\" height=\"314\" allowfullscreen=\"allowfullscreen\"><\/iframe><\/p>\n<p>Els ODS s\u00f3n disset objectius de car\u00e0cter ambiental, social i econ\u00f2mic que guien la implementaci\u00f3 de l&#8217;Agenda 2030. Tots els objectius estan molt relacionats: per avan\u00e7ar en un cal avan\u00e7ar tamb\u00e9 en d&#8217;altres. Volen ser unes fites concises, f\u00e0cils de comunicar, orientades a l&#8217;acci\u00f3 i aplicables a tots els pa\u00efsos. Si en vols saber m\u00e9s, pots consultar <a href=\"https:\/\/educacio.gencat.cat\/ca\/departament\/linies-estrategiques\/ods\/els-17-ods\/\">aquesta p\u00e0gina web<\/a> del Departament.<\/p>\n<p>Cada cicle va escollir uns ODS (detallats en el seg\u00fcent quadre) i els noms de les classes van ser inspirats al voltant d\u2019aquests. En la seva majoria, van ser escollits pel propi alumnat.<\/p>\n<table style=\"border-collapse: collapse; width: 59.7298%; height: 703px;\">\n<tbody>\n<tr style=\"height: 32px;\">\n<td style=\"width: 56.9716%; height: 32px;\" colspan=\"2\"><strong>EDUCACI\u00d3 INFANTIL<\/strong><\/p>\n<p><strong><b>ODS 15 <\/b>(Cura dels ecosistemes terrestres)<\/strong><\/td>\n<\/tr>\n<tr style=\"height: 32px;\">\n<td style=\"width: 19.4595%; height: 32px;\">EI3A<\/td>\n<td style=\"width: 37.5121%; height: 32px;\">Saltamarins<\/td>\n<\/tr>\n<tr style=\"height: 32px;\">\n<td style=\"width: 19.4595%; height: 32px;\">EI3B<\/td>\n<td style=\"width: 37.5121%; height: 32px;\">Papallones<\/td>\n<\/tr>\n<tr style=\"height: 32px;\">\n<td style=\"width: 19.4595%; height: 32px;\">EI4A<\/td>\n<td style=\"width: 37.5121%; height: 32px;\">Marietes<\/td>\n<\/tr>\n<tr style=\"height: 32px;\">\n<td style=\"width: 19.4595%; height: 32px;\">EI4B<\/td>\n<td style=\"width: 37.5121%; height: 32px;\">Aranyes<\/td>\n<\/tr>\n<tr style=\"height: 32px;\">\n<td style=\"width: 19.4595%; height: 32px;\">EI5A<\/td>\n<td style=\"width: 37.5121%; height: 32px;\">Abelles<\/td>\n<\/tr>\n<tr style=\"height: 32px;\">\n<td style=\"width: 19.4595%; height: 32px;\">EI5B<\/td>\n<td style=\"width: 37.5121%; height: 32px;\">Lib\u00e8l\u00b7lules<\/td>\n<\/tr>\n<tr style=\"height: 32px;\">\n<td style=\"width: 56.9716%; height: 32px;\" colspan=\"2\"><strong>CICLE INICIAL<\/strong><\/p>\n<p><b>ODS 2:<\/b><strong> Fam zero<\/strong><\/p>\n<p><b>ODS 3:<\/b><strong> Salut i Benestar<\/strong><\/td>\n<\/tr>\n<tr style=\"height: 32px;\">\n<td style=\"width: 19.4595%; height: 32px;\">1r A<\/td>\n<td style=\"width: 37.5121%; height: 32px;\">Taronges<\/td>\n<\/tr>\n<tr style=\"height: 32px;\">\n<td style=\"width: 19.4595%; height: 32px;\">1r B<\/td>\n<td style=\"width: 37.5121%; height: 32px;\">Ra\u00efms<\/td>\n<\/tr>\n<tr style=\"height: 32px;\">\n<td style=\"width: 19.4595%; height: 32px;\">2n A<\/td>\n<td style=\"width: 37.5121%; height: 32px;\">Maduixes<\/td>\n<\/tr>\n<tr style=\"height: 32px;\">\n<td style=\"width: 19.4595%; height: 32px;\">2n B<\/td>\n<td style=\"width: 37.5121%; height: 32px;\">Cocos<\/td>\n<\/tr>\n<tr style=\"height: 32px;\">\n<td style=\"width: 56.9716%; height: 32px;\" colspan=\"2\"><strong>CICLE MITJ\u00c0<\/strong><\/p>\n<p><strong>ODS 1: Fam zero\u00a0<\/strong><\/p>\n<p><strong>ODS 4:\u00a0Educaci\u00f3 de qualitat<\/strong><\/p>\n<p><strong>ODS 5 i 10:\u00a0Igualtat de g\u00e8nere i reducci\u00f3 de les desigualtats.<\/strong><\/p>\n<p><strong>ODS 8:\u00a0Treball decent\u00a0<\/strong><\/p>\n<p><strong>ODS 12:\u00a0Producci\u00f3 i consum responsable<\/strong><\/p>\n<p><strong>ODS 16: Promoure societats justes, pac\u00edfiques i inclusives<\/strong><\/td>\n<\/tr>\n<tr style=\"height: 32px;\">\n<td style=\"width: 19.4595%; height: 32px;\">3r A<\/td>\n<td style=\"width: 37.5121%; height: 32px;\">La igualtat de g\u00e8nere<\/td>\n<\/tr>\n<tr style=\"height: 32px;\">\n<td style=\"width: 19.4595%; height: 32px;\">3r B<\/td>\n<td style=\"width: 37.5121%; height: 32px;\">Les Nacions Unides<\/td>\n<\/tr>\n<tr style=\"height: 32px;\">\n<td style=\"width: 19.4595%; height: 32px;\">4t A<\/td>\n<td style=\"width: 37.5121%; height: 32px;\">Guardians del futur<\/td>\n<\/tr>\n<tr style=\"height: 32px;\">\n<td style=\"width: 19.4595%; height: 32px;\">4t B<\/td>\n<td style=\"width: 37.5121%; height: 32px;\">Guardians del planeta<\/td>\n<\/tr>\n<tr style=\"height: 32px;\">\n<td style=\"width: 56.9716%; height: 32px;\" colspan=\"2\"><strong>CICLE SUPERIOR<\/strong><\/p>\n<p><strong>ODS 12: Producci\u00f3 i consum responsable<\/strong><\/p>\n<p><strong>ODS 11:\u00a0Ciutats i comunitats sostenibles<\/strong><\/p>\n<p><strong>ODS 13:\u00a0Acci\u00f3 pel clima<\/strong><\/p>\n<p><strong>\u00a0ODS 14:\u00a0Vida Submarina<\/strong><\/td>\n<\/tr>\n<tr style=\"height: 32px;\">\n<td style=\"width: 19.4595%; height: 31px;\">5\u00e8 A<\/td>\n<td style=\"width: 37.5121%; height: 31px;\">Mala Yosafzai<\/td>\n<\/tr>\n<tr style=\"height: 32px;\">\n<td style=\"width: 19.4595%; height: 32px;\">5\u00e8 B<\/td>\n<td style=\"width: 37.5121%; height: 32px;\">Jos\u00e9 Andr\u00e9s<\/td>\n<\/tr>\n<tr style=\"height: 32px;\">\n<td style=\"width: 19.4595%; height: 32px;\">6\u00e8 A<\/td>\n<td style=\"width: 37.5121%; height: 32px;\">Olia Mandle<\/td>\n<\/tr>\n<tr style=\"height: 32px;\">\n<td style=\"width: 19.4595%; height: 32px;\">6\u00e8 B<\/td>\n<td style=\"width: 37.5121%; height: 32px;\">Nelson Mandela<\/td>\n<\/tr>\n<\/tbody>\n<\/table>\n<p>&nbsp;<\/p>\n","protected":false},"excerpt":{"rendered":"<p>OBJECTIUS DE DESENVOLUPAMENT SOSTENIBLE (ODS)<br \/>\nEl curs 24\/25 el tema del PES s\u00f3n els objectius de desenvolupament sostenible (ODS). Aqu\u00ed teniu un <a href=\"https:\/\/www.youtube.com\/watch?v=1sYBOUJKaU4\">v\u00eddeo de l&#8217;exposici\u00f3 d&#8217;aquest curs:<\/a><\/p>\n<p>Els ODS s\u00f3n disset objectius de car\u00e0cter ambiental, social i econ\u00f2mic que guien la implementaci\u00f3 de l&#8217;Agenda 2030. Tots&hellip;  <a href=\"https:\/\/agora.xtec.cat\/ceipitaca\/projectes\/pes\/pes-24-25-objectius-de-desenvolupament-sostenible\/\" title=\"Read PES 24-25 (Objectius de Desenvolupament Sostenible)\">Llegeix m\u00e9s\u00bb<\/a><\/p>\n","protected":false},"author":1,"featured_media":0,"parent":22055,"menu_order":3,"comment_status":"closed","ping_status":"closed","template":"page-templates\/side-menu.php","meta":{"_bbp_topic_count":0,"_bbp_reply_count":0,"_bbp_total_topic_count":0,"_bbp_total_reply_count":0,"_bbp_voice_count":0,"_bbp_anonymous_reply_count":0,"_bbp_topic_count_hidden":0,"_bbp_reply_count_hidden":0,"_bbp_forum_subforum_count":0,"footnotes":""},"class_list":["post-22790","page","type-page","status-publish","hentry"],"post_mailing_queue_ids":[],"_links":{"self":[{"href":"https:\/\/agora.xtec.cat\/ceipitaca\/wp-json\/wp\/v2\/pages\/22790","targetHints":{"allow":["GET"]}}],"collection":[{"href":"https:\/\/agora.xtec.cat\/ceipitaca\/wp-json\/wp\/v2\/pages"}],"about":[{"href":"https:\/\/agora.xtec.cat\/ceipitaca\/wp-json\/wp\/v2\/types\/page"}],"author":[{"embeddable":true,"href":"https:\/\/agora.xtec.cat\/ceipitaca\/wp-json\/wp\/v2\/users\/1"}],"replies":[{"embeddable":true,"href":"https:\/\/agora.xtec.cat\/ceipitaca\/wp-json\/wp\/v2\/comments?post=22790"}],"version-history":[{"count":6,"href":"https:\/\/agora.xtec.cat\/ceipitaca\/wp-json\/wp\/v2\/pages\/22790\/revisions"}],"predecessor-version":[{"id":22810,"href":"https:\/\/agora.xtec.cat\/ceipitaca\/wp-json\/wp\/v2\/pages\/22790\/revisions\/22810"}],"up":[{"embeddable":true,"href":"https:\/\/agora.xtec.cat\/ceipitaca\/wp-json\/wp\/v2\/pages\/22055"}],"wp:attachment":[{"href":"https:\/\/agora.xtec.cat\/ceipitaca\/wp-json\/wp\/v2\/media?parent=22790"}],"curies":[{"name":"wp","href":"https:\/\/api.w.org\/{rel}","templated":true}]}}