{"id":22075,"date":"2023-11-06T15:34:52","date_gmt":"2023-11-06T14:34:52","guid":{"rendered":"https:\/\/agora.xtec.cat\/ceipitaca\/?page_id=22075"},"modified":"2025-02-17T09:23:45","modified_gmt":"2025-02-17T08:23:45","slug":"pes-22-23-pablo-picasso","status":"publish","type":"page","link":"https:\/\/agora.xtec.cat\/ceipitaca\/projectes\/pes\/pes-22-23-pablo-picasso\/","title":{"rendered":"PES 22-23 (PABLO PICASSO)"},"content":{"rendered":"<h2><strong><span style=\"color: #ff0000;\">PABLO PICASSO<\/span><\/strong><\/h2>\n<p><span style=\"font-weight: 400;\">El curs 22-23, el tema del PES de l&#8217;escola va ser: &#8220;Pablo Picasso&#8221;. Cada nivell es va involucrar activament en deixar anar la seva imaginaci\u00f3 i creativitat per crear diferents produccions, les quals va ser recollides en la seg\u00fcent presentaci\u00f3:<\/span><\/p>\n<p><a href=\"https:\/\/www.canva.com\/design\/DAFu3nsy_Co\/TQcOiipjgdc-4oQHp7xOwg\/edit?utm_content=DAFu3nsy_Co&amp;utm_campaign=designshare&amp;utm_medium=link2&amp;utm_source=sharebutton\"><img loading=\"lazy\" decoding=\"async\" class=\"aligncenter wp-image-22080\" src=\"https:\/\/agora.xtec.cat\/ceipitaca\/wp-content\/uploads\/usu141\/2023\/11\/Sin-titulo.jpg\" alt=\"\" width=\"440\" height=\"249\" srcset=\"https:\/\/agora.xtec.cat\/ceipitaca\/wp-content\/uploads\/usu141\/2023\/11\/Sin-titulo.jpg 907w, https:\/\/agora.xtec.cat\/ceipitaca\/wp-content\/uploads\/usu141\/2023\/11\/Sin-titulo-300x170.jpg 300w, https:\/\/agora.xtec.cat\/ceipitaca\/wp-content\/uploads\/usu141\/2023\/11\/Sin-titulo-768x434.jpg 768w\" sizes=\"auto, (max-width: 440px) 100vw, 440px\" \/><\/a><\/p>\n","protected":false},"excerpt":{"rendered":"<p>PABLO PICASSO<br \/>\nEl curs 22-23, el tema del PES de l&#8217;escola va ser: &#8220;Pablo Picasso&#8221;. Cada nivell es va involucrar activament en deixar anar la seva imaginaci\u00f3 i creativitat per crear diferents produccions, les quals va ser recollides en la seg\u00fcent presentaci\u00f3:<br \/>\n<a href=\"https:\/\/www.canva.com\/design\/DAFu3nsy_Co\/TQcOiipjgdc-4oQHp7xOwg\/edit?utm_content=DAFu3nsy_Co&amp;utm_campaign=designshare&amp;utm_medium=link2&amp;utm_source=sharebutton\"><\/a><\/p>\n","protected":false},"author":1,"featured_media":0,"parent":22055,"menu_order":1,"comment_status":"closed","ping_status":"closed","template":"page-templates\/side-menu.php","meta":{"_bbp_topic_count":0,"_bbp_reply_count":0,"_bbp_total_topic_count":0,"_bbp_total_reply_count":0,"_bbp_voice_count":0,"_bbp_anonymous_reply_count":0,"_bbp_topic_count_hidden":0,"_bbp_reply_count_hidden":0,"_bbp_forum_subforum_count":0,"footnotes":""},"class_list":["post-22075","page","type-page","status-publish","hentry"],"post_mailing_queue_ids":[],"_links":{"self":[{"href":"https:\/\/agora.xtec.cat\/ceipitaca\/wp-json\/wp\/v2\/pages\/22075","targetHints":{"allow":["GET"]}}],"collection":[{"href":"https:\/\/agora.xtec.cat\/ceipitaca\/wp-json\/wp\/v2\/pages"}],"about":[{"href":"https:\/\/agora.xtec.cat\/ceipitaca\/wp-json\/wp\/v2\/types\/page"}],"author":[{"embeddable":true,"href":"https:\/\/agora.xtec.cat\/ceipitaca\/wp-json\/wp\/v2\/users\/1"}],"replies":[{"embeddable":true,"href":"https:\/\/agora.xtec.cat\/ceipitaca\/wp-json\/wp\/v2\/comments?post=22075"}],"version-history":[{"count":4,"href":"https:\/\/agora.xtec.cat\/ceipitaca\/wp-json\/wp\/v2\/pages\/22075\/revisions"}],"predecessor-version":[{"id":22082,"href":"https:\/\/agora.xtec.cat\/ceipitaca\/wp-json\/wp\/v2\/pages\/22075\/revisions\/22082"}],"up":[{"embeddable":true,"href":"https:\/\/agora.xtec.cat\/ceipitaca\/wp-json\/wp\/v2\/pages\/22055"}],"wp:attachment":[{"href":"https:\/\/agora.xtec.cat\/ceipitaca\/wp-json\/wp\/v2\/media?parent=22075"}],"curies":[{"name":"wp","href":"https:\/\/api.w.org\/{rel}","templated":true}]}}