{"id":22055,"date":"2023-10-19T10:37:44","date_gmt":"2023-10-19T08:37:44","guid":{"rendered":"https:\/\/agora.xtec.cat\/ceipitaca\/?page_id=22055"},"modified":"2025-07-09T19:09:51","modified_gmt":"2025-07-09T17:09:51","slug":"pes","status":"publish","type":"page","link":"https:\/\/agora.xtec.cat\/ceipitaca\/projectes\/pes\/","title":{"rendered":"PES (Projecte Estrat\u00e8gic Singular)"},"content":{"rendered":"<p>El <strong>Projecte Estrat\u00e8gic Singular (PES)<\/strong> t\u00e9 l\u2019objectiu de potenciar l\u2019educaci\u00f3 art\u00edstica a l\u2019escola com a eix vertebrador de la formaci\u00f3 integral de l\u2019alumnat.<\/p>\n<p>El PES \u00e9s un recull d&#8217;experi\u00e8ncies educatives que comprenen el coneixement d&#8217;un fet relacionat amb l&#8217;art o amb all\u00f2 que ens envolta.<\/p>\n<p>L&#8217;experimentaci\u00f3, la creaci\u00f3, el contacte directe amb diferents realitats i punts de vista s\u00f3n les metodologies utilitzades per a dur a terme el desenvolupament del projecte.<\/p>\n<p>Com a escola, triem un tema general i cada nivell acad\u00e8mic n&#8217;escull un altre que estigui relacionat amb el principal. Aix\u00ed doncs, l&#8217;aniran treballant de forma exhaustiva al llarg del curs. Les activitats que s&#8217;organitzen s\u00f3n diverses: es convida a diferents professionals que donin a con\u00e8ixer a l\u2019alumnat les seves disciplines art\u00edstiques a partir d\u2019una introducci\u00f3 pr\u00e0ctica, es visiten diferents exposicions, s&#8217;organitzen diferents instal\u00b7lacions creades per l&#8217;alumnat i s&#8217;arriben a reflexions diverses, entre altres.<\/p>\n<p>Com a acte de cloenda, l&#8217;escola obre les seves portes a tothom que vulgui entrar a con\u00e8ixer tot all\u00f2 que hem estat treballant. Tanmateix, l&#8217;alumnat de 4t fa una coreografia creada per ells\/es mateixos i dirigida per &#8220;Mons dansa&#8221;.<\/p>\n<p>Seguidament podreu trobar, en m\u00e9s detall, les exposicions treballades els darrers cursos:<\/p>\n<ul>\n<li><a href=\"https:\/\/agora.xtec.cat\/ceipitaca\/projectes\/pes\/pes-22-23-pablo-picasso\/\">PES 22-23<\/a><\/li>\n<li><a href=\"https:\/\/agora.xtec.cat\/ceipitaca\/projectes\/pes\/pes-23-24-naveguem-per-un-mar-democions\/\">PES 23-24<\/a><\/li>\n<li><a href=\"https:\/\/agora.xtec.cat\/ceipitaca\/projectes\/pes\/pes-24-25-objectius-de-desenvolupament-sostenible\/\">PES 24-25<\/a><\/li>\n<\/ul>\n","protected":false},"excerpt":{"rendered":"<p>El Projecte Estrat\u00e8gic Singular (PES) t\u00e9 l\u2019objectiu de potenciar l\u2019educaci\u00f3 art\u00edstica a l\u2019escola com a eix vertebrador de la formaci\u00f3 integral de l\u2019alumnat.<br \/>\nEl PES \u00e9s un recull d&#8217;experi\u00e8ncies educatives que comprenen el coneixement d&#8217;un fet relacionat amb l&#8217;art o amb all\u00f2 que ens envolta.<br \/>\nL&#8217;experimentaci\u00f3, la&hellip;  <a href=\"https:\/\/agora.xtec.cat\/ceipitaca\/projectes\/pes\/\" title=\"Read PES (Projecte Estrat\u00e8gic Singular)\">Llegeix m\u00e9s\u00bb<\/a><\/p>\n","protected":false},"author":56,"featured_media":0,"parent":4303,"menu_order":9,"comment_status":"closed","ping_status":"closed","template":"page-templates\/side-menu.php","meta":{"_bbp_topic_count":0,"_bbp_reply_count":0,"_bbp_total_topic_count":0,"_bbp_total_reply_count":0,"_bbp_voice_count":0,"_bbp_anonymous_reply_count":0,"_bbp_topic_count_hidden":0,"_bbp_reply_count_hidden":0,"_bbp_forum_subforum_count":0,"footnotes":""},"class_list":["post-22055","page","type-page","status-publish","hentry"],"post_mailing_queue_ids":[],"_links":{"self":[{"href":"https:\/\/agora.xtec.cat\/ceipitaca\/wp-json\/wp\/v2\/pages\/22055","targetHints":{"allow":["GET"]}}],"collection":[{"href":"https:\/\/agora.xtec.cat\/ceipitaca\/wp-json\/wp\/v2\/pages"}],"about":[{"href":"https:\/\/agora.xtec.cat\/ceipitaca\/wp-json\/wp\/v2\/types\/page"}],"author":[{"embeddable":true,"href":"https:\/\/agora.xtec.cat\/ceipitaca\/wp-json\/wp\/v2\/users\/56"}],"replies":[{"embeddable":true,"href":"https:\/\/agora.xtec.cat\/ceipitaca\/wp-json\/wp\/v2\/comments?post=22055"}],"version-history":[{"count":7,"href":"https:\/\/agora.xtec.cat\/ceipitaca\/wp-json\/wp\/v2\/pages\/22055\/revisions"}],"predecessor-version":[{"id":23077,"href":"https:\/\/agora.xtec.cat\/ceipitaca\/wp-json\/wp\/v2\/pages\/22055\/revisions\/23077"}],"up":[{"embeddable":true,"href":"https:\/\/agora.xtec.cat\/ceipitaca\/wp-json\/wp\/v2\/pages\/4303"}],"wp:attachment":[{"href":"https:\/\/agora.xtec.cat\/ceipitaca\/wp-json\/wp\/v2\/media?parent=22055"}],"curies":[{"name":"wp","href":"https:\/\/api.w.org\/{rel}","templated":true}]}}