{"id":20798,"date":"2022-02-09T16:24:50","date_gmt":"2022-02-09T15:24:50","guid":{"rendered":"https:\/\/agora.xtec.cat\/ceipitaca\/?page_id=20798"},"modified":"2025-03-17T09:18:24","modified_gmt":"2025-03-17T08:18:24","slug":"cantania","status":"publish","type":"page","link":"https:\/\/agora.xtec.cat\/ceipitaca\/projectes\/cantania\/","title":{"rendered":"Cant\u00e0nia"},"content":{"rendered":"<p><a href=\"https:\/\/agora.xtec.cat\/ceiptorrentdenmelis\/wp-content\/uploads\/usu2278\/2020\/11\/CANTANIA113.0.jpg\"><img loading=\"lazy\" decoding=\"async\" class=\"aligncenter wp-image-653 \" src=\"https:\/\/agora.xtec.cat\/ceiptorrentdenmelis\/wp-content\/uploads\/usu2278\/2020\/11\/CANTANIA113.0.jpg\" sizes=\"auto, (max-width: 512px) 100vw, 512px\" srcset=\"https:\/\/agora.xtec.cat\/ceiptorrentdenmelis\/wp-content\/uploads\/usu2278\/2020\/11\/CANTANIA113.0.jpg 830w, https:\/\/agora.xtec.cat\/ceiptorrentdenmelis\/wp-content\/uploads\/usu2278\/2020\/11\/CANTANIA113.0-300x108.jpg 300w, https:\/\/agora.xtec.cat\/ceiptorrentdenmelis\/wp-content\/uploads\/usu2278\/2020\/11\/CANTANIA113.0-768x278.jpg 768w\" alt=\"\" width=\"512\" height=\"185\" \/><\/a><\/p>\n<p>Cant\u00e0nia \u00e9s una\u00a0<strong>activitat participativa<\/strong>\u00a0en la que s\u2019inscriuen escolars de cicle mitj\u00e0 i superior de prim\u00e0ria de Catalunya. A la nostra escola \u00e9s l\u2019alumnat de cinqu\u00e8 l\u2019encarregat de representar-nos i gaudir d\u2019aquesta preciosa experi\u00e8ncia.<\/p>\n<p>Cada any s\u2019estrena una obra encarregada especialment per a aquesta activitat. Els enc\u00e0rrecs, fins a dia d\u2019avui, s\u2019han fet a\u00a0<strong>compositors i escriptors catalans de reconegut prestigi<\/strong>.<\/p>\n<p>Cant\u00e0nia \u00e9s una activitat amb diferents fases d\u2019actuaci\u00f3: sessions de formaci\u00f3 amb el professorat, treball del professorat a la seva aula i concerts finals interpretats per l\u2019alumnat inscrit. Durant tot el curs escolar es treballa tant des de l\u2019organitzaci\u00f3 com des de l\u2019escola. L\u2019objectiu \u00e9s organitzar un acte per als alumnes que, per les caracter\u00edstiques globals pensades exclusivament per a ells, per la qualitat i per la implicaci\u00f3 personal i col\u00b7lectiva en l\u2019acte, es converteixi en una viv\u00e8ncia musical important i inoblidable per a tots.<\/p>\n","protected":false},"excerpt":{"rendered":"<p><a href=\"https:\/\/agora.xtec.cat\/ceiptorrentdenmelis\/wp-content\/uploads\/usu2278\/2020\/11\/CANTANIA113.0.jpg\"><\/a><br \/>\nCant\u00e0nia \u00e9s una\u00a0activitat participativa\u00a0en la que s\u2019inscriuen escolars de cicle mitj\u00e0 i superior de prim\u00e0ria de Catalunya. A la nostra escola \u00e9s l\u2019alumnat de cinqu\u00e8 l\u2019encarregat de representar-nos i gaudir d\u2019aquesta preciosa experi\u00e8ncia.<br \/>\nCada any s\u2019estrena una obra encarregada especialment per a aquesta activitat. Els&hellip;  <a href=\"https:\/\/agora.xtec.cat\/ceipitaca\/projectes\/cantania\/\" title=\"Read Cant\u00e0nia\">Llegeix m\u00e9s\u00bb<\/a><\/p>\n","protected":false},"author":1,"featured_media":0,"parent":4303,"menu_order":2,"comment_status":"closed","ping_status":"closed","template":"page-templates\/side-menu.php","meta":{"_bbp_topic_count":0,"_bbp_reply_count":0,"_bbp_total_topic_count":0,"_bbp_total_reply_count":0,"_bbp_voice_count":0,"_bbp_anonymous_reply_count":0,"_bbp_topic_count_hidden":0,"_bbp_reply_count_hidden":0,"_bbp_forum_subforum_count":0,"footnotes":""},"class_list":["post-20798","page","type-page","status-publish","hentry"],"post_mailing_queue_ids":[],"_links":{"self":[{"href":"https:\/\/agora.xtec.cat\/ceipitaca\/wp-json\/wp\/v2\/pages\/20798","targetHints":{"allow":["GET"]}}],"collection":[{"href":"https:\/\/agora.xtec.cat\/ceipitaca\/wp-json\/wp\/v2\/pages"}],"about":[{"href":"https:\/\/agora.xtec.cat\/ceipitaca\/wp-json\/wp\/v2\/types\/page"}],"author":[{"embeddable":true,"href":"https:\/\/agora.xtec.cat\/ceipitaca\/wp-json\/wp\/v2\/users\/1"}],"replies":[{"embeddable":true,"href":"https:\/\/agora.xtec.cat\/ceipitaca\/wp-json\/wp\/v2\/comments?post=20798"}],"version-history":[{"count":3,"href":"https:\/\/agora.xtec.cat\/ceipitaca\/wp-json\/wp\/v2\/pages\/20798\/revisions"}],"predecessor-version":[{"id":22830,"href":"https:\/\/agora.xtec.cat\/ceipitaca\/wp-json\/wp\/v2\/pages\/20798\/revisions\/22830"}],"up":[{"embeddable":true,"href":"https:\/\/agora.xtec.cat\/ceipitaca\/wp-json\/wp\/v2\/pages\/4303"}],"wp:attachment":[{"href":"https:\/\/agora.xtec.cat\/ceipitaca\/wp-json\/wp\/v2\/media?parent=20798"}],"curies":[{"name":"wp","href":"https:\/\/api.w.org\/{rel}","templated":true}]}}