{"id":20781,"date":"2022-02-09T16:20:35","date_gmt":"2022-02-09T15:20:35","guid":{"rendered":"https:\/\/agora.xtec.cat\/ceipitaca\/?page_id=20781"},"modified":"2023-11-13T16:44:01","modified_gmt":"2023-11-13T15:44:01","slug":"acollida","status":"publish","type":"page","link":"https:\/\/agora.xtec.cat\/ceipitaca\/serveis\/acollida\/","title":{"rendered":"Acollida"},"content":{"rendered":"<div class=\"fusion-layout-column fusion_builder_column fusion-builder-column-0 fusion_builder_column_3_5 3_5 fusion-three-fifth fusion-column-first\">\n<div class=\"fusion-column-wrapper fusion-flex-column-wrapper-legacy\">\n<div class=\"fusion-text fusion-text-1\">\n<p>El servei d\u2019acollida matinal (SAM) i el servei de mainadera a la tarda (SAT) \u00e9s un servei que ofereix l\u2019Associaci\u00f3 de Fam\u00edlies d\u2019Alumnes (AFA Itaca) i que est\u00e0 gestionat per l\u2019empresa de monitoratge\u00a0<a class=\"custom-link\" href=\"https:\/\/www.instagram.com\/valorsitaca\/?hl=en\" target=\"_blank\" rel=\"noopener\">ValOr-s<\/a>.<\/p>\n<p>Es pot fer \u00fas del servei\u00a0<strong>cada dia o de manera espor\u00e0dica.<\/strong><\/p>\n<\/div>\n<div class=\"fusion-clearfix\"><\/div>\n<\/div>\n<\/div>\n<div class=\"fusion-layout-column fusion_builder_column fusion-builder-column-1 fusion_builder_column_2_5 2_5 fusion-two-fifth fusion-column-last\">\n<div class=\"fusion-column-wrapper fusion-flex-column-wrapper-legacy\">\n<div class=\"fusion-align-block\"><a class=\"fusion-button button-flat fusion-button-default-size button-default button-1 fusion-button-default-span fusion-button-default-type\" href=\"https:\/\/afaitaca.cat\/serveis\/acollida-i-mainadera\/#preus-sam-sat\" target=\"_self\" rel=\"noopener\"><span class=\"fusion-button-text\">TAULA DE PREUS<\/span><\/a><\/div>\n<div class=\"fusion-sep-clear\"><\/div>\n<div class=\"fusion-separator fusion-full-width-sep\"><\/div>\n<div class=\"fusion-sep-clear\"><\/div>\n<div class=\"fusion-align-block\"><a class=\"fusion-button button-flat fusion-button-default-size button-default button-2 fusion-button-default-span fusion-button-default-type\" href=\"https:\/\/forms.gle\/3QfJnVUSTAtcy9bE6\" target=\"_blank\" rel=\"noopener noreferrer\"><span class=\"fusion-button-text\">FULL D\u2019INSCRIPCI\u00d3 SAM-SAT<\/span><\/a><\/div>\n<div class=\"fusion-sep-clear\"><\/div>\n<div class=\"fusion-separator fusion-full-width-sep\"><\/div>\n<div class=\"fusion-sep-clear\"><\/div>\n<div class=\"fusion-clearfix\"><\/div>\n<\/div>\n<\/div>\n<div class=\"fusion-layout-column fusion_builder_column fusion-builder-column-2 fusion_builder_column_1_1 1_1 fusion-one-full fusion-column-first fusion-column-last fusion-column-no-min-height\">\n<div class=\"fusion-column-wrapper fusion-flex-column-wrapper-legacy\">\n<div class=\"fusion-text fusion-text-2\">\n<p>L\u2019espai que habilitem a l\u2019escola per a la realitzaci\u00f3 d\u2019aquests serveis ser\u00e0 el pati, ja que \u00e9s un espai obert i que permet la dist\u00e0ncia interpersonal d\u20191,5 metres.<\/p>\n<p>Al mat\u00ed (SAM), l\u2019entrada ser\u00e0 per la porta principal, amb els horaris d\u2019entrada de 7:30 fins a les 8:40, NO ES PODR\u00c0 ACCEDIR A L\u2019ESCOLA PER FER ACOLLIDA M\u00c9S TARD DE LES 8:40). Cada infant ha d\u2019anar acompanyat per un \u00fanic familiar i abans d\u2019entrar al centre s\u2019hauran de rentar les mans amb gel hidroalcoh\u00f2lic. La mascareta ser\u00e0 obligat\u00f2ria en tot moment, nom\u00e9s es podr\u00e0 retirar per esmorzar i es far\u00e0 a un espai habilitat al pati i amb una dist\u00e0ncia interpersonal m\u00ednima d\u20191,5 metres.<\/p>\n<p>Quan finalitzi el per\u00edode d\u2019acollida, els infants d\u2019infantil i de prim\u00e0ria es rentaran mans i seran acompanyats a les seves aules de refer\u00e8ncia i tant els monitors\/es com els infants sempre i en tot moment, han de portar mascareta.<\/p>\n<p>Recordeu que els infants poden portar esmorzar.<\/p>\n<p>A la tarda (SAT), el funcionament ser\u00e0 similar. Els responsables del servei aniran a buscar a les aules als infants, 5 minuts abans d\u2019acabar les classes (segons el cicle 16:20-16:30) i els portar\u00e0 al pati. Abans de sortir es rentaran mans i nom\u00e9s es podran treure les mascaretes per berenar, a l\u2019espai habilitat i amb la dist\u00e0ncia interpersonal d\u20191,5 metres.<\/p>\n<p>Un cop finalitzat l\u2019horari de l\u2019acollida (17:00 \u00f3 17:30), els nens\/es es rentaran les mans i s\u2019aniran entregant als familiars per la porta principal de l\u2019escola o als monitors\/es d\u2019extraescolars (si estan inscrits\/es).<\/p>\n<p>Recordeu que els infants poden portar berenar.<br \/>\nEn cas de pluja tindrem dues aules habilitades per realitzar els serveis.<\/p>\n<p>Les responsables del serveis seran l\u2019Imma Heredia al SAM i la Vane Segarra al SAT.<\/p>\n<p>Per m\u00e9s informaci\u00f3 podeu trucar al 606249576 (pregunteu per la M\u00edriam o el Jordi) o escriure un correu a: valorsitaca@gmail.com<\/p>\n<\/div>\n<div class=\"fusion-clearfix\"><\/div>\n<\/div>\n<\/div>\n<div class=\"fusion-layout-column fusion_builder_column fusion-builder-column-3 fusion_builder_column_1_1 1_1 fusion-one-full fusion-column-first fusion-column-last fusion-column-no-min-height\">\n<div class=\"fusion-column-wrapper fusion-flex-column-wrapper-legacy\">\n<div class=\"fusion-title title fusion-title-1 fusion-sep-none fusion-title-text fusion-title-size-two\">\n<h2 class=\"title-heading-left fusion-responsive-typography-calculated\">Informaci\u00f3 i inscripcions<\/h2>\n<\/div>\n<div class=\"fusion-text fusion-text-3\">\n<p>Us podeu inscriure al servei en el\u00a0<a href=\"https:\/\/docs.google.com\/forms\/d\/e\/1FAIpQLSfcC89jEKNoeB5m8UDmR-70AsQNi0d3zV4q1zIY9egWIUsrNw\/viewform\" target=\"_blank\" rel=\"noopener\">seg\u00fcent formulari<\/a>.<\/p>\n<\/div>\n<\/div>\n<\/div>\n<div class=\"fusion-layout-column fusion_builder_column fusion-builder-column-4 fusion_builder_column_1_1 1_1 fusion-one-full fusion-column-first fusion-column-last fusion-column-no-min-height\">\n<div class=\"fusion-column-wrapper fusion-flex-column-wrapper-legacy\">\n<div class=\"fusion-clearfix\"><\/div>\n<\/div>\n<\/div>\n<div class=\"fusion-layout-column fusion_builder_column fusion-builder-column-5 fusion_builder_column_1_1 1_1 fusion-one-full fusion-column-first fusion-column-last fusion-column-no-min-height\">\n<div class=\"fusion-column-wrapper fusion-flex-column-wrapper-legacy\">\n<div class=\"fusion-title title fusion-title-2 fusion-sep-none fusion-title-text fusion-title-size-two\">\n<h2 class=\"title-heading-left fusion-responsive-typography-calculated\">Preus<\/h2>\n<\/div>\n<div class=\"fusion-text fusion-text-4\">\n<p>Els serveis es cobren de setembre a juny amb l\u2019import total marcat. En el cas que algun mes no es faci \u00fas del servei i no s\u2019hagi notificat abans del 25 del mes anterior, no es retornar\u00e0 el rebut.<\/p>\n<\/div>\n<div class=\"fusion-clearfix\"><\/div>\n<\/div>\n<\/div>\n<div class=\"fusion-layout-column fusion_builder_column fusion-builder-column-6 fusion_builder_column_1_3 1_3 fusion-one-third fusion-column-first\">\n<div class=\"fusion-column-wrapper fusion-flex-column-wrapper-legacy\">\n<div class=\"fusion-text fusion-text-5\">\n<h3 class=\"fusion-responsive-typography-calculated\" data-fontsize=\"24\" data-lineheight=\"42px\">SAM (7:30-9:00)<br \/>\n(Servei d\u00b4acollida matinal)<\/h3>\n<p>Preus mensuals per 5 dies a la setmana<br \/>\n0.5 hora\/di\u00e0ria: 19\u20ac<br \/>\n1 hora\/di\u00e0ria: 29\u20ac<br \/>\n1.5 hora\/di\u00e0ria: 39\u20ac<\/p>\n<p>&nbsp;<\/p>\n<h3 class=\"fusion-responsive-typography-calculated\" data-fontsize=\"24\" data-lineheight=\"42px\">SAT (16:30-17:30)<br \/>\n(Servei d\u00b4acollida de tarda)<\/h3>\n<p>Preus mensuals per 5 dies a la setmana<\/p>\n<p>1 hora\/di\u00e0ria: 29\u20ac<\/p>\n<p>1 hora (2 dies setmana): 19\u20ac<\/p>\n<p>1 hora (1 dia fix a la setmana): 14,50 \u20ac<\/p>\n<p>0.5 hora\/di\u00e0ria: 19\u20ac<\/p>\n<p>0.5 hora\/di\u00e0ria (2 dies setmana): 14\u20ac<\/p>\n<\/div>\n<\/div>\n<\/div>\n<p>0.5 hora\/di\u00e0ria (1 dia fix a la setmana): 11\u20ac<\/p>\n<p><a href=\"https:\/\/afaitaca.cat\/serveis\/acollida-i-mainadera\/\" target=\"_blank\" rel=\"noopener\"><span style=\"color: #003366;\"><strong>M\u00c9S INFO<\/strong><\/span><\/a><\/p>\n","protected":false},"excerpt":{"rendered":"<p>El servei d\u2019acollida matinal (SAM) i el servei de mainadera a la tarda (SAT) \u00e9s un servei que ofereix l\u2019Associaci\u00f3 de Fam\u00edlies d\u2019Alumnes (AFA Itaca) i que est\u00e0 gestionat per l\u2019empresa de monitoratge\u00a0<a class=\"custom-link\" href=\"https:\/\/www.instagram.com\/valorsitaca\/?hl=en\" target=\"_blank\" rel=\"noopener\">ValOr-s<\/a>.<br \/>\nEs pot fer \u00fas del servei\u00a0cada dia o de&hellip;  <a href=\"https:\/\/agora.xtec.cat\/ceipitaca\/serveis\/acollida\/\" title=\"Read Acollida\">Llegeix m\u00e9s\u00bb<\/a><\/p>\n","protected":false},"author":1,"featured_media":0,"parent":20776,"menu_order":5,"comment_status":"closed","ping_status":"closed","template":"page-templates\/side-menu.php","meta":{"_bbp_topic_count":0,"_bbp_reply_count":0,"_bbp_total_topic_count":0,"_bbp_total_reply_count":0,"_bbp_voice_count":0,"_bbp_anonymous_reply_count":0,"_bbp_topic_count_hidden":0,"_bbp_reply_count_hidden":0,"_bbp_forum_subforum_count":0,"footnotes":""},"class_list":["post-20781","page","type-page","status-publish","hentry"],"post_mailing_queue_ids":[],"_links":{"self":[{"href":"https:\/\/agora.xtec.cat\/ceipitaca\/wp-json\/wp\/v2\/pages\/20781","targetHints":{"allow":["GET"]}}],"collection":[{"href":"https:\/\/agora.xtec.cat\/ceipitaca\/wp-json\/wp\/v2\/pages"}],"about":[{"href":"https:\/\/agora.xtec.cat\/ceipitaca\/wp-json\/wp\/v2\/types\/page"}],"author":[{"embeddable":true,"href":"https:\/\/agora.xtec.cat\/ceipitaca\/wp-json\/wp\/v2\/users\/1"}],"replies":[{"embeddable":true,"href":"https:\/\/agora.xtec.cat\/ceipitaca\/wp-json\/wp\/v2\/comments?post=20781"}],"version-history":[{"count":2,"href":"https:\/\/agora.xtec.cat\/ceipitaca\/wp-json\/wp\/v2\/pages\/20781\/revisions"}],"predecessor-version":[{"id":20943,"href":"https:\/\/agora.xtec.cat\/ceipitaca\/wp-json\/wp\/v2\/pages\/20781\/revisions\/20943"}],"up":[{"embeddable":true,"href":"https:\/\/agora.xtec.cat\/ceipitaca\/wp-json\/wp\/v2\/pages\/20776"}],"wp:attachment":[{"href":"https:\/\/agora.xtec.cat\/ceipitaca\/wp-json\/wp\/v2\/media?parent=20781"}],"curies":[{"name":"wp","href":"https:\/\/api.w.org\/{rel}","templated":true}]}}