{"id":19683,"date":"2020-10-05T11:45:13","date_gmt":"2020-10-05T09:45:13","guid":{"rendered":"https:\/\/agora.xtec.cat\/ceipitaca\/?page_id=19683"},"modified":"2024-10-15T14:09:55","modified_gmt":"2024-10-15T12:09:55","slug":"autoritzacions","status":"publish","type":"page","link":"https:\/\/agora.xtec.cat\/ceipitaca\/informacio-families-2\/autoritzacions\/","title":{"rendered":"Autoritzacions"},"content":{"rendered":"<p><a href=\"https:\/\/agora.xtec.cat\/ceipitaca\/wp-content\/uploads\/usu141\/2022\/01\/Autoritzacions.jpg\"><img loading=\"lazy\" decoding=\"async\" class=\"aligncenter size-medium wp-image-20564\" src=\"https:\/\/agora.xtec.cat\/ceipitaca\/wp-content\/uploads\/usu141\/2022\/01\/Autoritzacions-300x169.jpg\" alt=\"\" width=\"300\" height=\"169\" srcset=\"https:\/\/agora.xtec.cat\/ceipitaca\/wp-content\/uploads\/usu141\/2022\/01\/Autoritzacions-300x169.jpg 300w, https:\/\/agora.xtec.cat\/ceipitaca\/wp-content\/uploads\/usu141\/2022\/01\/Autoritzacions-1024x576.jpg 1024w, https:\/\/agora.xtec.cat\/ceipitaca\/wp-content\/uploads\/usu141\/2022\/01\/Autoritzacions-768x432.jpg 768w, https:\/\/agora.xtec.cat\/ceipitaca\/wp-content\/uploads\/usu141\/2022\/01\/Autoritzacions-1536x864.jpg 1536w, https:\/\/agora.xtec.cat\/ceipitaca\/wp-content\/uploads\/usu141\/2022\/01\/Autoritzacions.jpg 1920w\" sizes=\"auto, (max-width: 300px) 100vw, 300px\" \/><\/a><\/p>\n<p>-Per tal que els vostres fills\/es puguin sortir <a href=\"https:\/\/drive.google.com\/file\/d\/1lnT1LM3mbOXAV-vmyNwTabwcLHpp6QpS\/view?usp=drive_link\" target=\"_blank\" rel=\"noopener\">sols despr\u00e9s de l\u2019horari lecti<\/a>u <strong>(NOM\u00c9S ALUMNES 5\u00c8 I 6\u00c8<\/strong>)<\/p>\n<p>-Per quan la persona que habitualment recull l&#8217;alumne\/a no pot venir a buscar-lo i <a href=\"https:\/\/drive.google.com\/file\/d\/1YA664QGTlOC9IqjmxLTzhJTZZzyQ4ApH\/view?usp=sharing\" target=\"_blank\" rel=\"noopener\">delega <\/a>en una altra persona<\/p>\n<p><a href=\"https:\/\/drive.google.com\/file\/d\/1uG9TvvY929a3_3XbjkkWcPH9SCQywEdv\/view?usp=sharing\" target=\"_blank\" rel=\"noopener\">-PARACETAMOL<\/a><\/p>\n<p><a href=\"https:\/\/drive.google.com\/file\/d\/1chDMGgxGrc2GRqBW_eSbZWxzQGZc37UZ\/view?usp=sharing\" target=\"_blank\" rel=\"noopener\">&#8211; ADMINISTRACI\u00d3 MEDICAMENTS ( CAL ADJUNTAR RECEPTA M\u00c8DICA)<\/a><\/p>\n<p>&#8211;<a href=\"https:\/\/drive.google.com\/file\/d\/1YflXLfjKLoF1LGxVmzbAS44-yIJt63qJ\/view?usp=sharing\" target=\"_blank\" rel=\"noopener\">DRETS D&#8217;IMATGE<\/a><\/p>\n","protected":false},"excerpt":{"rendered":"<p><a href=\"https:\/\/agora.xtec.cat\/ceipitaca\/wp-content\/uploads\/usu141\/2022\/01\/Autoritzacions.jpg\"><\/a><br \/>\n-Per tal que els vostres fills\/es puguin sortir <a href=\"https:\/\/drive.google.com\/file\/d\/1lnT1LM3mbOXAV-vmyNwTabwcLHpp6QpS\/view?usp=drive_link\" target=\"_blank\" rel=\"noopener\">sols despr\u00e9s de l\u2019horari lecti<\/a>u (NOM\u00c9S ALUMNES 5\u00c8 I 6\u00c8)<br \/>\n-Per quan la persona que habitualment recull l&#8217;alumne\/a no pot venir a buscar-lo i <a href=\"https:\/\/drive.google.com\/file\/d\/1YA664QGTlOC9IqjmxLTzhJTZZzyQ4ApH\/view?usp=sharing\" target=\"_blank\" rel=\"noopener\">delega <\/a>en una altra persona<br \/>\n<a href=\"https:\/\/drive.google.com\/file\/d\/1uG9TvvY929a3_3XbjkkWcPH9SCQywEdv\/view?usp=sharing\" target=\"_blank\"&hellip;  <a href=\"https:\/\/agora.xtec.cat\/ceipitaca\/informacio-families-2\/autoritzacions\/\" title=\"Read Autoritzacions\">Llegeix m\u00e9s\u00bb<\/a><\/p>\n","protected":false},"author":1,"featured_media":0,"parent":20772,"menu_order":2,"comment_status":"closed","ping_status":"closed","template":"page-templates\/side-menu.php","meta":{"_bbp_topic_count":0,"_bbp_reply_count":0,"_bbp_total_topic_count":0,"_bbp_total_reply_count":0,"_bbp_voice_count":0,"_bbp_anonymous_reply_count":0,"_bbp_topic_count_hidden":0,"_bbp_reply_count_hidden":0,"_bbp_forum_subforum_count":0,"footnotes":""},"class_list":["post-19683","page","type-page","status-publish","hentry"],"post_mailing_queue_ids":[],"_links":{"self":[{"href":"https:\/\/agora.xtec.cat\/ceipitaca\/wp-json\/wp\/v2\/pages\/19683","targetHints":{"allow":["GET"]}}],"collection":[{"href":"https:\/\/agora.xtec.cat\/ceipitaca\/wp-json\/wp\/v2\/pages"}],"about":[{"href":"https:\/\/agora.xtec.cat\/ceipitaca\/wp-json\/wp\/v2\/types\/page"}],"author":[{"embeddable":true,"href":"https:\/\/agora.xtec.cat\/ceipitaca\/wp-json\/wp\/v2\/users\/1"}],"replies":[{"embeddable":true,"href":"https:\/\/agora.xtec.cat\/ceipitaca\/wp-json\/wp\/v2\/comments?post=19683"}],"version-history":[{"count":5,"href":"https:\/\/agora.xtec.cat\/ceipitaca\/wp-json\/wp\/v2\/pages\/19683\/revisions"}],"predecessor-version":[{"id":22696,"href":"https:\/\/agora.xtec.cat\/ceipitaca\/wp-json\/wp\/v2\/pages\/19683\/revisions\/22696"}],"up":[{"embeddable":true,"href":"https:\/\/agora.xtec.cat\/ceipitaca\/wp-json\/wp\/v2\/pages\/20772"}],"wp:attachment":[{"href":"https:\/\/agora.xtec.cat\/ceipitaca\/wp-json\/wp\/v2\/media?parent=19683"}],"curies":[{"name":"wp","href":"https:\/\/api.w.org\/{rel}","templated":true}]}}