{"id":16050,"date":"2019-03-26T11:51:04","date_gmt":"2019-03-26T10:51:04","guid":{"rendered":"http:\/\/agora.xtec.cat\/ceipitaca\/?page_id=16050"},"modified":"2024-01-26T11:22:10","modified_gmt":"2024-01-26T10:22:10","slug":"preinscripcio","status":"publish","type":"page","link":"https:\/\/agora.xtec.cat\/ceipitaca\/documents\/preinscripcio\/","title":{"rendered":"Preinscripci\u00f3 i matr\u00edcula"},"content":{"rendered":"<p>En aquesta p\u00e0gina podreu trobar tota la informaci\u00f3 del <a href=\"https:\/\/preinscripcio.gencat.cat\/ca\/detalls\/noticia\/dates-preinscripcio-2024-2025\" target=\"_blank\" rel=\"noopener\">proc\u00e9s<\/a>.<\/p>\n<p><a href=\"https:\/\/preinscripcio.gencat.cat\/ca\/detalls\/noticia\/dates-preinscripcio-2024-2025\" target=\"_blank\" rel=\"noopener\"><img loading=\"lazy\" decoding=\"async\" class=\"aligncenter wp-image-22231\" src=\"https:\/\/agora.xtec.cat\/ceipitaca\/wp-content\/uploads\/usu141\/2024\/01\/preinscripcio-24-25.png\" alt=\"\" width=\"518\" height=\"471\" srcset=\"https:\/\/agora.xtec.cat\/ceipitaca\/wp-content\/uploads\/usu141\/2024\/01\/preinscripcio-24-25.png 641w, https:\/\/agora.xtec.cat\/ceipitaca\/wp-content\/uploads\/usu141\/2024\/01\/preinscripcio-24-25-300x273.png 300w\" sizes=\"auto, (max-width: 518px) 100vw, 518px\" \/><\/a><\/p>\n<p>&nbsp;<\/p>\n","protected":false},"excerpt":{"rendered":"<p>En aquesta p\u00e0gina podreu trobar tota la informaci\u00f3 del <a href=\"https:\/\/preinscripcio.gencat.cat\/ca\/detalls\/noticia\/dates-preinscripcio-2024-2025\" target=\"_blank\" rel=\"noopener\">proc\u00e9s<\/a>.<br \/>\n<a href=\"https:\/\/preinscripcio.gencat.cat\/ca\/detalls\/noticia\/dates-preinscripcio-2024-2025\" target=\"_blank\" rel=\"noopener\"><\/a><br \/>\n&nbsp;<\/p>\n","protected":false},"author":1,"featured_media":0,"parent":168,"menu_order":5,"comment_status":"closed","ping_status":"closed","template":"page-templates\/side-menu.php","meta":{"_bbp_topic_count":0,"_bbp_reply_count":0,"_bbp_total_topic_count":0,"_bbp_total_reply_count":0,"_bbp_voice_count":0,"_bbp_anonymous_reply_count":0,"_bbp_topic_count_hidden":0,"_bbp_reply_count_hidden":0,"_bbp_forum_subforum_count":0,"footnotes":""},"class_list":["post-16050","page","type-page","status-publish","hentry"],"post_mailing_queue_ids":[],"_links":{"self":[{"href":"https:\/\/agora.xtec.cat\/ceipitaca\/wp-json\/wp\/v2\/pages\/16050","targetHints":{"allow":["GET"]}}],"collection":[{"href":"https:\/\/agora.xtec.cat\/ceipitaca\/wp-json\/wp\/v2\/pages"}],"about":[{"href":"https:\/\/agora.xtec.cat\/ceipitaca\/wp-json\/wp\/v2\/types\/page"}],"author":[{"embeddable":true,"href":"https:\/\/agora.xtec.cat\/ceipitaca\/wp-json\/wp\/v2\/users\/1"}],"replies":[{"embeddable":true,"href":"https:\/\/agora.xtec.cat\/ceipitaca\/wp-json\/wp\/v2\/comments?post=16050"}],"version-history":[{"count":5,"href":"https:\/\/agora.xtec.cat\/ceipitaca\/wp-json\/wp\/v2\/pages\/16050\/revisions"}],"predecessor-version":[{"id":22232,"href":"https:\/\/agora.xtec.cat\/ceipitaca\/wp-json\/wp\/v2\/pages\/16050\/revisions\/22232"}],"up":[{"embeddable":true,"href":"https:\/\/agora.xtec.cat\/ceipitaca\/wp-json\/wp\/v2\/pages\/168"}],"wp:attachment":[{"href":"https:\/\/agora.xtec.cat\/ceipitaca\/wp-json\/wp\/v2\/media?parent=16050"}],"curies":[{"name":"wp","href":"https:\/\/api.w.org\/{rel}","templated":true}]}}