{"id":73,"date":"2014-09-18T14:01:51","date_gmt":"2014-09-18T13:01:51","guid":{"rendered":"http:\/\/agora.xtec.cat\/ceipignasimele\/?page_id=73"},"modified":"2023-12-12T09:25:23","modified_gmt":"2023-12-12T08:25:23","slug":"menjador-escolar","status":"publish","type":"page","link":"https:\/\/agora.xtec.cat\/ceipignasimele\/serveis\/interns\/menjador-escolar\/","title":{"rendered":"Menjador escolar"},"content":{"rendered":"<div style=\"text-align: justify;\">\n<h4 style=\"text-align: center;\"><em><strong>Qui som? Qu\u00e8 fem?<\/strong><\/em><\/h4>\n<p>Aqu\u00ed teniu una breu presentaci\u00f3 on trobareu informaci\u00f3 m\u00e9s detallada sobre el funcionament del menjador escolar<\/p>\n<\/div>\n<p><a href=\"https:\/\/agora.xtec.cat\/ceipignasimele\/serveis\/interns\/menjador-escolar\/attachment\/23-24-ignasi-mele-i-farre-pla-de-funcionament-2\/\" rel=\"attachment wp-att-3083\">23-24 -IGNASI MEL\u00c9 I FARR\u00c9 PLA DE FUNCIONAMENT<\/a><\/p>\n<p><a href=\"https:\/\/drive.google.com\/file\/d\/17a_2zNHhS2Wtw4OzE2oG-ZfYPffp7DYN\/view?usp=sharing\">QUI SOM? QU\u00c9 FEM?<\/a><\/p>\n<p><a href=\"https:\/\/docs.google.com\/document\/d\/1DEVJlgxvueM0_Zc_pYkdnnQFQpFXokhm\/edit?usp=sharing&amp;ouid=106737595338006913582&amp;rtpof=true&amp;sd=true\">ALIMENTACI\u00d3 SALUDABLE<\/a><\/p>\n<div style=\"text-align: justify;\">\n<p><strong>Informacions diverses i importants:\u00a0 \u00a0<\/strong><\/p>\n<p><strong><img decoding=\"async\" class=\"alignleft\" src=\"https:\/\/cdn-0.emojis.wiki\/emoji-pics\/facebook\/woman-cook-facebook.png\" alt=\"\ud83d\udc69\u200d\ud83c\udf73 Cocinera Emoji \u2014 Significado, copiar y pegar ...\" \/><\/strong><\/p>\n<\/div>\n<div>\n<p>L&#8217;escola compta amb servei de menjador amb cuina pr\u00f2pia i<a href=\"https:\/\/agora.xtec.cat\/ceipignasimele\/organitzacio\/novetats\/\"> cuiner nou (Joaquim).<\/a><\/p>\n<p>&nbsp;<\/p>\n<p>La gesti\u00f3 la porta l&#8217;empresa <strong>SERCHS FOOD <\/strong>mitjan\u00e7ant la <strong>Carolina Mart\u00ednez<\/strong> que \u00e9s la coordinadora que s&#8217;encarrega del contacte diari amb els usuaris a trav\u00e9s del telefon 687896360 o el mail<strong> menjador.ignasimeleifarre@grupserhs.com\u00a0<\/strong>indiqueu si us plau nom i curs de l&#8217;usuari\/a.<\/p>\n<p>Per poder veure els menus mensuals heu d&#8217;entrar a l&#8217;app <strong>serhsfoodeduca.<\/strong><\/p>\n<p>&nbsp;<\/p>\n<p>La mateixa empresa s&#8217;encarrega alhora del personal de cuina i monitoratge.<\/p>\n<p>&nbsp;<\/p>\n<p>El preu del dinar varia segons l&#8217;opci\u00f3 a la que us acolliu:<\/p>\n<ul>\n<li><strong>Fix: 6,05 \u20ac\u00a0<\/strong><\/li>\n<\/ul>\n<ul>\n<li><strong>Eventual: 6,65 \u20ac<\/strong><\/li>\n<\/ul>\n<p>Es far\u00e0 el cobrament del preu del <strong>servei d&#8217;usuari fix<\/strong> per mitj\u00e0 de rebuts que es giraran per <strong>domiciliaci\u00f3 banc\u00e0ria<\/strong> , sempre que s&#8217;hagi fet l&#8217;alta al servei del menjador correctament. Per qualsevol dubte contacteu amb la coordinadora.<\/p>\n<p>El pagament dels <strong>usuaris eventuals<\/strong> o amb<strong> ticket\u00a0<\/strong>s&#8217;ha de fer per l&#8217;app <strong>serhsfoodeduca. <\/strong>S&#8217;ha hagut de fer l&#8217;alta previament per poder tenir acc\u00e9s.<\/p>\n<p style=\"font-weight: 400;\">Els avisos de <strong>faltes s&#8217;assist\u00e8ncia<\/strong> es poden fer per l&#8217;app o al m\u00f2bil de la coordiandora <strong>abans<\/strong> de les <strong>10:00h.<\/strong><\/p>\n<p>&nbsp;<\/p>\n<p>Per gestions del menjador escolar:<\/p>\n<p>\ud83d\udc69\ud83c\udffd\u200d\ud83d\udcbbCoordinadora: <strong>Carolina Mart\u00ednez.<\/strong><\/p>\n<p>\ud83d\udcdeTel\u00e8fon:<strong> 687\u00a0 89\u00a0 63\u00a0 60<\/strong><\/p>\n<p>\ud83d\udd57Horari d\u2019atenci\u00f3: <strong>9:00h a 10:30h de dilluns a divendres.<\/strong><\/p>\n<\/div>\n<p>&nbsp;<\/p>\n<p>&nbsp;<\/p>\n<div style=\"text-align: justify;\">\n<p>&nbsp;<\/p>\n<\/div>\n<p>&nbsp;<\/p>\n<p>&nbsp;<\/p>\n<div style=\"text-align: justify;\">\n<p>&nbsp;<\/p>\n<\/div>\n<p>&nbsp;<\/p>\n<p>&nbsp;<\/p>\n<p>&nbsp;<\/p>\n<p>&nbsp;<\/p>\n<p>&nbsp;<\/p>\n<p>&nbsp;<\/p>\n<p>&nbsp;<\/p>\n<p>&nbsp;<\/p>\n<p>&nbsp;<\/p>\n<p>&nbsp;<\/p>\n<p>&nbsp;<\/p>\n<p>&nbsp;<\/p>\n<div style=\"text-align: justify;\">\n<p>&nbsp;<\/p>\n<p>&nbsp;<\/p>\n<p>&nbsp;<\/p>\n<\/div>\n","protected":false},"excerpt":{"rendered":"<p>Qui som? Qu\u00e8 fem?<br \/>\nAqu\u00ed teniu una breu presentaci\u00f3 on trobareu informaci\u00f3 m\u00e9s detallada sobre el funcionament del menjador escolar<\/p>\n<p><a href=\"https:\/\/agora.xtec.cat\/ceipignasimele\/serveis\/interns\/menjador-escolar\/attachment\/23-24-ignasi-mele-i-farre-pla-de-funcionament-2\/\" rel=\"attachment wp-att-3083\">23-24 -IGNASI MEL\u00c9 I FARR\u00c9 PLA DE FUNCIONAMENT<\/a><br \/>\n<a href=\"https:\/\/drive.google.com\/file\/d\/17a_2zNHhS2Wtw4OzE2oG-ZfYPffp7DYN\/view?usp=sharing\">QUI SOM? QU\u00c9 FEM?<\/a><br \/>\n<a href=\"https:\/\/docs.google.com\/document\/d\/1DEVJlgxvueM0_Zc_pYkdnnQFQpFXokhm\/edit?usp=sharing&amp;ouid=106737595338006913582&amp;rtpof=true&amp;sd=true\">ALIMENTACI\u00d3 SALUDABLE<\/a><\/p>\n<p>Informacions diverses i importants:\u00a0 \u00a0<\/p>\n<p>L&#8217;escola compta amb servei de menjador amb&hellip;  <a href=\"https:\/\/agora.xtec.cat\/ceipignasimele\/serveis\/interns\/menjador-escolar\/\" title=\"Read Menjador escolar\">Llegeix m\u00e9s\u00bb<\/a><\/p>\n","protected":false},"author":1,"featured_media":0,"parent":714,"menu_order":30,"comment_status":"closed","ping_status":"closed","template":"page-templates\/side-menu.php","meta":{"_bbp_topic_count":0,"_bbp_reply_count":0,"_bbp_total_topic_count":0,"_bbp_total_reply_count":0,"_bbp_voice_count":0,"_bbp_anonymous_reply_count":0,"_bbp_topic_count_hidden":0,"_bbp_reply_count_hidden":0,"_bbp_forum_subforum_count":0,"footnotes":""},"class_list":["post-73","page","type-page","status-publish","hentry"],"post_mailing_queue_ids":[],"_links":{"self":[{"href":"https:\/\/agora.xtec.cat\/ceipignasimele\/wp-json\/wp\/v2\/pages\/73","targetHints":{"allow":["GET"]}}],"collection":[{"href":"https:\/\/agora.xtec.cat\/ceipignasimele\/wp-json\/wp\/v2\/pages"}],"about":[{"href":"https:\/\/agora.xtec.cat\/ceipignasimele\/wp-json\/wp\/v2\/types\/page"}],"author":[{"embeddable":true,"href":"https:\/\/agora.xtec.cat\/ceipignasimele\/wp-json\/wp\/v2\/users\/1"}],"replies":[{"embeddable":true,"href":"https:\/\/agora.xtec.cat\/ceipignasimele\/wp-json\/wp\/v2\/comments?post=73"}],"version-history":[{"count":6,"href":"https:\/\/agora.xtec.cat\/ceipignasimele\/wp-json\/wp\/v2\/pages\/73\/revisions"}],"predecessor-version":[{"id":3086,"href":"https:\/\/agora.xtec.cat\/ceipignasimele\/wp-json\/wp\/v2\/pages\/73\/revisions\/3086"}],"up":[{"embeddable":true,"href":"https:\/\/agora.xtec.cat\/ceipignasimele\/wp-json\/wp\/v2\/pages\/714"}],"wp:attachment":[{"href":"https:\/\/agora.xtec.cat\/ceipignasimele\/wp-json\/wp\/v2\/media?parent=73"}],"curies":[{"name":"wp","href":"https:\/\/api.w.org\/{rel}","templated":true}]}}