{"id":697,"date":"2017-03-03T16:18:59","date_gmt":"2017-03-03T15:18:59","guid":{"rendered":"http:\/\/agora.xtec.cat\/ceipignasimele\/?page_id=697"},"modified":"2023-09-25T12:46:35","modified_gmt":"2023-09-25T10:46:35","slug":"plantilla","status":"publish","type":"page","link":"https:\/\/agora.xtec.cat\/ceipignasimele\/organitzacio\/plantilla\/","title":{"rendered":"Plantilla de professors (Cicles)"},"content":{"rendered":"<table style=\"width: 67.875%; height: 172px;\">\n<tbody>\n<tr style=\"height: 33px;\">\n<td style=\"width: 60.9613%; height: 33px;\"><span style=\"color: #ff00ff;\"><strong>CICLE ROSA &#8211; Tutories<\/strong><\/span><\/td>\n<td style=\"width: 16.1782%; height: 33px;\"><span style=\"color: #ff00ff;\"><strong>Coordinacions<\/strong><\/span><\/td>\n<td style=\"width: 22.4027%; height: 33px;\"><span style=\"color: #ff00ff;\"><strong>Especialistes<\/strong><\/span><\/td>\n<\/tr>\n<tr style=\"height: 33px;\">\n<td style=\"width: 60.9613%; height: 33px;\"><strong>I3A-\u00a0 Laura L.- Cristina (1\/2)\u00a0 \u00a0 \u00a0 \u00a0 \u00a0 \u00a0 \u00a0 I3B- Beli S.<\/strong><\/td>\n<td style=\"width: 16.1782%; height: 33px;\"><strong>Olga T. <\/strong><\/p>\n<p><strong>Judit.V<\/strong><\/p>\n<p>&nbsp;<\/td>\n<td style=\"width: 22.4027%; height: 33px;\"><strong>M.Helena (m\u00fasica)<\/strong><\/p>\n<p><strong>Yoli psicomostricitat (I3,I4) i suport<\/strong><\/p>\n<p><strong>Judit V.\/Gemma L Educaci\u00f3 Especial<\/strong><\/td>\n<\/tr>\n<tr style=\"height: 73px;\">\n<td style=\"width: 60.9613%; height: 73px;\"><strong>I4A-\u00a0 M\u00f2nika V.\u00a0 \u00a0 \u00a0 \u00a0 \u00a0 \u00a0 \u00a0 \u00a0 \u00a0I4B- Olga T.<\/strong><\/td>\n<td style=\"width: 16.1782%; height: 73px;\"><\/td>\n<td style=\"width: 22.4027%; height: 73px;\"><strong>Neus G (angl\u00e8s)<\/strong><\/p>\n<p><strong>Annie (psicomotricitat I5)<\/strong><\/p>\n<p>&nbsp;<\/td>\n<\/tr>\n<tr style=\"height: 33px;\">\n<td style=\"width: 60.9613%; height: 33px;\"><strong>I5A- S\u00f2nia &#8211; Rosa (1\/2)\u00a0 \u00a0 \u00a0 \u00a0 \u00a0 \u00a0 \u00a0 I5B- Maria Macay<\/strong><\/td>\n<td style=\"width: 16.1782%; height: 33px;\"><\/td>\n<td style=\"width: 22.4027%; height: 33px;\"><strong>Che Molina (TEI)<\/strong><\/p>\n<p><strong>Laura M. (TEI)<\/strong><\/td>\n<\/tr>\n<\/tbody>\n<\/table>\n<table style=\"width: 67.8043%; height: 306px;\">\n<tbody>\n<tr style=\"height: 55px;\">\n<td style=\"width: 60.4924%; height: 55px;\"><strong>CICLE BLANC &#8211; Tutories<\/strong><\/td>\n<td style=\"width: 16.9898%; height: 55px;\"><strong>Coordinacions<\/strong><\/td>\n<td style=\"width: 21.58%; height: 55px;\"><strong>Especialistes<\/strong><\/td>\n<\/tr>\n<tr style=\"height: 55px;\">\n<td style=\"width: 60.4924%; height: 31px;\"><strong>1rA-\u00a0 N\u00faria Rabassa\u00a0 \u00a0 \u00a0 \u00a0 \u00a0 \u00a0 1rB- Montse V.<\/strong><\/td>\n<td style=\"width: 16.9898%; height: 31px;\"><strong>Annie<\/strong><\/p>\n<p><strong>(Cicle)<\/strong><\/td>\n<td style=\"width: 21.58%; height: 31px;\"><strong>M.Helena (m\u00fasica)<\/strong><\/p>\n<p><strong>Emma (pl\u00e0stica)<\/strong><\/td>\n<\/tr>\n<tr style=\"height: 55px;\">\n<td style=\"width: 60.4924%; height: 52px;\"><strong>2nA- Carol Luque\u00a0 \u00a0 \u00a0 \u00a0 \u00a0 \u00a0 \u00a0 \u00a0 \u00a0 \u00a0 \u00a02nB- Ester Lloveras<\/strong><\/td>\n<td style=\"width: 16.9898%; height: 52px;\"><strong>Gemma (LIC)<\/strong><\/td>\n<td style=\"width: 21.58%; height: 52px;\"><strong>Neus (angl\u00e8s)<\/strong><\/p>\n<p><strong>Gemma J. (EE)<\/strong><\/p>\n<p><strong>Annie (Ed.F\u00edsica)<\/strong><\/td>\n<\/tr>\n<tr style=\"height: 55px;\">\n<td style=\"width: 60.4924%; height: 6px;\"><strong>3RA- Montse Serra\u00a0 \u00a0 \u00a0 \u00a0 \u00a0 \u00a0 \u00a0 \u00a0 \u00a0 \u00a0 \u00a0 \u00a0 \u00a03rB- Ester Puig<\/strong><\/td>\n<td style=\"width: 16.9898%; height: 6px;\"><strong>Emma F. (riscos laborals)<\/strong><\/td>\n<td style=\"width: 21.58%; height: 6px;\"><strong>Carles Furest (religi\u00f3 i rob\u00f2tica)<\/strong><\/td>\n<\/tr>\n<\/tbody>\n<\/table>\n<table style=\"width: 67.8043%;\">\n<tbody>\n<tr style=\"height: 55px;\">\n<td style=\"width: 60.4924%; height: 55px;\"><strong><span style=\"color: #0000ff;\">CICLE BLAU &#8211; Tutories<\/span><\/strong><\/td>\n<td style=\"width: 17.1074%; height: 55px;\"><strong><span style=\"color: #0000ff;\">Coordinacions<\/span><\/strong><\/td>\n<td style=\"width: 21.3452%; height: 55px;\"><strong><span style=\"color: #0000ff;\">Especialistes<\/span><\/strong><\/td>\n<\/tr>\n<tr style=\"height: 55px;\">\n<td style=\"width: 60.4924%; height: 77px;\"><strong>4rtA- Aur\u00e8lia M.\u00a0 \u00a0 \u00a0<\/strong><strong> 4rtB- Sara M.<\/strong><\/td>\n<td style=\"width: 17.1074%; height: 77px;\"><strong>Amanda Ariza (Cicle)<\/strong><\/td>\n<td style=\"width: 21.3452%; height: 77px;\"><strong>Paloma (Suport\/rob\u00f2<\/strong><strong>tica)<\/strong><\/p>\n<p>&nbsp;<\/td>\n<\/tr>\n<tr style=\"height: 55px;\">\n<td style=\"width: 60.4924%; height: 78px;\"><strong>5\u00e8A- Fran S.\u00a0 \u00a0 5\u00e8B- Olga Cort\u00e9s\u00a0 \u00a05\u00e8C Amanda A.\u00a0<\/strong><\/td>\n<td style=\"width: 17.1074%; height: 78px;\"><strong>Neus G.(TAC)<\/strong><\/td>\n<td style=\"width: 21.3452%; height: 78px;\"><strong>Em\u00edlia (AA)<\/strong><\/p>\n<p><strong>Marta S (angl\u00e8s)<\/strong><\/p>\n<p><strong>Enri M (EE)<\/strong><\/p>\n<p><strong>Emma (pl\u00e0stica)<\/strong><\/p>\n<p><strong>Vicen R. (Religi\u00f3\/suport)<\/strong><\/p>\n<p>&nbsp;<\/td>\n<\/tr>\n<tr style=\"height: 55px;\">\n<td style=\"width: 60.4924%; height: 57px;\"><strong>6\u00e8A- \u00c0ngela Fern\u00e1ndez\u00a0 \u00a0 \u00a06\u00e8B- Gerard Fern\u00e1ndez<\/strong><\/td>\n<td style=\"width: 17.1074%; height: 57px;\"><\/td>\n<td style=\"width: 21.3452%; height: 57px;\"><strong>Fran S. Ed.F\u00edsica<\/strong><\/td>\n<\/tr>\n<\/tbody>\n<\/table>\n","protected":false},"excerpt":{"rendered":"<p>CICLE ROSA &#8211; Tutories<br \/>\nCoordinacions<br \/>\nEspecialistes<\/p>\n<p>I3A-\u00a0 Laura L.- Cristina (1\/2)\u00a0 \u00a0 \u00a0 \u00a0 \u00a0 \u00a0 \u00a0 I3B- Beli S.<br \/>\nOlga T.<br \/>\nJudit.V<br \/>\n&nbsp;<br \/>\nM.Helena (m\u00fasica)<br \/>\nYoli psicomostricitat (I3,I4) i suport<br \/>\nJudit V.\/Gemma L Educaci\u00f3 Especial<\/p>\n<p>I4A-\u00a0 M\u00f2nika V.\u00a0 \u00a0 \u00a0 \u00a0 \u00a0 \u00a0 \u00a0 \u00a0 \u00a0I4B- Olga T.<\/p>\n<p>Neus G (angl\u00e8s)<br \/>\nAnnie (psicomotricitat I5)<br \/>\n&nbsp;<\/p>\n<p>I5A- S\u00f2nia&hellip;  <a href=\"https:\/\/agora.xtec.cat\/ceipignasimele\/organitzacio\/plantilla\/\" title=\"Read Plantilla de professors (Cicles)\">Llegeix m\u00e9s\u00bb<\/a><\/p>\n","protected":false},"author":1,"featured_media":0,"parent":616,"menu_order":0,"comment_status":"closed","ping_status":"closed","template":"page-templates\/side-menu.php","meta":{"_bbp_topic_count":0,"_bbp_reply_count":0,"_bbp_total_topic_count":0,"_bbp_total_reply_count":0,"_bbp_voice_count":0,"_bbp_anonymous_reply_count":0,"_bbp_topic_count_hidden":0,"_bbp_reply_count_hidden":0,"_bbp_forum_subforum_count":0,"footnotes":""},"class_list":["post-697","page","type-page","status-publish","hentry"],"post_mailing_queue_ids":[],"_links":{"self":[{"href":"https:\/\/agora.xtec.cat\/ceipignasimele\/wp-json\/wp\/v2\/pages\/697","targetHints":{"allow":["GET"]}}],"collection":[{"href":"https:\/\/agora.xtec.cat\/ceipignasimele\/wp-json\/wp\/v2\/pages"}],"about":[{"href":"https:\/\/agora.xtec.cat\/ceipignasimele\/wp-json\/wp\/v2\/types\/page"}],"author":[{"embeddable":true,"href":"https:\/\/agora.xtec.cat\/ceipignasimele\/wp-json\/wp\/v2\/users\/1"}],"replies":[{"embeddable":true,"href":"https:\/\/agora.xtec.cat\/ceipignasimele\/wp-json\/wp\/v2\/comments?post=697"}],"version-history":[{"count":4,"href":"https:\/\/agora.xtec.cat\/ceipignasimele\/wp-json\/wp\/v2\/pages\/697\/revisions"}],"predecessor-version":[{"id":3044,"href":"https:\/\/agora.xtec.cat\/ceipignasimele\/wp-json\/wp\/v2\/pages\/697\/revisions\/3044"}],"up":[{"embeddable":true,"href":"https:\/\/agora.xtec.cat\/ceipignasimele\/wp-json\/wp\/v2\/pages\/616"}],"wp:attachment":[{"href":"https:\/\/agora.xtec.cat\/ceipignasimele\/wp-json\/wp\/v2\/media?parent=697"}],"curies":[{"name":"wp","href":"https:\/\/api.w.org\/{rel}","templated":true}]}}