{"id":691,"date":"2017-03-03T16:16:13","date_gmt":"2017-03-03T15:16:13","guid":{"rendered":"http:\/\/agora.xtec.cat\/ceipignasimele\/?page_id=691"},"modified":"2022-12-07T14:54:30","modified_gmt":"2022-12-07T13:54:30","slug":"valors","status":"publish","type":"page","link":"https:\/\/agora.xtec.cat\/ceipignasimele\/lescola\/direccio\/plantejament-institucional\/valors\/","title":{"rendered":"Valors"},"content":{"rendered":"<p><em>\u00a0<\/em><\/p>\n<ul>\n<li>\n<p class=\"western\" lang=\"ca-ES\">Cultura de l\u2019esfor\u00e7, const\u00e0ncia i responsabilitat.<\/p>\n<\/li>\n<li>\n<p class=\"western\" lang=\"ca-ES\">Diversitat com element enriquidor de conviv\u00e8ncia i respecte.<\/p>\n<\/li>\n<li>\n<p class=\"western\" lang=\"ca-ES\">El treball com a superaci\u00f3 personal, autonomia i emprenedoria.<\/p>\n<\/li>\n<li>\n<p class=\"western\" lang=\"ca-ES\">El treball en equip i la cooperaci\u00f3.<\/p>\n<\/li>\n<li>\n<p class=\"western\" lang=\"ca-ES\">Iniciativa personal, creativitat i participaci\u00f3.<\/p>\n<\/li>\n<li>\n<p class=\"western\" lang=\"ca-ES\">Comunicaci\u00f3 i di\u00e0leg.<\/p>\n<\/li>\n<li>\n<p class=\"western\" lang=\"ca-ES\">Gesti\u00f3 emocional a nivell individual i grupal.<\/p>\n<\/li>\n<li>\n<p class=\"western\" lang=\"ca-ES\">Consci\u00e8ncia ecol\u00f2gica i gesti\u00f3 mediambiental.<\/p>\n<\/li>\n<\/ul>\n","protected":false},"excerpt":{"rendered":"<p>\u00a0<\/p>\n<ul>\n<li>\nCultura de l\u2019esfor\u00e7, const\u00e0ncia i responsabilitat.\n<\/li>\n<li>\nDiversitat com element enriquidor de conviv\u00e8ncia i respecte.\n<\/li>\n<li>\nEl treball com a superaci\u00f3 personal, autonomia i emprenedoria.\n<\/li>\n<li>\nEl treball en equip i la cooperaci\u00f3.\n<\/li>\n<li>\nIniciativa personal, creativitat i participaci\u00f3.\n<\/li>\n<li>\nComunicaci\u00f3 i di\u00e0leg.\n<\/li>\n<li>\nGesti\u00f3 emocional a nivell individual i grupal.\n<\/li>\n<li>\nConsci\u00e8ncia ecol\u00f2gica i gesti\u00f3 mediambiental.\n<\/li>\n<\/ul>\n","protected":false},"author":1,"featured_media":0,"parent":670,"menu_order":0,"comment_status":"closed","ping_status":"closed","template":"page-templates\/side-menu.php","meta":{"_bbp_topic_count":0,"_bbp_reply_count":0,"_bbp_total_topic_count":0,"_bbp_total_reply_count":0,"_bbp_voice_count":0,"_bbp_anonymous_reply_count":0,"_bbp_topic_count_hidden":0,"_bbp_reply_count_hidden":0,"_bbp_forum_subforum_count":0,"footnotes":""},"class_list":["post-691","page","type-page","status-publish","hentry"],"post_mailing_queue_ids":[],"_links":{"self":[{"href":"https:\/\/agora.xtec.cat\/ceipignasimele\/wp-json\/wp\/v2\/pages\/691","targetHints":{"allow":["GET"]}}],"collection":[{"href":"https:\/\/agora.xtec.cat\/ceipignasimele\/wp-json\/wp\/v2\/pages"}],"about":[{"href":"https:\/\/agora.xtec.cat\/ceipignasimele\/wp-json\/wp\/v2\/types\/page"}],"author":[{"embeddable":true,"href":"https:\/\/agora.xtec.cat\/ceipignasimele\/wp-json\/wp\/v2\/users\/1"}],"replies":[{"embeddable":true,"href":"https:\/\/agora.xtec.cat\/ceipignasimele\/wp-json\/wp\/v2\/comments?post=691"}],"version-history":[{"count":2,"href":"https:\/\/agora.xtec.cat\/ceipignasimele\/wp-json\/wp\/v2\/pages\/691\/revisions"}],"predecessor-version":[{"id":947,"href":"https:\/\/agora.xtec.cat\/ceipignasimele\/wp-json\/wp\/v2\/pages\/691\/revisions\/947"}],"up":[{"embeddable":true,"href":"https:\/\/agora.xtec.cat\/ceipignasimele\/wp-json\/wp\/v2\/pages\/670"}],"wp:attachment":[{"href":"https:\/\/agora.xtec.cat\/ceipignasimele\/wp-json\/wp\/v2\/media?parent=691"}],"curies":[{"name":"wp","href":"https:\/\/api.w.org\/{rel}","templated":true}]}}