{"id":689,"date":"2017-03-03T16:15:57","date_gmt":"2017-03-03T15:15:57","guid":{"rendered":"http:\/\/agora.xtec.cat\/ceipignasimele\/?page_id=689"},"modified":"2022-12-07T14:54:20","modified_gmt":"2022-12-07T13:54:20","slug":"visio","status":"publish","type":"page","link":"https:\/\/agora.xtec.cat\/ceipignasimele\/lescola\/direccio\/plantejament-institucional\/visio\/","title":{"rendered":"Visi\u00f3"},"content":{"rendered":"<p class=\"western\" lang=\"ca-ES\" align=\"justify\">L\u2019\u00f2ptica de l\u2019escola aposta per una educaci\u00f3 on l\u2019alumne\/a \u00e9s el protagonista de l\u2019acci\u00f3 educativa, incorporant gradualment pedagogies actives des de la visi\u00f3 de les m\u00faltiples intel\u00b7lig\u00e8ncies, la superaci\u00f3 personal i el treball en equip. Apostant per l\u2019aprenentatge de les lleng\u00fces estrangeres, aprenentatges funcionals i significatius, el treball cooperatiu, la cultura de l\u2019esfor\u00e7 i l\u2019\u00fas de les TAC, donant resposta a les necessitats educatives de l\u2019alumnat i millorant el seu nivell competencial.<\/p>\n<p class=\"western\" lang=\"ca-ES\" align=\"justify\">Una comunitat educativa acollidora, on tothom \u00e9s benvingut, on les fam\u00edlies col\u00b7laboren i comparteixen amb el centre el repte que suposa l\u2019educaci\u00f3 dels seus fills\/es.<\/p>\n<p class=\"western\" lang=\"ca-ES\" align=\"justify\">Un centre que creix, participa, dinamitza i innova interactuant amb l\u2019entorn (fam\u00edlies, entitats i associacions) creant una xarxa per la millora educativa.<\/p>\n","protected":false},"excerpt":{"rendered":"<p>L\u2019\u00f2ptica de l\u2019escola aposta per una educaci\u00f3 on l\u2019alumne\/a \u00e9s el protagonista de l\u2019acci\u00f3 educativa, incorporant gradualment pedagogies actives des de la visi\u00f3 de les m\u00faltiples intel\u00b7lig\u00e8ncies, la superaci\u00f3 personal i el treball en equip. Apostant per l\u2019aprenentatge de les lleng\u00fces estrangeres, aprenentatges funcionals i&hellip;  <a href=\"https:\/\/agora.xtec.cat\/ceipignasimele\/lescola\/direccio\/plantejament-institucional\/visio\/\" title=\"Read Visi\u00f3\">Llegeix m\u00e9s\u00bb<\/a><\/p>\n","protected":false},"author":1,"featured_media":0,"parent":670,"menu_order":0,"comment_status":"closed","ping_status":"closed","template":"page-templates\/side-menu.php","meta":{"_bbp_topic_count":0,"_bbp_reply_count":0,"_bbp_total_topic_count":0,"_bbp_total_reply_count":0,"_bbp_voice_count":0,"_bbp_anonymous_reply_count":0,"_bbp_topic_count_hidden":0,"_bbp_reply_count_hidden":0,"_bbp_forum_subforum_count":0,"footnotes":""},"class_list":["post-689","page","type-page","status-publish","hentry"],"post_mailing_queue_ids":[],"_links":{"self":[{"href":"https:\/\/agora.xtec.cat\/ceipignasimele\/wp-json\/wp\/v2\/pages\/689","targetHints":{"allow":["GET"]}}],"collection":[{"href":"https:\/\/agora.xtec.cat\/ceipignasimele\/wp-json\/wp\/v2\/pages"}],"about":[{"href":"https:\/\/agora.xtec.cat\/ceipignasimele\/wp-json\/wp\/v2\/types\/page"}],"author":[{"embeddable":true,"href":"https:\/\/agora.xtec.cat\/ceipignasimele\/wp-json\/wp\/v2\/users\/1"}],"replies":[{"embeddable":true,"href":"https:\/\/agora.xtec.cat\/ceipignasimele\/wp-json\/wp\/v2\/comments?post=689"}],"version-history":[{"count":2,"href":"https:\/\/agora.xtec.cat\/ceipignasimele\/wp-json\/wp\/v2\/pages\/689\/revisions"}],"predecessor-version":[{"id":946,"href":"https:\/\/agora.xtec.cat\/ceipignasimele\/wp-json\/wp\/v2\/pages\/689\/revisions\/946"}],"up":[{"embeddable":true,"href":"https:\/\/agora.xtec.cat\/ceipignasimele\/wp-json\/wp\/v2\/pages\/670"}],"wp:attachment":[{"href":"https:\/\/agora.xtec.cat\/ceipignasimele\/wp-json\/wp\/v2\/media?parent=689"}],"curies":[{"name":"wp","href":"https:\/\/api.w.org\/{rel}","templated":true}]}}