{"id":668,"date":"2017-03-03T16:06:44","date_gmt":"2017-03-03T15:06:44","guid":{"rendered":"http:\/\/agora.xtec.cat\/ceipignasimele\/?page_id=668"},"modified":"2023-03-09T09:54:15","modified_gmt":"2023-03-09T08:54:15","slug":"direccio","status":"publish","type":"page","link":"https:\/\/agora.xtec.cat\/ceipignasimele\/lescola\/direccio\/","title":{"rendered":"DIRECCI\u00d3"},"content":{"rendered":"<p>&nbsp;<\/p>\n<p><a href=\"http:\/\/agora.xtec.cat\/ceipignasimele\/wp-content\/uploads\/usu1607\/2017\/05\/confucci.jpg\"><img loading=\"lazy\" decoding=\"async\" class=\"alignnone size-full wp-image-943\" src=\"http:\/\/agora.xtec.cat\/ceipignasimele\/wp-content\/uploads\/usu1607\/2017\/05\/confucci.jpg\" alt=\"confucci\" width=\"1022\" height=\"265\" srcset=\"https:\/\/agora.xtec.cat\/ceipignasimele\/wp-content\/uploads\/usu1607\/2017\/05\/confucci.jpg 1022w, https:\/\/agora.xtec.cat\/ceipignasimele\/wp-content\/uploads\/usu1607\/2017\/05\/confucci-300x78.jpg 300w, https:\/\/agora.xtec.cat\/ceipignasimele\/wp-content\/uploads\/usu1607\/2017\/05\/confucci-768x199.jpg 768w\" sizes=\"auto, (max-width: 1022px) 100vw, 1022px\" \/><\/a><\/p>\n<p>Com equip de direcci\u00f3 entrant,<\/p>\n<p>volem desenvolupar aquesta tasca amb entusiasme, energia, innovaci\u00f3 i professionalitat, partint del potencial de tot l&#8217;equip hum\u00e0, posant \u00e8mfasi en la participaci\u00f3 de les fam\u00edlies, potenciant la formaci\u00f3 continuada, conjuntament del personal de l&#8217;administraci\u00f3 educativa, aix\u00ed com dels serveis i entitats que interactuen en\u00a0una escola oberta a l&#8217;escolat activa.<\/p>\n<p>\u00c9s per aix\u00f2, que ens comprometem a oferir un servei de qualitat a la comunitat.<\/p>\n<p>Equip de Direcci\u00f3.<\/p>\n<p>&nbsp;<\/p>\n","protected":false},"excerpt":{"rendered":"<p>&nbsp;<br \/>\n<a href=\"http:\/\/agora.xtec.cat\/ceipignasimele\/wp-content\/uploads\/usu1607\/2017\/05\/confucci.jpg\"><\/a><br \/>\nCom equip de direcci\u00f3 entrant,<br \/>\nvolem desenvolupar aquesta tasca amb entusiasme, energia, innovaci\u00f3 i professionalitat, partint del potencial de tot l&#8217;equip hum\u00e0, posant \u00e8mfasi en la participaci\u00f3 de les fam\u00edlies, potenciant la formaci\u00f3 continuada, conjuntament del personal de l&#8217;administraci\u00f3 educativa, aix\u00ed com dels serveis i&hellip;  <a href=\"https:\/\/agora.xtec.cat\/ceipignasimele\/lescola\/direccio\/\" title=\"Read DIRECCI\u00d3\">Llegeix m\u00e9s\u00bb<\/a><\/p>\n","protected":false},"author":1,"featured_media":0,"parent":22,"menu_order":3,"comment_status":"closed","ping_status":"closed","template":"page-templates\/side-menu.php","meta":{"_bbp_topic_count":0,"_bbp_reply_count":0,"_bbp_total_topic_count":0,"_bbp_total_reply_count":0,"_bbp_voice_count":0,"_bbp_anonymous_reply_count":0,"_bbp_topic_count_hidden":0,"_bbp_reply_count_hidden":0,"_bbp_forum_subforum_count":0,"footnotes":""},"class_list":["post-668","page","type-page","status-publish","hentry"],"post_mailing_queue_ids":[],"_links":{"self":[{"href":"https:\/\/agora.xtec.cat\/ceipignasimele\/wp-json\/wp\/v2\/pages\/668","targetHints":{"allow":["GET"]}}],"collection":[{"href":"https:\/\/agora.xtec.cat\/ceipignasimele\/wp-json\/wp\/v2\/pages"}],"about":[{"href":"https:\/\/agora.xtec.cat\/ceipignasimele\/wp-json\/wp\/v2\/types\/page"}],"author":[{"embeddable":true,"href":"https:\/\/agora.xtec.cat\/ceipignasimele\/wp-json\/wp\/v2\/users\/1"}],"replies":[{"embeddable":true,"href":"https:\/\/agora.xtec.cat\/ceipignasimele\/wp-json\/wp\/v2\/comments?post=668"}],"version-history":[{"count":3,"href":"https:\/\/agora.xtec.cat\/ceipignasimele\/wp-json\/wp\/v2\/pages\/668\/revisions"}],"predecessor-version":[{"id":2644,"href":"https:\/\/agora.xtec.cat\/ceipignasimele\/wp-json\/wp\/v2\/pages\/668\/revisions\/2644"}],"up":[{"embeddable":true,"href":"https:\/\/agora.xtec.cat\/ceipignasimele\/wp-json\/wp\/v2\/pages\/22"}],"wp:attachment":[{"href":"https:\/\/agora.xtec.cat\/ceipignasimele\/wp-json\/wp\/v2\/media?parent=668"}],"curies":[{"name":"wp","href":"https:\/\/api.w.org\/{rel}","templated":true}]}}