{"id":3393,"date":"2024-05-13T15:07:55","date_gmt":"2024-05-13T13:07:55","guid":{"rendered":"https:\/\/agora.xtec.cat\/ceipignasimele\/?page_id=3393"},"modified":"2025-01-23T20:39:59","modified_gmt":"2025-01-23T19:39:59","slug":"edc","status":"publish","type":"page","link":"https:\/\/agora.xtec.cat\/ceipignasimele\/documents-de-centre-3\/edc\/","title":{"rendered":"EDC"},"content":{"rendered":"<h2><b>ESTRAT\u00c8GIA DIGITAL de CENTRE (EDC)<\/b><\/h2>\n<p><span style=\"font-weight: 400;\">L&#8217;ESTRAT\u00c8GIA DIGITAL de CENTRE (EDC) de l\u2019Escola Ignasi Mel\u00e9 i Farr\u00e9 \u00e9s un document pr\u00e0ctic que t\u00e9 per finalitat r<\/span><span style=\"font-weight: 400;\">ecollir totes les accions que es realitzen en el centre, i les que es realitzaran a mitj\u00e0 termini, per aconseguir la m\u00e0xima compet\u00e8ncia digital de l\u2019alumnat, del professorat i del centre educatiu.<\/span><span style=\"font-weight: 400;\">\u00a0<\/span><\/p>\n<h4><b>OBJECTIUS DE L&#8217;ESTRAT\u00c8GIA DIGITAL de CENTRE (EDC)<\/b><\/h4>\n<ul>\n<li style=\"font-weight: 400;\" aria-level=\"1\"><span style=\"font-weight: 400;\">Documentar l&#8217;Estrat\u00e8gia Digital del Centre.<\/span><\/li>\n<li style=\"font-weight: 400;\" aria-level=\"1\"><span style=\"font-weight: 400;\">Assegurar la compet\u00e8ncia digital de tot l&#8217;alumnat.<\/span><\/li>\n<li style=\"font-weight: 400;\" aria-level=\"1\"><span style=\"font-weight: 400;\">Aconseguir la integraci\u00f3 curricular de les TIC.<\/span><\/li>\n<li style=\"font-weight: 400;\" aria-level=\"1\"><span style=\"font-weight: 400;\">Afavorir la inclusi\u00f3 digital de tota la comunitat educativa.<\/span><\/li>\n<li style=\"font-weight: 400;\" aria-level=\"1\"><span style=\"font-weight: 400;\">Promoure la innovaci\u00f3 pedag\u00f2gica.<\/span><\/li>\n<\/ul>\n<p>En el seg\u00fcent <a href=\"https:\/\/sites.google.com\/xtec.cat\/edc-ignasi-mele-tossa\/estrat%C3%A8gia-digital-de-centre-edc\">enlla\u00e7<\/a> podeu veure com queden organitzades les dades i documentaci\u00f3 elaborada a l&#8217;EDC de l&#8217;escola.<\/p>\n","protected":false},"excerpt":{"rendered":"<p>ESTRAT\u00c8GIA DIGITAL de CENTRE (EDC)<br \/>\nL&#8217;ESTRAT\u00c8GIA DIGITAL de CENTRE (EDC) de l\u2019Escola Ignasi Mel\u00e9 i Farr\u00e9 \u00e9s un document pr\u00e0ctic que t\u00e9 per finalitat recollir totes les accions que es realitzen en el centre, i les que es realitzaran a mitj\u00e0 termini, per aconseguir la m\u00e0xima&hellip;  <a href=\"https:\/\/agora.xtec.cat\/ceipignasimele\/documents-de-centre-3\/edc\/\" title=\"Read EDC\">Llegeix m\u00e9s\u00bb<\/a><\/p>\n","protected":false},"author":1,"featured_media":0,"parent":3132,"menu_order":4,"comment_status":"closed","ping_status":"closed","template":"","meta":{"_bbp_topic_count":0,"_bbp_reply_count":0,"_bbp_total_topic_count":0,"_bbp_total_reply_count":0,"_bbp_voice_count":0,"_bbp_anonymous_reply_count":0,"_bbp_topic_count_hidden":0,"_bbp_reply_count_hidden":0,"_bbp_forum_subforum_count":0,"footnotes":""},"class_list":["post-3393","page","type-page","status-publish","hentry"],"post_mailing_queue_ids":[],"_links":{"self":[{"href":"https:\/\/agora.xtec.cat\/ceipignasimele\/wp-json\/wp\/v2\/pages\/3393","targetHints":{"allow":["GET"]}}],"collection":[{"href":"https:\/\/agora.xtec.cat\/ceipignasimele\/wp-json\/wp\/v2\/pages"}],"about":[{"href":"https:\/\/agora.xtec.cat\/ceipignasimele\/wp-json\/wp\/v2\/types\/page"}],"author":[{"embeddable":true,"href":"https:\/\/agora.xtec.cat\/ceipignasimele\/wp-json\/wp\/v2\/users\/1"}],"replies":[{"embeddable":true,"href":"https:\/\/agora.xtec.cat\/ceipignasimele\/wp-json\/wp\/v2\/comments?post=3393"}],"version-history":[{"count":2,"href":"https:\/\/agora.xtec.cat\/ceipignasimele\/wp-json\/wp\/v2\/pages\/3393\/revisions"}],"predecessor-version":[{"id":3398,"href":"https:\/\/agora.xtec.cat\/ceipignasimele\/wp-json\/wp\/v2\/pages\/3393\/revisions\/3398"}],"up":[{"embeddable":true,"href":"https:\/\/agora.xtec.cat\/ceipignasimele\/wp-json\/wp\/v2\/pages\/3132"}],"wp:attachment":[{"href":"https:\/\/agora.xtec.cat\/ceipignasimele\/wp-json\/wp\/v2\/media?parent=3393"}],"curies":[{"name":"wp","href":"https:\/\/api.w.org\/{rel}","templated":true}]}}