{"id":3382,"date":"2024-05-08T13:24:40","date_gmt":"2024-05-08T11:24:40","guid":{"rendered":"https:\/\/agora.xtec.cat\/ceipignasimele\/?page_id=3382"},"modified":"2024-05-08T13:27:28","modified_gmt":"2024-05-08T11:27:28","slug":"benestar-digital","status":"publish","type":"page","link":"https:\/\/agora.xtec.cat\/ceipignasimele\/benestar-digital\/","title":{"rendered":"Benestar digital"},"content":{"rendered":"<p><span class=\"C9DxTc \">En la societat actual els nostres infants creixen envoltats de dispositius digitals amb continguts de tota mena i que f\u00e0cilment els atrapen. Ara b\u00e9, aquests dispositius han esdevingut una eina\/recurs que si la sabem fem servir neda a favor nostre. Per tant, nosaltres, els adults,\u00a0<\/span><span class=\"C9DxTc \">com acompanyem\u00a0<\/span><span class=\"C9DxTc \">als infants i joves perqu\u00e8 la tecnologia amb la qual creixen sigui una fortalesa i no una amena\u00e7a?<\/span><\/p>\n<p>Us deixem l&#8217;enlla\u00e7 al <a href=\"https:\/\/sites.google.com\/xtec.cat\/benestardigital-araceliroche\/inici\">web de consulta<\/a> creat per Araceli Roche, <span class=\"C9DxTc \">mestra d&#8217;educaci\u00f3 infantil i prim\u00e0ria, mentora digital, formadora del programa d&#8217;innovaci\u00f3 pedag\u00f2gica\u00a0<\/span><em><span class=\"C9DxTc \">Aqu\u00ed prou bullying<\/span><\/em><span class=\"C9DxTc \">\u00a0i mare de dos fills\/es.<\/span><\/p>\n","protected":false},"excerpt":{"rendered":"<p>En la societat actual els nostres infants creixen envoltats de dispositius digitals amb continguts de tota mena i que f\u00e0cilment els atrapen. Ara b\u00e9, aquests dispositius han esdevingut una eina\/recurs que si la sabem fem servir neda a favor nostre. Per tant, nosaltres, els adults,\u00a0com&hellip;  <a href=\"https:\/\/agora.xtec.cat\/ceipignasimele\/benestar-digital\/\" title=\"Read Benestar digital\">Llegeix m\u00e9s\u00bb<\/a><\/p>\n","protected":false},"author":1,"featured_media":0,"parent":0,"menu_order":0,"comment_status":"closed","ping_status":"closed","template":"","meta":{"_bbp_topic_count":0,"_bbp_reply_count":0,"_bbp_total_topic_count":0,"_bbp_total_reply_count":0,"_bbp_voice_count":0,"_bbp_anonymous_reply_count":0,"_bbp_topic_count_hidden":0,"_bbp_reply_count_hidden":0,"_bbp_forum_subforum_count":0,"footnotes":""},"class_list":["post-3382","page","type-page","status-publish","hentry"],"post_mailing_queue_ids":[],"_links":{"self":[{"href":"https:\/\/agora.xtec.cat\/ceipignasimele\/wp-json\/wp\/v2\/pages\/3382","targetHints":{"allow":["GET"]}}],"collection":[{"href":"https:\/\/agora.xtec.cat\/ceipignasimele\/wp-json\/wp\/v2\/pages"}],"about":[{"href":"https:\/\/agora.xtec.cat\/ceipignasimele\/wp-json\/wp\/v2\/types\/page"}],"author":[{"embeddable":true,"href":"https:\/\/agora.xtec.cat\/ceipignasimele\/wp-json\/wp\/v2\/users\/1"}],"replies":[{"embeddable":true,"href":"https:\/\/agora.xtec.cat\/ceipignasimele\/wp-json\/wp\/v2\/comments?post=3382"}],"version-history":[{"count":2,"href":"https:\/\/agora.xtec.cat\/ceipignasimele\/wp-json\/wp\/v2\/pages\/3382\/revisions"}],"predecessor-version":[{"id":3387,"href":"https:\/\/agora.xtec.cat\/ceipignasimele\/wp-json\/wp\/v2\/pages\/3382\/revisions\/3387"}],"wp:attachment":[{"href":"https:\/\/agora.xtec.cat\/ceipignasimele\/wp-json\/wp\/v2\/media?parent=3382"}],"curies":[{"name":"wp","href":"https:\/\/api.w.org\/{rel}","templated":true}]}}