{"id":3336,"date":"2024-02-21T15:58:59","date_gmt":"2024-02-21T14:58:59","guid":{"rendered":"https:\/\/agora.xtec.cat\/ceipignasimele\/?page_id=3336"},"modified":"2024-02-21T16:00:15","modified_gmt":"2024-02-21T15:00:15","slug":"app","status":"publish","type":"page","link":"https:\/\/agora.xtec.cat\/ceipignasimele\/serveis-3\/app\/","title":{"rendered":"APP"},"content":{"rendered":"<p>A l&#8217;escola utilitzem una App per comunicar-nos amb les fam\u00edlies. Aqu\u00ed teniu tota la informaci\u00f3 necess\u00e0ria pel seu funcionament.<\/p>\n<p><strong>Com registrar-se a la App<\/strong><\/p>\n<p><iframe loading=\"lazy\" src=\"\/\/www.youtube.com\/embed\/ZYGYWcsuwGU\" width=\"560\" height=\"314\" allowfullscreen=\"allowfullscreen\" data-mce-fragment=\"1\"><\/iframe><\/p>\n<p><strong>Instruccions per registrar-se es fam\u00edlies<\/strong><\/p>\n<p><iframe loading=\"lazy\" src=\"https:\/\/docs.google.com\/viewer?srcid=1eMa3kZecMR_mrlespTGNgMP4Abnj9S75&amp;pid=explorer&amp;efh=false&amp;a=v&amp;chrome=false&amp;embedded=true\" width=\"500\" height=\"750px\" data-mce-fragment=\"1\"><span data-mce-type=\"bookmark\" style=\"display: inline-block; width: 0px; overflow: hidden; line-height: 0;\" class=\"mce_SELRES_start\">\ufeff<\/span><span data-mce-type=\"bookmark\" style=\"display: inline-block; width: 0px; overflow: hidden; line-height: 0;\" class=\"mce_SELRES_start\">\ufeff<\/span><span data-mce-type=\"bookmark\" style=\"display: inline-block; width: 0px; overflow: hidden; line-height: 0;\" class=\"mce_SELRES_start\">\ufeff<\/span><\/iframe><\/p>\n<p>&nbsp;<\/p>\n","protected":false},"excerpt":{"rendered":"<p>A l&#8217;escola utilitzem una App per comunicar-nos amb les fam\u00edlies. Aqu\u00ed teniu tota la informaci\u00f3 necess\u00e0ria pel seu funcionament.<br \/>\nCom registrar-se a la App<\/p>\n<p>Instruccions per registrar-se es fam\u00edlies<br \/>\n\ufeff\ufeff\ufeff<br \/>\n&nbsp;<\/p>\n","protected":false},"author":1,"featured_media":0,"parent":3136,"menu_order":5,"comment_status":"closed","ping_status":"closed","template":"page-templates\/side-menu.php","meta":{"_bbp_topic_count":0,"_bbp_reply_count":0,"_bbp_total_topic_count":0,"_bbp_total_reply_count":0,"_bbp_voice_count":0,"_bbp_anonymous_reply_count":0,"_bbp_topic_count_hidden":0,"_bbp_reply_count_hidden":0,"_bbp_forum_subforum_count":0,"footnotes":""},"class_list":["post-3336","page","type-page","status-publish","hentry"],"post_mailing_queue_ids":[],"_links":{"self":[{"href":"https:\/\/agora.xtec.cat\/ceipignasimele\/wp-json\/wp\/v2\/pages\/3336","targetHints":{"allow":["GET"]}}],"collection":[{"href":"https:\/\/agora.xtec.cat\/ceipignasimele\/wp-json\/wp\/v2\/pages"}],"about":[{"href":"https:\/\/agora.xtec.cat\/ceipignasimele\/wp-json\/wp\/v2\/types\/page"}],"author":[{"embeddable":true,"href":"https:\/\/agora.xtec.cat\/ceipignasimele\/wp-json\/wp\/v2\/users\/1"}],"replies":[{"embeddable":true,"href":"https:\/\/agora.xtec.cat\/ceipignasimele\/wp-json\/wp\/v2\/comments?post=3336"}],"version-history":[{"count":2,"href":"https:\/\/agora.xtec.cat\/ceipignasimele\/wp-json\/wp\/v2\/pages\/3336\/revisions"}],"predecessor-version":[{"id":3340,"href":"https:\/\/agora.xtec.cat\/ceipignasimele\/wp-json\/wp\/v2\/pages\/3336\/revisions\/3340"}],"up":[{"embeddable":true,"href":"https:\/\/agora.xtec.cat\/ceipignasimele\/wp-json\/wp\/v2\/pages\/3136"}],"wp:attachment":[{"href":"https:\/\/agora.xtec.cat\/ceipignasimele\/wp-json\/wp\/v2\/media?parent=3336"}],"curies":[{"name":"wp","href":"https:\/\/api.w.org\/{rel}","templated":true}]}}