{"id":3292,"date":"2024-02-21T12:06:23","date_gmt":"2024-02-21T11:06:23","guid":{"rendered":"https:\/\/agora.xtec.cat\/ceipignasimele\/?page_id=3292"},"modified":"2024-02-21T12:23:08","modified_gmt":"2024-02-21T11:23:08","slug":"horaris","status":"publish","type":"page","link":"https:\/\/agora.xtec.cat\/ceipignasimele\/lescola-2\/calendari-i-horaris\/horaris\/","title":{"rendered":"Horaris"},"content":{"rendered":"<h3><strong>Horari del centre<\/strong><\/h3>\n<p style=\"text-align: justify;\">Amb car\u00e0cter general, els alumnes d\u2019Educaci\u00f3 Infantil i Prim\u00e0ria de Catalunya fan un nombre total de 5 hores di\u00e0ries.<\/p>\n<p style=\"text-align: justify;\">L\u2019horari de l\u2019escola Ignasi Mel\u00e9 i Farr\u00e9 \u00e9s el seg\u00fcent:<\/p>\n<ul style=\"list-style-type: square; text-align: justify;\">\n<li>Mat\u00ed de 9:00 a 12:30h.<\/li>\n<li>Tarda de 15:00 a 16:30h.<\/li>\n<\/ul>\n<p style=\"text-align: justify;\"><strong><em>Entrades i sortides del centre dels alumnes d\u2019Educaci\u00f3 Infantil<\/em><\/strong><\/p>\n<ul style=\"list-style-type: square;\">\n<li style=\"text-align: justify;\"><strong>Entrades:<\/strong> L\u2019obertura del portal exterior del carrer Torrent Viver es fa a les 8:55 i a les 14:55 hores. N\u2019\u00e9s responsable, igualment que del tancament passats 5 minuts, la\/el conserge.<\/li>\n<li style=\"text-align: justify;\"><strong>Arribada dels alumnes:<\/strong> Les fam\u00edlies acompanyen els alumnes fins al portal del pati d\u2019infantil, on hi haur\u00e0 la TEI i una mestra de suport esperant-los. A partir d\u2019all\u00e0 es dirigeixen a la porta de les seves aules on els espera la mestra. A l\u2019inici del curs, les fam\u00edlies d\u2019I3 poden entrar fins la porta de la mateixa aula i, durant les dues primeres setmanes, romandre una estona amb el grup classe. Passat aquest per\u00edode, si encara hi ha problemes d\u2019adaptaci\u00f3 d\u2019algun alumne, es poden acordar noves mesures entre la fam\u00edlia i l\u2019equip de direcci\u00f3. A mesura que avan\u00e7a el curs i les nenes i els nens es van adaptant a l\u2019escola, les fam\u00edlies els acompanyaran fins a la tanca met\u00e0l\u00b7lica.<\/li>\n<li style=\"text-align: justify;\"><strong>Sortides:<\/strong> A les 12:25 i a les 16:25 hores s\u2019obre el portal exterior del <em>carrer Torrent Viver<\/em> perqu\u00e8 les fam\u00edlies puguin entrar i esperar els seus fills a la porta met\u00e0l\u00b7lica. Aquesta porta s\u2019obrir\u00e0 a les 12:30 i a les 16:30 per tal que els pares puguin dirigir-se a l\u2019aula o b\u00e9 a la rotllana que formen els alumnes en el pati.<\/li>\n<li style=\"text-align: justify;\"><strong>Entrega dels alumnes:<\/strong> Podran recollir els alumnes, totes les fam\u00edlies d\u2019EI o aquelles persones a qui aquestes autoritzin, pr\u00e8via posada en coneixement del centre. Els alumnes d\u2019I3 estaran dins les aules i els alumnes d\u2019I4 i I5 estaran a diferents zones del pati amb la tutora o mestra corresponent.<\/li>\n<\/ul>\n<p style=\"text-align: justify;\"><strong><em>Entrades i sortides dels alumnes de Prim\u00e0ria<\/em><\/strong><\/p>\n<ul style=\"list-style-type: square;\">\n<li style=\"text-align: justify;\"><strong>Entrades:<\/strong> L\u2019obertura del portal exterior del carrer Torrent Viver es fa a les 8:55 i a les14:55 hores. N\u2019\u00e9s responsable, igualment que del tancament passats 5 minuts, la\/el conserge.<\/li>\n<li style=\"text-align: justify;\"><strong>Arribada dels alumnes:<\/strong> Els alumnes de prim\u00e0ria es dirigiran sols cap a les seves aules on els esperar\u00e0 el\/la tutor\/a o mestres especialista corresponent. Hi haur\u00e0 diversos mestres encarregats de vigilar i assegurar el compliment de les normes de conviv\u00e8ncia dels diferents espais, escales i passadissos. Durant la primera setmana de curs, els familiars o acompanyants dels alumnes de 1r els podran acompanyar fins a la porta de la seva aula.<\/li>\n<li style=\"text-align: justify;\"><strong>Sortides:<\/strong> A les 12:25 i a les 16:25 hores s\u2019obre el portal exterior del carrer Torrent Viver perqu\u00e8 les fam\u00edlies dels alumnes de 1r i 2n puguin entrar i esperar els seus fills a prop de la zona on fan fila amb el\/la mestre\/a responsable. La resta de pares podran esperar els seus fills a qualsevol punt del recinte escolar.<\/li>\n<li style=\"text-align: justify;\"><strong>Entrega dels alumnes:<\/strong> Totes les fam\u00edlies de 1r i 2n o a qui aquestes autoritzin, pr\u00e8via posada en coneixement del centre, poden recollir els alumnes dirigint-se a la mestra de l\u2019aula per tal que aquesta li pugui donar l\u2019alumne en recon\u00e8ixer-la com a persona autoritzada. Els alumnes de 3r, 4t, 5\u00e8 i 6\u00e8 poden marxar sols de l\u2019escola, a excepci\u00f3 d\u2019aquells casos especials, pr\u00e8via justificaci\u00f3 a l\u2019equip de direcci\u00f3.<\/li>\n<\/ul>\n<p style=\"text-align: justify;\"><em><strong>Sortides del centre per part dels alumnes<\/strong><\/em><\/p>\n<p style=\"text-align: justify;\">Nom\u00e9s s\u00f3n possibles en cas que la fam\u00edlia informi de la causa i hora de recollida, per escrit o telef\u00f2nicament a la tutora o altre personal del centre. En cas de malaltia de l\u2019infant, es procedir\u00e0 de la seg\u00fcent manera:<\/p>\n<ul style=\"list-style-type: square;\">\n<li style=\"text-align: justify;\">A prim\u00e0ria, l\u2019alumne es dirigir\u00e0 a secretaria amb un company\/a perqu\u00e8 l\u2019administrativa avisi telef\u00f2nicament a la fam\u00edlia per informar de la situaci\u00f3 de salut del seu fill\/a i acordaran el moment m\u00e9s prompte de la seva recollida a l\u2019escola. Els alumnes retornaran a l\u2019aula i la conserge ser\u00e0 l\u2019encarregada d\u2019anar a buscar-lo i entregar-lo a la fam\u00edlia.<\/li>\n<li style=\"text-align: justify;\">A infantil, \u00e9s la tutora qui s\u2019encarrega d\u2019avisar telef\u00f2nicament a la fam\u00edlia.<\/li>\n<\/ul>\n","protected":false},"excerpt":{"rendered":"<p>Horari del centre<br \/>\nAmb car\u00e0cter general, els alumnes d\u2019Educaci\u00f3 Infantil i Prim\u00e0ria de Catalunya fan un nombre total de 5 hores di\u00e0ries.<br \/>\nL\u2019horari de l\u2019escola Ignasi Mel\u00e9 i Farr\u00e9 \u00e9s el seg\u00fcent:<\/p>\n<ul style=\"list-style-type: square; text-align: justify;\">\n<li>Mat\u00ed de 9:00 a 12:30h.<\/li>\n<li>Tarda de 15:00 a 16:30h.<\/li>\n<\/ul>\n<p>Entrades i sortides del&hellip;  <a href=\"https:\/\/agora.xtec.cat\/ceipignasimele\/lescola-2\/calendari-i-horaris\/horaris\/\" title=\"Read Horaris\">Llegeix m\u00e9s\u00bb<\/a><\/p>\n","protected":false},"author":1,"featured_media":0,"parent":3102,"menu_order":0,"comment_status":"closed","ping_status":"closed","template":"page-templates\/side-menu.php","meta":{"_bbp_topic_count":0,"_bbp_reply_count":0,"_bbp_total_topic_count":0,"_bbp_total_reply_count":0,"_bbp_voice_count":0,"_bbp_anonymous_reply_count":0,"_bbp_topic_count_hidden":0,"_bbp_reply_count_hidden":0,"_bbp_forum_subforum_count":0,"footnotes":""},"class_list":["post-3292","page","type-page","status-publish","hentry"],"post_mailing_queue_ids":[],"_links":{"self":[{"href":"https:\/\/agora.xtec.cat\/ceipignasimele\/wp-json\/wp\/v2\/pages\/3292","targetHints":{"allow":["GET"]}}],"collection":[{"href":"https:\/\/agora.xtec.cat\/ceipignasimele\/wp-json\/wp\/v2\/pages"}],"about":[{"href":"https:\/\/agora.xtec.cat\/ceipignasimele\/wp-json\/wp\/v2\/types\/page"}],"author":[{"embeddable":true,"href":"https:\/\/agora.xtec.cat\/ceipignasimele\/wp-json\/wp\/v2\/users\/1"}],"replies":[{"embeddable":true,"href":"https:\/\/agora.xtec.cat\/ceipignasimele\/wp-json\/wp\/v2\/comments?post=3292"}],"version-history":[{"count":3,"href":"https:\/\/agora.xtec.cat\/ceipignasimele\/wp-json\/wp\/v2\/pages\/3292\/revisions"}],"predecessor-version":[{"id":3297,"href":"https:\/\/agora.xtec.cat\/ceipignasimele\/wp-json\/wp\/v2\/pages\/3292\/revisions\/3297"}],"up":[{"embeddable":true,"href":"https:\/\/agora.xtec.cat\/ceipignasimele\/wp-json\/wp\/v2\/pages\/3102"}],"wp:attachment":[{"href":"https:\/\/agora.xtec.cat\/ceipignasimele\/wp-json\/wp\/v2\/media?parent=3292"}],"curies":[{"name":"wp","href":"https:\/\/api.w.org\/{rel}","templated":true}]}}