{"id":3202,"date":"2024-02-06T12:12:51","date_gmt":"2024-02-06T11:12:51","guid":{"rendered":"https:\/\/agora.xtec.cat\/ceipignasimele\/?page_id=3202"},"modified":"2025-11-17T13:20:49","modified_gmt":"2025-11-17T12:20:49","slug":"menjador","status":"publish","type":"page","link":"https:\/\/agora.xtec.cat\/ceipignasimele\/serveis-3\/menjador\/","title":{"rendered":"Menjador escolar"},"content":{"rendered":"<div style=\"text-align: justify;\">\n<h4 style=\"text-align: center;\"><em><strong>Qui som? Qu\u00e8 fem?<\/strong><\/em><\/h4>\n<p>Aqu\u00ed teniu una breu presentaci\u00f3 on trobareu informaci\u00f3 m\u00e9s detallada sobre el funcionament del menjador escolar:<\/p>\n<p><a href=\"https:\/\/agora.xtec.cat\/ceipignasimele\/serveis-3\/menjador\/attachment\/pla-de-funcionament-ignasi-mele\/\" rel=\"attachment wp-att-3719\">Pla de funcionament 2025-2026<\/a><\/p>\n<\/div>\n<div style=\"text-align: justify;\">\n<p><strong>Informacions diverses i importants:\u00a0 \u00a0<\/strong><\/p>\n<p><strong><img decoding=\"async\" class=\"alignleft\" src=\"https:\/\/cdn-0.emojis.wiki\/emoji-pics\/facebook\/woman-cook-facebook.png\" alt=\"\ud83d\udc69\u200d\ud83c\udf73 Cocinera Emoji \u2014 Significado, copiar y pegar ...\" \/><\/strong><\/p>\n<\/div>\n<div>\n<p>L&#8217;escola compta amb servei de menjador amb cuina pr\u00f2pia i l&#8217;equip de cuina el formen en Quim i la Mari Angels.<\/p>\n<p style=\"text-align: justify;\">La gesti\u00f3 la porta l&#8217;empresa <strong>ALIMENTART, us podreu comunicar amb la coordinadora (Estefani Rodriguez) <\/strong>a trav\u00e9s del tel\u00e8fon 671205006 o el Mail<strong> escola.ignasimele@alimentart.com <\/strong>indiqueu si us plau nom i curs de l&#8217;usuari\/a.<\/p>\n<p>La mateixa empresa s&#8217;encarrega alhora del personal de cuina i monitoratge.<\/p>\n<p>El preu del dinar varia segons l&#8217;opci\u00f3 a la que us acolliu:<\/p>\n<ul style=\"list-style-type: square;\">\n<li><strong>Fixe: 6,45\u20ac<\/strong><\/li>\n<\/ul>\n<ul style=\"list-style-type: square;\">\n<li><strong>Eventual: 7,10 \u20ac<\/strong><\/li>\n<\/ul>\n<p style=\"text-align: justify;\">Es far\u00e0 el cobrament del preu del <strong>servei d&#8217;usuari fix<\/strong>\u00a0per mitj\u00e0 de rebuts que es giraran per <strong>domiciliaci\u00f3 banc\u00e0ria<\/strong>, sempre que s&#8217;hagi fet l&#8217;alta al servei del menjador correctament. Per qualsevol dubte contacteu amb la coordinadora.<\/p>\n<p style=\"text-align: justify;\">Els avisos de <strong style=\"font-weight: 400;\">faltes\u00a0<\/strong><b>d&#8217;assist\u00e8ncia<\/b> es poden fer per l&#8217;App o al m\u00f2bil de la coordiandora <strong style=\"font-weight: 400;\">abans<\/strong> de les <strong style=\"font-weight: 400;\">10:00h.<\/strong><\/p>\n<p>Per gestions del menjador escolar:<\/p>\n<p>\ud83d\udc69\ud83c\udffd\u200d\ud83d\udcbbCoordinadora: <strong>Estefani Rodriguez <\/strong><\/p>\n<p>\ud83d\udcdeTel\u00e8fon:<strong> 671205006<\/strong><\/p>\n<p>\ud83d\udd57Horari d\u2019atenci\u00f3: <strong>9:00h a 11:30h de dilluns a divendres.<\/strong><\/p>\n<\/div>\n\n\n<p><\/p>\n","protected":false},"excerpt":{"rendered":"<p>Qui som? Qu\u00e8 fem?<br \/>\nAqu\u00ed teniu una breu presentaci\u00f3 on trobareu informaci\u00f3 m\u00e9s detallada sobre el funcionament del menjador escolar:<br \/>\n<a href=\"https:\/\/agora.xtec.cat\/ceipignasimele\/serveis-3\/menjador\/attachment\/pla-de-funcionament-ignasi-mele\/\" rel=\"attachment wp-att-3719\">Pla de funcionament 2025-2026<\/a><\/p>\n<p>Informacions diverses i importants:\u00a0 \u00a0<\/p>\n<p>L&#8217;escola compta amb servei de menjador amb cuina pr\u00f2pia i l&#8217;equip de cuina el formen en Quim&hellip;  <a href=\"https:\/\/agora.xtec.cat\/ceipignasimele\/serveis-3\/menjador\/\" title=\"Read Menjador escolar\">Llegeix m\u00e9s\u00bb<\/a><\/p>\n","protected":false},"author":1,"featured_media":0,"parent":3136,"menu_order":0,"comment_status":"closed","ping_status":"closed","template":"page-templates\/side-menu.php","meta":{"_bbp_topic_count":0,"_bbp_reply_count":0,"_bbp_total_topic_count":0,"_bbp_total_reply_count":0,"_bbp_voice_count":0,"_bbp_anonymous_reply_count":0,"_bbp_topic_count_hidden":0,"_bbp_reply_count_hidden":0,"_bbp_forum_subforum_count":0,"footnotes":""},"class_list":["post-3202","page","type-page","status-publish","hentry"],"post_mailing_queue_ids":[],"_links":{"self":[{"href":"https:\/\/agora.xtec.cat\/ceipignasimele\/wp-json\/wp\/v2\/pages\/3202","targetHints":{"allow":["GET"]}}],"collection":[{"href":"https:\/\/agora.xtec.cat\/ceipignasimele\/wp-json\/wp\/v2\/pages"}],"about":[{"href":"https:\/\/agora.xtec.cat\/ceipignasimele\/wp-json\/wp\/v2\/types\/page"}],"author":[{"embeddable":true,"href":"https:\/\/agora.xtec.cat\/ceipignasimele\/wp-json\/wp\/v2\/users\/1"}],"replies":[{"embeddable":true,"href":"https:\/\/agora.xtec.cat\/ceipignasimele\/wp-json\/wp\/v2\/comments?post=3202"}],"version-history":[{"count":6,"href":"https:\/\/agora.xtec.cat\/ceipignasimele\/wp-json\/wp\/v2\/pages\/3202\/revisions"}],"predecessor-version":[{"id":3729,"href":"https:\/\/agora.xtec.cat\/ceipignasimele\/wp-json\/wp\/v2\/pages\/3202\/revisions\/3729"}],"up":[{"embeddable":true,"href":"https:\/\/agora.xtec.cat\/ceipignasimele\/wp-json\/wp\/v2\/pages\/3136"}],"wp:attachment":[{"href":"https:\/\/agora.xtec.cat\/ceipignasimele\/wp-json\/wp\/v2\/media?parent=3202"}],"curies":[{"name":"wp","href":"https:\/\/api.w.org\/{rel}","templated":true}]}}