{"id":32,"date":"2014-09-18T12:31:33","date_gmt":"2014-09-18T11:31:33","guid":{"rendered":"http:\/\/agora.xtec.cat\/ceipignasimele\/?page_id=32"},"modified":"2023-09-25T13:28:44","modified_gmt":"2023-09-25T11:28:44","slug":"calendari-del-curs","status":"publish","type":"page","link":"https:\/\/agora.xtec.cat\/ceipignasimele\/organitzacio\/calendari-del-curs\/","title":{"rendered":"Calendari del curs"},"content":{"rendered":"<h4><strong>Inici de curs:<\/strong><\/h4>\n<p>6 de setembre de 2023.<\/p>\n<h4><strong>Vacances:<\/strong><\/h4>\n<p>Del 21 de desembre de 2023 al 7 de gener de 2024 (ambd\u00f3s inclosos).<\/p>\n<p>Del 25 de mar\u00e7 a l&#8217;1 d\u2019abril de 2024 (ambd\u00f3s inclosos).<\/p>\n<p>A partir del 21 de juny de 2024.<\/p>\n<h4><strong>Dies festius de lliure disposici\u00f3:<\/strong><\/h4>\n<p>12 d&#8217;octubre del 2023.<\/p>\n<p>13 d&#8217;octubre del 2023.<\/p>\n<p>31 d&#8217;octubre del 2023.<\/p>\n<p>1 de novembre 2023.<\/p>\n<p>6,7 i 8 de desembre del 2023.<\/p>\n<p>22 de gener del 2024.<\/p>\n<p>12 de febrer del 2024.<\/p>\n<p>1 de maig del 2024.<\/p>\n<p>20 de maig del 2024.<\/p>\n<h4><strong>Jornada continuada:<\/strong><\/h4>\n<p>Dia 20 de desembre.<\/p>\n<p>Del 5 al 21 de juny del 2024 (ambd\u00f3s inclosos).<\/p>\n<p>Per als alumnes que inicien l\u2019escolaritzaci\u00f3 a P3 s\u2019organitza un breu per\u00edode d\u2019adaptaci\u00f3 que suposa una certa modificaci\u00f3 dels horaris dels dos primers dies de classe, i que es fa saber a les fam\u00edlies en les reunions pr\u00e8vies corresponents.<\/p>\n<p>&nbsp;<\/p>\n<h4><a href=\"https:\/\/agora.xtec.cat\/ceipignasimele\/organitzacio\/calendari-del-curs\/attachment\/calendari-23-24-alumnat-2\/\" rel=\"attachment wp-att-3021\"><img loading=\"lazy\" decoding=\"async\" class=\"size-full wp-image-3021 aligncenter\" src=\"https:\/\/agora.xtec.cat\/ceipignasimele\/wp-content\/uploads\/usu1607\/2023\/07\/Calendari-23-24-alumnat-2.jpg\" alt=\"\" width=\"827\" height=\"647\" srcset=\"https:\/\/agora.xtec.cat\/ceipignasimele\/wp-content\/uploads\/usu1607\/2023\/07\/Calendari-23-24-alumnat-2.jpg 827w, https:\/\/agora.xtec.cat\/ceipignasimele\/wp-content\/uploads\/usu1607\/2023\/07\/Calendari-23-24-alumnat-2-300x235.jpg 300w, https:\/\/agora.xtec.cat\/ceipignasimele\/wp-content\/uploads\/usu1607\/2023\/07\/Calendari-23-24-alumnat-2-768x601.jpg 768w\" sizes=\"auto, (max-width: 827px) 100vw, 827px\" \/><\/a><\/h4>\n<p>&nbsp;<\/p>\n<p>&nbsp;<\/p>\n<p>&nbsp;<\/p>\n","protected":false},"excerpt":{"rendered":"<p>Inici de curs:<br \/>\n6 de setembre de 2023.<br \/>\nVacances:<br \/>\nDel 21 de desembre de 2023 al 7 de gener de 2024 (ambd\u00f3s inclosos).<br \/>\nDel 25 de mar\u00e7 a l&#8217;1 d\u2019abril de 2024 (ambd\u00f3s inclosos).<br \/>\nA partir del 21 de juny de 2024.<br \/>\nDies festius de lliure disposici\u00f3:<br \/>\n12 d&#8217;octubre del 2023.<br \/>\n13 d&#8217;octubre&hellip;  <a href=\"https:\/\/agora.xtec.cat\/ceipignasimele\/organitzacio\/calendari-del-curs\/\" title=\"Read Calendari del curs\">Llegeix m\u00e9s\u00bb<\/a><\/p>\n","protected":false},"author":1,"featured_media":0,"parent":616,"menu_order":50,"comment_status":"closed","ping_status":"closed","template":"page-templates\/side-menu.php","meta":{"_bbp_topic_count":0,"_bbp_reply_count":0,"_bbp_total_topic_count":0,"_bbp_total_reply_count":0,"_bbp_voice_count":0,"_bbp_anonymous_reply_count":0,"_bbp_topic_count_hidden":0,"_bbp_reply_count_hidden":0,"_bbp_forum_subforum_count":0,"footnotes":""},"class_list":["post-32","page","type-page","status-publish","hentry"],"post_mailing_queue_ids":[],"_links":{"self":[{"href":"https:\/\/agora.xtec.cat\/ceipignasimele\/wp-json\/wp\/v2\/pages\/32","targetHints":{"allow":["GET"]}}],"collection":[{"href":"https:\/\/agora.xtec.cat\/ceipignasimele\/wp-json\/wp\/v2\/pages"}],"about":[{"href":"https:\/\/agora.xtec.cat\/ceipignasimele\/wp-json\/wp\/v2\/types\/page"}],"author":[{"embeddable":true,"href":"https:\/\/agora.xtec.cat\/ceipignasimele\/wp-json\/wp\/v2\/users\/1"}],"replies":[{"embeddable":true,"href":"https:\/\/agora.xtec.cat\/ceipignasimele\/wp-json\/wp\/v2\/comments?post=32"}],"version-history":[{"count":4,"href":"https:\/\/agora.xtec.cat\/ceipignasimele\/wp-json\/wp\/v2\/pages\/32\/revisions"}],"predecessor-version":[{"id":3022,"href":"https:\/\/agora.xtec.cat\/ceipignasimele\/wp-json\/wp\/v2\/pages\/32\/revisions\/3022"}],"up":[{"embeddable":true,"href":"https:\/\/agora.xtec.cat\/ceipignasimele\/wp-json\/wp\/v2\/pages\/616"}],"wp:attachment":[{"href":"https:\/\/agora.xtec.cat\/ceipignasimele\/wp-json\/wp\/v2\/media?parent=32"}],"curies":[{"name":"wp","href":"https:\/\/api.w.org\/{rel}","templated":true}]}}