{"id":3098,"date":"2024-01-08T09:48:25","date_gmt":"2024-01-08T08:48:25","guid":{"rendered":"https:\/\/agora.xtec.cat\/ceipignasimele\/?page_id=3098"},"modified":"2024-01-29T16:32:02","modified_gmt":"2024-01-29T15:32:02","slug":"installacions","status":"publish","type":"page","link":"https:\/\/agora.xtec.cat\/ceipignasimele\/lescola-2\/installacions\/","title":{"rendered":"Instal\u00b7lacions"},"content":{"rendered":"<p>L&#8217;escola est\u00e0 formada per\u00a03 edificis i els distingim pel seu color: <span style=\"color: #0000ff;\"><strong>BLAU<\/strong><\/span>, <span style=\"color: #b5b1b1;\"><strong>BLANC<\/strong><\/span> i el<strong>\u00a0<span style=\"color: #ff99cc;\">ROSA<\/span><\/strong>.<\/p>\n<p style=\"text-align: justify;\">Aquest \u00e9s l&#8217;edifici <strong><span style=\"color: #0000ff;\">BLAU<\/span>.<\/strong> \u00c9s el m\u00e9s antic i hi fan classe els de 4t, 5\u00e8 i 6\u00e8. Tamb\u00e9 hi trobem la biblioteca, l&#8217;aula de TAC\/Rob\u00f2tica, i d&#8217;altres espais (pati interior, aules de mediaci\u00f3, siei, menjador, cuina, consergeria, secretaria, equip de direcci\u00f3 i direcci\u00f3).<\/p>\n<p><a href=\"https:\/\/agora.xtec.cat\/ceipignasimele\/lescola\/instal%c2%b7lacions\/edifici-blau\/\"><img loading=\"lazy\" decoding=\"async\" class=\"aligncenter wp-image-861 size-full\" src=\"https:\/\/agora.xtec.cat\/ceipignasimele\/wp-content\/uploads\/usu1607\/2014\/09\/Sense-t\u00edtol-1.png\" alt=\"Sense t\u00edtol 1\" width=\"400\" height=\"267\" srcset=\"https:\/\/agora.xtec.cat\/ceipignasimele\/wp-content\/uploads\/usu1607\/2014\/09\/Sense-t\u00edtol-1.png 400w, https:\/\/agora.xtec.cat\/ceipignasimele\/wp-content\/uploads\/usu1607\/2014\/09\/Sense-t\u00edtol-1-300x200.png 300w\" sizes=\"auto, (max-width: 400px) 100vw, 400px\" \/><\/a><\/p>\n<p style=\"text-align: justify;\">Aquest \u00e9s l&#8217;edifici<span style=\"color: #b5b1b1;\"><strong> BLANC<\/strong><\/span>. \u00a0\u00c9s el m\u00e9s nou i estan les aules de 1r,\u00a0 2n i\u00a0 3r. Tamb\u00e9 hi trobem l&#8217;aula d&#8217;atenci\u00f3 a la diversitat i l&#8217;aula d&#8217;acollida.<\/p>\n<p><a href=\"https:\/\/agora.xtec.cat\/ceipignasimele\/lescola\/instal%c2%b7lacions\/edifici-blanc\/\"><img loading=\"lazy\" decoding=\"async\" class=\"aligncenter wp-image-862 size-full\" src=\"https:\/\/agora.xtec.cat\/ceipignasimele\/wp-content\/uploads\/usu1607\/2014\/09\/Sense-t\u00edtol-2.png\" alt=\"Sense t\u00edtol 2\" width=\"400\" height=\"267\" srcset=\"https:\/\/agora.xtec.cat\/ceipignasimele\/wp-content\/uploads\/usu1607\/2014\/09\/Sense-t\u00edtol-2.png 400w, https:\/\/agora.xtec.cat\/ceipignasimele\/wp-content\/uploads\/usu1607\/2014\/09\/Sense-t\u00edtol-2-300x200.png 300w\" sizes=\"auto, (max-width: 400px) 100vw, 400px\" \/><\/a><\/p>\n<p>A l&#8217;edifici\u00a0<span style=\"color: #ff99cc;\"><strong>ROSA<\/strong><\/span> hi trobem les aules dels m\u00e9s petits, I3, I4 i I5 i tamb\u00e9 hi trobem l&#8217;aula de psicomotricitat.<\/p>\n<p><a href=\"https:\/\/agora.xtec.cat\/ceipignasimele\/lescola\/instal%c2%b7lacions\/edifici-rosa\/\"><img loading=\"lazy\" decoding=\"async\" class=\"aligncenter wp-image-863 size-full\" src=\"https:\/\/agora.xtec.cat\/ceipignasimele\/wp-content\/uploads\/usu1607\/2014\/09\/Sense-t\u00edtol-3.png\" alt=\"Sense t\u00edtol 3\" width=\"400\" height=\"267\" srcset=\"https:\/\/agora.xtec.cat\/ceipignasimele\/wp-content\/uploads\/usu1607\/2014\/09\/Sense-t\u00edtol-3.png 400w, https:\/\/agora.xtec.cat\/ceipignasimele\/wp-content\/uploads\/usu1607\/2014\/09\/Sense-t\u00edtol-3-300x200.png 300w\" sizes=\"auto, (max-width: 400px) 100vw, 400px\" \/><\/a><\/p>\n","protected":false},"excerpt":{"rendered":"<p>L&#8217;escola est\u00e0 formada per\u00a03 edificis i els distingim pel seu color: BLAU, BLANC i el\u00a0ROSA.<br \/>\nAquest \u00e9s l&#8217;edifici BLAU. \u00c9s el m\u00e9s antic i hi fan classe els de 4t, 5\u00e8 i 6\u00e8. Tamb\u00e9 hi trobem la biblioteca, l&#8217;aula de TAC\/Rob\u00f2tica, i d&#8217;altres espais (pati interior,&hellip;  <a href=\"https:\/\/agora.xtec.cat\/ceipignasimele\/lescola-2\/installacions\/\" title=\"Read Instal\u00b7lacions\">Llegeix m\u00e9s\u00bb<\/a><\/p>\n","protected":false},"author":1,"featured_media":0,"parent":3091,"menu_order":4,"comment_status":"closed","ping_status":"closed","template":"page-templates\/side-menu.php","meta":{"_bbp_topic_count":0,"_bbp_reply_count":0,"_bbp_total_topic_count":0,"_bbp_total_reply_count":0,"_bbp_voice_count":0,"_bbp_anonymous_reply_count":0,"_bbp_topic_count_hidden":0,"_bbp_reply_count_hidden":0,"_bbp_forum_subforum_count":0,"footnotes":""},"class_list":["post-3098","page","type-page","status-publish","hentry"],"post_mailing_queue_ids":[],"_links":{"self":[{"href":"https:\/\/agora.xtec.cat\/ceipignasimele\/wp-json\/wp\/v2\/pages\/3098","targetHints":{"allow":["GET"]}}],"collection":[{"href":"https:\/\/agora.xtec.cat\/ceipignasimele\/wp-json\/wp\/v2\/pages"}],"about":[{"href":"https:\/\/agora.xtec.cat\/ceipignasimele\/wp-json\/wp\/v2\/types\/page"}],"author":[{"embeddable":true,"href":"https:\/\/agora.xtec.cat\/ceipignasimele\/wp-json\/wp\/v2\/users\/1"}],"replies":[{"embeddable":true,"href":"https:\/\/agora.xtec.cat\/ceipignasimele\/wp-json\/wp\/v2\/comments?post=3098"}],"version-history":[{"count":3,"href":"https:\/\/agora.xtec.cat\/ceipignasimele\/wp-json\/wp\/v2\/pages\/3098\/revisions"}],"predecessor-version":[{"id":3154,"href":"https:\/\/agora.xtec.cat\/ceipignasimele\/wp-json\/wp\/v2\/pages\/3098\/revisions\/3154"}],"up":[{"embeddable":true,"href":"https:\/\/agora.xtec.cat\/ceipignasimele\/wp-json\/wp\/v2\/pages\/3091"}],"wp:attachment":[{"href":"https:\/\/agora.xtec.cat\/ceipignasimele\/wp-json\/wp\/v2\/media?parent=3098"}],"curies":[{"name":"wp","href":"https:\/\/api.w.org\/{rel}","templated":true}]}}