{"id":3097,"date":"2024-01-08T09:48:25","date_gmt":"2024-01-08T08:48:25","guid":{"rendered":"https:\/\/agora.xtec.cat\/ceipignasimele\/?page_id=3097"},"modified":"2024-01-30T15:56:08","modified_gmt":"2024-01-30T14:56:08","slug":"historia","status":"publish","type":"page","link":"https:\/\/agora.xtec.cat\/ceipignasimele\/lescola-2\/historia\/","title":{"rendered":"Hist\u00f2ria"},"content":{"rendered":"<p style=\"text-align: center;\"><span style=\"color: #000000;\"><strong>La nostra escola porta el seu nom.<\/strong><\/span><\/p>\n<p style=\"text-align: center;\"><a class=\"customize-unpreviewable\" href=\"https:\/\/agora.xtec.cat\/ceipignasimele\/wp-content\/uploads\/usu1607\/2014\/09\/ignasi.jpg\"><img loading=\"lazy\" decoding=\"async\" class=\"size-full wp-image-778 aligncenter\" src=\"http:\/\/agora.xtec.cat\/ceipignasimele\/wp-content\/uploads\/usu1607\/2014\/09\/ignasi.jpg\" alt=\"ignasi\" width=\"211\" height=\"239\" \/><\/a><\/p>\n<p style=\"text-align: justify;\">Va ser el descobridor de la vil\u00b7la romana de Tossa. <strong>IGNASI MEL\u00c9 I FARR\u00c9<\/strong> va n\u00e9ixer a Cervera l\u2019any 1859. Es llicenci\u00e0 en medecina per la universitat de Barcelona i conegu\u00e9 Tossa durant una excursi\u00f3 feta l\u2019any 1892. Arran d\u2019aquella visita va decidir d\u2019establir-s\u2019hi. A l\u2019any 1914 inici\u00e0 les excavacions de la vil\u00b7la romana dels Ametllers, davant la incredulitat de gran part de la poblaci\u00f3. Sense ajuda aliena ni altres coneixements ni guia que la seva intu\u00efci\u00f3, s\u2019aboc\u00e0 en el treball de descoberta del passat, i hi dedic\u00e0 els seus estalvis i suors.<\/p>\n<p style=\"text-align: justify;\">L\u2019agra\u00efment li arrib\u00e0 en trobar una antiga vil\u00b7la que vinculava Tossa, d\u2019origen desconegut, amb la denominaci\u00f3 romana. Els trossos de murs, els fragments de terrissa i les monedes demostraven que la influ\u00e8ncia de la mare Roma havia arribat fins a aquell indret. Per\u00f2 no n\u2019hi havia prou amb aix\u00f2. La gent del poble somreia, no donant valor a aquelles desferres. Calien troballes m\u00e9s valuoses i positives, quelcom que, als ulls dels profans, justifiqu\u00e9s el treball incomprensible de les excavacions; i aix\u00f2 va aconseguir-se tamb\u00e9 amb el descobriment d\u2019uns interessants mosaics, un dels quals porta el nom de Turissa, que clarific\u00e0 l\u2019origen de l\u2019actual Tossa. Els m\u00e9s esc\u00e8ptics varen cedir llavors davant l\u2019evid\u00e8ncia d\u2019una realitat; una antiga Tossa que sorgia a la llum despr\u00e9s de vint segles de romandre colgades.<\/p>\n<p style=\"text-align: justify;\">Un any despr\u00e9s cre\u00e0 el Museu Mel\u00e9 amb les troballes obtingudes durant les excavacions, material que posteriorment va passar a formar part del Museu Municipal. Durant les excavacions de l\u2019any 1921 es descobriren els mosaics de tres habitacions, vest\u00edbul i una petita part just davant de l\u2019entrada. Havia descobert, a m\u00e9s de les habitacions, una premsa d\u2019olives per fer oli, un peristil (jard\u00ed interior envoltat de columnes amb porxo) i un magatzem d\u2019una \u00e8poca indefinida (probablement dels segles I o III a.C).<\/p>\n<p style=\"text-align: justify;\">El doctor Mel\u00e9 va morir a Tossa l\u2019any 1928 en la m\u00e9s absoluta de les mis\u00e8ries i sense haver rebut cap reconeixement de la seva tasca. Actualment, a part de la nostra escola, tamb\u00e9 porta el seu nom un dels carrers de la vila vella, i podem trobar una placa a la fa\u00e7ana de la casa on va viure.<\/p>\n","protected":false},"excerpt":{"rendered":"<p>La nostra escola porta el seu nom.<br \/>\n<a class=\"customize-unpreviewable\" href=\"https:\/\/agora.xtec.cat\/ceipignasimele\/wp-content\/uploads\/usu1607\/2014\/09\/ignasi.jpg\"><\/a><br \/>\nVa ser el descobridor de la vil\u00b7la romana de Tossa. IGNASI MEL\u00c9 I FARR\u00c9 va n\u00e9ixer a Cervera l\u2019any 1859. Es llicenci\u00e0 en medecina per la universitat de Barcelona i conegu\u00e9 Tossa durant una excursi\u00f3 feta l\u2019any&hellip;  <a href=\"https:\/\/agora.xtec.cat\/ceipignasimele\/lescola-2\/historia\/\" title=\"Read Hist\u00f2ria\">Llegeix m\u00e9s\u00bb<\/a><\/p>\n","protected":false},"author":1,"featured_media":0,"parent":3091,"menu_order":3,"comment_status":"closed","ping_status":"closed","template":"page-templates\/side-menu.php","meta":{"_bbp_topic_count":0,"_bbp_reply_count":0,"_bbp_total_topic_count":0,"_bbp_total_reply_count":0,"_bbp_voice_count":0,"_bbp_anonymous_reply_count":0,"_bbp_topic_count_hidden":0,"_bbp_reply_count_hidden":0,"_bbp_forum_subforum_count":0,"footnotes":""},"class_list":["post-3097","page","type-page","status-publish","hentry"],"post_mailing_queue_ids":[],"_links":{"self":[{"href":"https:\/\/agora.xtec.cat\/ceipignasimele\/wp-json\/wp\/v2\/pages\/3097","targetHints":{"allow":["GET"]}}],"collection":[{"href":"https:\/\/agora.xtec.cat\/ceipignasimele\/wp-json\/wp\/v2\/pages"}],"about":[{"href":"https:\/\/agora.xtec.cat\/ceipignasimele\/wp-json\/wp\/v2\/types\/page"}],"author":[{"embeddable":true,"href":"https:\/\/agora.xtec.cat\/ceipignasimele\/wp-json\/wp\/v2\/users\/1"}],"replies":[{"embeddable":true,"href":"https:\/\/agora.xtec.cat\/ceipignasimele\/wp-json\/wp\/v2\/comments?post=3097"}],"version-history":[{"count":3,"href":"https:\/\/agora.xtec.cat\/ceipignasimele\/wp-json\/wp\/v2\/pages\/3097\/revisions"}],"predecessor-version":[{"id":3184,"href":"https:\/\/agora.xtec.cat\/ceipignasimele\/wp-json\/wp\/v2\/pages\/3097\/revisions\/3184"}],"up":[{"embeddable":true,"href":"https:\/\/agora.xtec.cat\/ceipignasimele\/wp-json\/wp\/v2\/pages\/3091"}],"wp:attachment":[{"href":"https:\/\/agora.xtec.cat\/ceipignasimele\/wp-json\/wp\/v2\/media?parent=3097"}],"curies":[{"name":"wp","href":"https:\/\/api.w.org\/{rel}","templated":true}]}}