{"id":3091,"date":"2024-01-08T09:48:25","date_gmt":"2024-01-08T08:48:25","guid":{"rendered":"https:\/\/agora.xtec.cat\/ceipignasimele\/?page_id=3091"},"modified":"2025-07-15T17:01:06","modified_gmt":"2025-07-15T15:01:06","slug":"lescola-2","status":"publish","type":"page","link":"https:\/\/agora.xtec.cat\/ceipignasimele\/lescola-2\/","title":{"rendered":"L&#8217;ESCOLA"},"content":{"rendered":"<p class=\"western\" lang=\"ca-ES\" align=\"justify\">La <strong>missi\u00f3<\/strong> de l\u2019Escola Ignasi Mel\u00e9 Farr\u00e9 \u00e9s aconseguir un \u00f2ptim desenvolupament integral del nostre alumnat, oferint un servei educatiu p\u00fablic de qualitat en el foment de l\u2019esfor\u00e7 i la recerca de l\u2019excel\u00b7l\u00e8ncia.<\/p>\n<p class=\"western\" lang=\"ca-ES\" align=\"justify\">Una escola oberta a tothom, amb un comprom\u00eds per a la integraci\u00f3 social de les diferents cultures i tradicions que arriben al poble, que fomenta la conviv\u00e8ncia entre tots els membres de la comunitat educativa.<\/p>\n<p class=\"western\" lang=\"ca-ES\" align=\"justify\">Un centre que ofereix una educaci\u00f3 integral que permet a l\u2019alumne\/a el desenvolupament de totes les seves capacitats, adquirint una formaci\u00f3 competencial que li garanteixi incorporar-se a una societat com un individu competent.<\/p>\n<p class=\"western\" lang=\"ca-ES\" align=\"justify\">L\u2019<strong>\u00f2ptica<\/strong> de l\u2019escola aposta per una educaci\u00f3 on l\u2019alumne\/a \u00e9s el protagonista de l\u2019acci\u00f3 educativa, incorporant gradualment pedagogies actives des de la visi\u00f3 de les m\u00faltiples intel\u00b7lig\u00e8ncies, la superaci\u00f3 personal i el treball en equip. Apostant per l\u2019aprenentatge de les lleng\u00fces estrangeres, aprenentatges funcionals i significatius, el treball cooperatiu, la cultura de l\u2019esfor\u00e7 i l\u2019\u00fas de les TAC, donant resposta a les necessitats educatives de l\u2019alumnat i millorant el seu nivell competencial.<\/p>\n<p class=\"western\" lang=\"ca-ES\" align=\"justify\">Una comunitat educativa acollidora, on tothom \u00e9s benvingut, on les fam\u00edlies col\u00b7laboren i comparteixen amb el centre el repte que suposa l\u2019educaci\u00f3 dels seus fills\/es.<\/p>\n<p class=\"western\" lang=\"ca-ES\" align=\"justify\">Un centre que creix, participa, dinamitza i innova interactuant amb l\u2019entorn (fam\u00edlies, entitats i associacions) creant una xarxa per la millora educativa.<\/p>\n<p>L&#8217;escola t\u00e9 com a objectiu treballar diferents <strong>valors<\/strong>:<\/p>\n<ul style=\"list-style-type: square;\">\n<li>Cultura de l\u2019esfor\u00e7, const\u00e0ncia i responsabilitat.<\/li>\n<li>Diversitat com element enriquidor de conviv\u00e8ncia i respecte.<\/li>\n<li class=\"western\" lang=\"ca-ES\">El treball com a superaci\u00f3 personal, autonomia i emprenedoria.<\/li>\n<li class=\"western\" lang=\"ca-ES\">El treball en equip i la cooperaci\u00f3.<\/li>\n<li class=\"western\" lang=\"ca-ES\"><span style=\"font-family: inherit; font-size: 1em;\">Iniciativa personal, creativitat i participaci\u00f3.<\/span><\/li>\n<li class=\"western\" lang=\"ca-ES\">Comunicaci\u00f3 i di\u00e0leg.<\/li>\n<li class=\"western\" lang=\"ca-ES\">Gesti\u00f3 emocional a nivell individual i grupal.<\/li>\n<li class=\"western\" lang=\"ca-ES\">Consci\u00e8ncia ecol\u00f2gica i gesti\u00f3 mediambiental.<\/li>\n<\/ul>\n","protected":false},"excerpt":{"rendered":"<p>La missi\u00f3 de l\u2019Escola Ignasi Mel\u00e9 Farr\u00e9 \u00e9s aconseguir un \u00f2ptim desenvolupament integral del nostre alumnat, oferint un servei educatiu p\u00fablic de qualitat en el foment de l\u2019esfor\u00e7 i la recerca de l\u2019excel\u00b7l\u00e8ncia.<br \/>\nUna escola oberta a tothom, amb un comprom\u00eds per a la integraci\u00f3 social&hellip;  <a href=\"https:\/\/agora.xtec.cat\/ceipignasimele\/lescola-2\/\" title=\"Read L&#8217;ESCOLA\">Llegeix m\u00e9s\u00bb<\/a><\/p>\n","protected":false},"author":1,"featured_media":0,"parent":0,"menu_order":1,"comment_status":"closed","ping_status":"closed","template":"page-templates\/side-menu.php","meta":{"_bbp_topic_count":0,"_bbp_reply_count":0,"_bbp_total_topic_count":0,"_bbp_total_reply_count":0,"_bbp_voice_count":0,"_bbp_anonymous_reply_count":0,"_bbp_topic_count_hidden":0,"_bbp_reply_count_hidden":0,"_bbp_forum_subforum_count":0,"footnotes":""},"class_list":["post-3091","page","type-page","status-publish","hentry"],"post_mailing_queue_ids":[],"_links":{"self":[{"href":"https:\/\/agora.xtec.cat\/ceipignasimele\/wp-json\/wp\/v2\/pages\/3091","targetHints":{"allow":["GET"]}}],"collection":[{"href":"https:\/\/agora.xtec.cat\/ceipignasimele\/wp-json\/wp\/v2\/pages"}],"about":[{"href":"https:\/\/agora.xtec.cat\/ceipignasimele\/wp-json\/wp\/v2\/types\/page"}],"author":[{"embeddable":true,"href":"https:\/\/agora.xtec.cat\/ceipignasimele\/wp-json\/wp\/v2\/users\/1"}],"replies":[{"embeddable":true,"href":"https:\/\/agora.xtec.cat\/ceipignasimele\/wp-json\/wp\/v2\/comments?post=3091"}],"version-history":[{"count":3,"href":"https:\/\/agora.xtec.cat\/ceipignasimele\/wp-json\/wp\/v2\/pages\/3091\/revisions"}],"predecessor-version":[{"id":3192,"href":"https:\/\/agora.xtec.cat\/ceipignasimele\/wp-json\/wp\/v2\/pages\/3091\/revisions\/3192"}],"wp:attachment":[{"href":"https:\/\/agora.xtec.cat\/ceipignasimele\/wp-json\/wp\/v2\/media?parent=3091"}],"curies":[{"name":"wp","href":"https:\/\/api.w.org\/{rel}","templated":true}]}}