{"id":2935,"date":"2023-03-08T09:54:06","date_gmt":"2023-03-08T08:54:06","guid":{"rendered":"https:\/\/agora.xtec.cat\/ceipignasimele\/?page_id=2935"},"modified":"2023-03-08T09:54:06","modified_gmt":"2023-03-08T08:54:06","slug":"creda-centre-de-recursos-educatius-per-deficiencies-auditives","status":"publish","type":"page","link":"https:\/\/agora.xtec.cat\/ceipignasimele\/serveis\/externs\/creda-centre-de-recursos-educatius-per-deficiencies-auditives\/","title":{"rendered":"CREDA (centre de recursos educatius per defici\u00e8ncies auditives)"},"content":{"rendered":"<p><strong>Els CREDA<\/strong>\u00a0s\u00f3n serveis de suport als centres educatius en l\u2019adequaci\u00f3 a les necessitats especials de l\u2019alumnat amb greus dificultats d\u2019audici\u00f3, llenguatge i\/o comunicaci\u00f3 que interfereixen en el seu desenvolupament personal, social i curricular. La seva intervenci\u00f3 es concreta en tres grans \u00e0mbits: alumnat i fam\u00edlies; centres i professorat; zona educativa.<\/p>\n<p>Es tracta d\u2019un model d\u2019atenci\u00f3 a l\u2019alumnat amb necessitats educatives especials i al seu entorn propi de Catalunya. Actualment, hi ha 10 CREDA, cadascun amb una zona d\u2019actuaci\u00f3 \u00e0mplia, generalment coincideix amb un Servei Territorial.<\/p>\n","protected":false},"excerpt":{"rendered":"<p>Els CREDA\u00a0s\u00f3n serveis de suport als centres educatius en l\u2019adequaci\u00f3 a les necessitats especials de l\u2019alumnat amb greus dificultats d\u2019audici\u00f3, llenguatge i\/o comunicaci\u00f3 que interfereixen en el seu desenvolupament personal, social i curricular. La seva intervenci\u00f3 es concreta en tres grans \u00e0mbits: alumnat i fam\u00edlies;&hellip;  <a href=\"https:\/\/agora.xtec.cat\/ceipignasimele\/serveis\/externs\/creda-centre-de-recursos-educatius-per-deficiencies-auditives\/\" title=\"Read CREDA (centre de recursos educatius per defici\u00e8ncies auditives)\">Llegeix m\u00e9s\u00bb<\/a><\/p>\n","protected":false},"author":1,"featured_media":0,"parent":717,"menu_order":6,"comment_status":"closed","ping_status":"closed","template":"","meta":{"_bbp_topic_count":0,"_bbp_reply_count":0,"_bbp_total_topic_count":0,"_bbp_total_reply_count":0,"_bbp_voice_count":0,"_bbp_anonymous_reply_count":0,"_bbp_topic_count_hidden":0,"_bbp_reply_count_hidden":0,"_bbp_forum_subforum_count":0,"footnotes":""},"class_list":["post-2935","page","type-page","status-publish","hentry"],"post_mailing_queue_ids":[],"_links":{"self":[{"href":"https:\/\/agora.xtec.cat\/ceipignasimele\/wp-json\/wp\/v2\/pages\/2935","targetHints":{"allow":["GET"]}}],"collection":[{"href":"https:\/\/agora.xtec.cat\/ceipignasimele\/wp-json\/wp\/v2\/pages"}],"about":[{"href":"https:\/\/agora.xtec.cat\/ceipignasimele\/wp-json\/wp\/v2\/types\/page"}],"author":[{"embeddable":true,"href":"https:\/\/agora.xtec.cat\/ceipignasimele\/wp-json\/wp\/v2\/users\/1"}],"replies":[{"embeddable":true,"href":"https:\/\/agora.xtec.cat\/ceipignasimele\/wp-json\/wp\/v2\/comments?post=2935"}],"version-history":[{"count":1,"href":"https:\/\/agora.xtec.cat\/ceipignasimele\/wp-json\/wp\/v2\/pages\/2935\/revisions"}],"predecessor-version":[{"id":2936,"href":"https:\/\/agora.xtec.cat\/ceipignasimele\/wp-json\/wp\/v2\/pages\/2935\/revisions\/2936"}],"up":[{"embeddable":true,"href":"https:\/\/agora.xtec.cat\/ceipignasimele\/wp-json\/wp\/v2\/pages\/717"}],"wp:attachment":[{"href":"https:\/\/agora.xtec.cat\/ceipignasimele\/wp-json\/wp\/v2\/media?parent=2935"}],"curies":[{"name":"wp","href":"https:\/\/api.w.org\/{rel}","templated":true}]}}