{"id":2930,"date":"2023-03-08T09:48:41","date_gmt":"2023-03-08T08:48:41","guid":{"rendered":"https:\/\/agora.xtec.cat\/ceipignasimele\/?page_id=2930"},"modified":"2023-03-08T09:58:24","modified_gmt":"2023-03-08T08:58:24","slug":"csmij-centre-de-salut-mental-infantil-i-juvenil","status":"publish","type":"page","link":"https:\/\/agora.xtec.cat\/ceipignasimele\/serveis\/externs\/csmij-centre-de-salut-mental-infantil-i-juvenil\/","title":{"rendered":"CSMIJ (centre de salut mental infantil i juvenil)"},"content":{"rendered":"<p><strong>CSMIJ<\/strong>:<\/p>\n<p>El Centre de Salut Mental Infantil i Juvenil (CSMIJ) \u00e9s un servei sanitari pertanyent a la Xarxa de Salut Mental d\u2019Utilitzaci\u00f3 P\u00fablica del Servei Catal\u00e0 de la Salut. Realitza funcions d\u2019atenci\u00f3 especialitzada a la salut mental i d\u2019assist\u00e8ncia psiqui\u00e0trica en r\u00e8gim ambulatori i est\u00e0 format per un conjunt multi professional de metges-psiquiatres, psic\u00f2legs, diplomats en infermeria, diplomats en treball social i personal administratiu que garanteixen una atenci\u00f3 professional, confidencial i personalitzada<\/p>\n","protected":false},"excerpt":{"rendered":"<p>CSMIJ:<br \/>\nEl Centre de Salut Mental Infantil i Juvenil (CSMIJ) \u00e9s un servei sanitari pertanyent a la Xarxa de Salut Mental d\u2019Utilitzaci\u00f3 P\u00fablica del Servei Catal\u00e0 de la Salut. Realitza funcions d\u2019atenci\u00f3 especialitzada a la salut mental i d\u2019assist\u00e8ncia psiqui\u00e0trica en r\u00e8gim ambulatori i est\u00e0 format&hellip;  <a href=\"https:\/\/agora.xtec.cat\/ceipignasimele\/serveis\/externs\/csmij-centre-de-salut-mental-infantil-i-juvenil\/\" title=\"Read CSMIJ (centre de salut mental infantil i juvenil)\">Llegeix m\u00e9s\u00bb<\/a><\/p>\n","protected":false},"author":1,"featured_media":0,"parent":717,"menu_order":4,"comment_status":"closed","ping_status":"closed","template":"","meta":{"_bbp_topic_count":0,"_bbp_reply_count":0,"_bbp_total_topic_count":0,"_bbp_total_reply_count":0,"_bbp_voice_count":0,"_bbp_anonymous_reply_count":0,"_bbp_topic_count_hidden":0,"_bbp_reply_count_hidden":0,"_bbp_forum_subforum_count":0,"footnotes":""},"class_list":["post-2930","page","type-page","status-publish","hentry"],"post_mailing_queue_ids":[],"_links":{"self":[{"href":"https:\/\/agora.xtec.cat\/ceipignasimele\/wp-json\/wp\/v2\/pages\/2930","targetHints":{"allow":["GET"]}}],"collection":[{"href":"https:\/\/agora.xtec.cat\/ceipignasimele\/wp-json\/wp\/v2\/pages"}],"about":[{"href":"https:\/\/agora.xtec.cat\/ceipignasimele\/wp-json\/wp\/v2\/types\/page"}],"author":[{"embeddable":true,"href":"https:\/\/agora.xtec.cat\/ceipignasimele\/wp-json\/wp\/v2\/users\/1"}],"replies":[{"embeddable":true,"href":"https:\/\/agora.xtec.cat\/ceipignasimele\/wp-json\/wp\/v2\/comments?post=2930"}],"version-history":[{"count":3,"href":"https:\/\/agora.xtec.cat\/ceipignasimele\/wp-json\/wp\/v2\/pages\/2930\/revisions"}],"predecessor-version":[{"id":2942,"href":"https:\/\/agora.xtec.cat\/ceipignasimele\/wp-json\/wp\/v2\/pages\/2930\/revisions\/2942"}],"up":[{"embeddable":true,"href":"https:\/\/agora.xtec.cat\/ceipignasimele\/wp-json\/wp\/v2\/pages\/717"}],"wp:attachment":[{"href":"https:\/\/agora.xtec.cat\/ceipignasimele\/wp-json\/wp\/v2\/media?parent=2930"}],"curies":[{"name":"wp","href":"https:\/\/api.w.org\/{rel}","templated":true}]}}