{"id":2926,"date":"2023-03-08T09:33:53","date_gmt":"2023-03-08T08:33:53","guid":{"rendered":"https:\/\/agora.xtec.cat\/ceipignasimele\/?page_id=2926"},"modified":"2023-04-24T17:36:39","modified_gmt":"2023-04-24T15:36:39","slug":"mall-mestre-a-daudicio-i-llenguatge","status":"publish","type":"page","link":"https:\/\/agora.xtec.cat\/ceipignasimele\/serveis\/interns\/mall-mestre-a-daudicio-i-llenguatge\/","title":{"rendered":"MALL (Mestre\/a d&#8217;audici\u00f3 i llenguatge)"},"content":{"rendered":"<p>El o la MALL (Mestre\/a d\u2019Audici\u00f3 i Llenguatge) en l\u2019etapa d\u2019educaci\u00f3 infantil ha d\u2019elaborar i portar a terme un projecte de prevenci\u00f3, d\u2019informaci\u00f3 i de detecci\u00f3 preco\u00e7 a trav\u00e9s del treball amb l\u2019equip de mestres. Aquesta col\u00b7laboraci\u00f3 d\u00f3na sentit a la intervenci\u00f3, especialment en el cicle d&#8217;infantil, perqu\u00e8 descarrega en gran mesura les tasques del CDIAP, el CREDA i l\u2019EAP.<\/p>\n<p>La seva intervenci\u00f3 a d\u2019assegurar un bon del desenvolupament del llenguatge i de la parla de l\u2019alumnat des de la prevenci\u00f3, la detecci\u00f3, l\u2019avaluaci\u00f3 i el seguiment.<\/p>\n<p>V\u00edctor Acosta ens diu, en la revista n\u00famero 15 del Col\u00b7legi de Logopedes (2008), que \u201cla incorporaci\u00f3 del logopeda a l\u2019escola porta impl\u00edcita la idea que constitueix un recurs per als nens, per\u00f2 tamb\u00e9 per al professorat i les fam\u00edlies\u201d.<\/p>\n<p>La intervenci\u00f3 de el o la MALL \u00e9s molt important en la coordinaci\u00f3 que implica les mestres (tutores i especialistes) i les fam\u00edlies dels alumnes. El rol de el o la MALL com a frontissa ens pot estalviar tant haver de posar falques a les dificultats que poden sorgir en els processos fisiol\u00f2gics, cognitius i comunicatius, com tamb\u00e9 m\u00e9s endavant haver de redre\u00e7ar-los, cosa que resulta molt m\u00e9s complexa.<\/p>\n","protected":false},"excerpt":{"rendered":"<p>El o la MALL (Mestre\/a d\u2019Audici\u00f3 i Llenguatge) en l\u2019etapa d\u2019educaci\u00f3 infantil ha d\u2019elaborar i portar a terme un projecte de prevenci\u00f3, d\u2019informaci\u00f3 i de detecci\u00f3 preco\u00e7 a trav\u00e9s del treball amb l\u2019equip de mestres. Aquesta col\u00b7laboraci\u00f3 d\u00f3na sentit a la intervenci\u00f3, especialment en el&hellip;  <a href=\"https:\/\/agora.xtec.cat\/ceipignasimele\/serveis\/interns\/mall-mestre-a-daudicio-i-llenguatge\/\" title=\"Read MALL (Mestre\/a d&#8217;audici\u00f3 i llenguatge)\">Llegeix m\u00e9s\u00bb<\/a><\/p>\n","protected":false},"author":1,"featured_media":0,"parent":714,"menu_order":6,"comment_status":"closed","ping_status":"closed","template":"","meta":{"_bbp_topic_count":0,"_bbp_reply_count":0,"_bbp_total_topic_count":0,"_bbp_total_reply_count":0,"_bbp_voice_count":0,"_bbp_anonymous_reply_count":0,"_bbp_topic_count_hidden":0,"_bbp_reply_count_hidden":0,"_bbp_forum_subforum_count":0,"footnotes":""},"class_list":["post-2926","page","type-page","status-publish","hentry"],"post_mailing_queue_ids":[],"_links":{"self":[{"href":"https:\/\/agora.xtec.cat\/ceipignasimele\/wp-json\/wp\/v2\/pages\/2926","targetHints":{"allow":["GET"]}}],"collection":[{"href":"https:\/\/agora.xtec.cat\/ceipignasimele\/wp-json\/wp\/v2\/pages"}],"about":[{"href":"https:\/\/agora.xtec.cat\/ceipignasimele\/wp-json\/wp\/v2\/types\/page"}],"author":[{"embeddable":true,"href":"https:\/\/agora.xtec.cat\/ceipignasimele\/wp-json\/wp\/v2\/users\/1"}],"replies":[{"embeddable":true,"href":"https:\/\/agora.xtec.cat\/ceipignasimele\/wp-json\/wp\/v2\/comments?post=2926"}],"version-history":[{"count":2,"href":"https:\/\/agora.xtec.cat\/ceipignasimele\/wp-json\/wp\/v2\/pages\/2926\/revisions"}],"predecessor-version":[{"id":2997,"href":"https:\/\/agora.xtec.cat\/ceipignasimele\/wp-json\/wp\/v2\/pages\/2926\/revisions\/2997"}],"up":[{"embeddable":true,"href":"https:\/\/agora.xtec.cat\/ceipignasimele\/wp-json\/wp\/v2\/pages\/714"}],"wp:attachment":[{"href":"https:\/\/agora.xtec.cat\/ceipignasimele\/wp-json\/wp\/v2\/media?parent=2926"}],"curies":[{"name":"wp","href":"https:\/\/api.w.org\/{rel}","templated":true}]}}