{"id":2919,"date":"2023-03-07T16:23:43","date_gmt":"2023-03-07T15:23:43","guid":{"rendered":"https:\/\/agora.xtec.cat\/ceipignasimele\/?page_id=2919"},"modified":"2023-03-07T16:25:25","modified_gmt":"2023-03-07T15:25:25","slug":"tei-tecnic-a-en-educacio-infantil","status":"publish","type":"page","link":"https:\/\/agora.xtec.cat\/ceipignasimele\/serveis\/interns\/tei-tecnic-a-en-educacio-infantil\/","title":{"rendered":"TEI (T\u00e8cnic\/a en educaci\u00f3 infantil)"},"content":{"rendered":"<p>El t\u00e8cnic o t\u00e8cnica especialista en educaci\u00f3 infantil (TEI) col\u00b7labora amb els mestres tutors del primer curs del segon cicle de l\u2019educaci\u00f3 infantil en el proc\u00e9s educatiu dels alumnes, principalment en el desenvolupament d\u2019h\u00e0bits d\u2019autonomia i en l\u2019atenci\u00f3 a les necessitats b\u00e0siques. Correspon al personal t\u00e8cnic especialista en educaci\u00f3 infantil el seg\u00fcent:<\/p>\n<ul>\n<li>Participar en la preparaci\u00f3 i el desenvolupament d\u2019activitats d\u2019ensenyament i aprenentatge, \u00e9s dir, organitzaci\u00f3 de l\u2019aula, elaboraci\u00f3 de materials did\u00e0ctics i suport al desenvolupament de les sessions;<\/li>\n<li>Col\u00b7laborar en la planificaci\u00f3 i el desenvolupament d\u2019activitats d\u2019ensenyament i aprenentatge d\u2019h\u00e0bits d\u2019autonomia dels alumnes;<\/li>\n<li>Dur a terme activitats espec\u00edfiques amb alumnes pautades pel mestre tutor o la mestra tutora;<\/li>\n<li>Col\u00b7laborar en les activitats d\u2019atenci\u00f3 a les necessitats b\u00e0siques dels infants;<\/li>\n<li>Participar en processos d\u2019observaci\u00f3 dels infants.<\/li>\n<\/ul>\n","protected":false},"excerpt":{"rendered":"<p>El t\u00e8cnic o t\u00e8cnica especialista en educaci\u00f3 infantil (TEI) col\u00b7labora amb els mestres tutors del primer curs del segon cicle de l\u2019educaci\u00f3 infantil en el proc\u00e9s educatiu dels alumnes, principalment en el desenvolupament d\u2019h\u00e0bits d\u2019autonomia i en l\u2019atenci\u00f3 a les necessitats b\u00e0siques. Correspon al personal&hellip;  <a href=\"https:\/\/agora.xtec.cat\/ceipignasimele\/serveis\/interns\/tei-tecnic-a-en-educacio-infantil\/\" title=\"Read TEI (T\u00e8cnic\/a en educaci\u00f3 infantil)\">Llegeix m\u00e9s\u00bb<\/a><\/p>\n","protected":false},"author":1,"featured_media":0,"parent":714,"menu_order":5,"comment_status":"closed","ping_status":"closed","template":"","meta":{"_bbp_topic_count":0,"_bbp_reply_count":0,"_bbp_total_topic_count":0,"_bbp_total_reply_count":0,"_bbp_voice_count":0,"_bbp_anonymous_reply_count":0,"_bbp_topic_count_hidden":0,"_bbp_reply_count_hidden":0,"_bbp_forum_subforum_count":0,"footnotes":""},"class_list":["post-2919","page","type-page","status-publish","hentry"],"post_mailing_queue_ids":[],"_links":{"self":[{"href":"https:\/\/agora.xtec.cat\/ceipignasimele\/wp-json\/wp\/v2\/pages\/2919","targetHints":{"allow":["GET"]}}],"collection":[{"href":"https:\/\/agora.xtec.cat\/ceipignasimele\/wp-json\/wp\/v2\/pages"}],"about":[{"href":"https:\/\/agora.xtec.cat\/ceipignasimele\/wp-json\/wp\/v2\/types\/page"}],"author":[{"embeddable":true,"href":"https:\/\/agora.xtec.cat\/ceipignasimele\/wp-json\/wp\/v2\/users\/1"}],"replies":[{"embeddable":true,"href":"https:\/\/agora.xtec.cat\/ceipignasimele\/wp-json\/wp\/v2\/comments?post=2919"}],"version-history":[{"count":2,"href":"https:\/\/agora.xtec.cat\/ceipignasimele\/wp-json\/wp\/v2\/pages\/2919\/revisions"}],"predecessor-version":[{"id":2925,"href":"https:\/\/agora.xtec.cat\/ceipignasimele\/wp-json\/wp\/v2\/pages\/2919\/revisions\/2925"}],"up":[{"embeddable":true,"href":"https:\/\/agora.xtec.cat\/ceipignasimele\/wp-json\/wp\/v2\/pages\/714"}],"wp:attachment":[{"href":"https:\/\/agora.xtec.cat\/ceipignasimele\/wp-json\/wp\/v2\/media?parent=2919"}],"curies":[{"name":"wp","href":"https:\/\/api.w.org\/{rel}","templated":true}]}}