{"id":2718,"date":"2022-12-05T16:00:15","date_gmt":"2022-12-05T15:00:15","guid":{"rendered":"https:\/\/agora.xtec.cat\/ceipignasimele\/?page_id=2718"},"modified":"2023-03-07T10:53:33","modified_gmt":"2023-03-07T09:53:33","slug":"crp","status":"publish","type":"page","link":"https:\/\/agora.xtec.cat\/ceipignasimele\/serveis\/externs\/crp\/","title":{"rendered":"CRP (Centre de recursos pedag\u00f2gics)"},"content":{"rendered":"<p>Els Centres de Recursos Pedag\u00f2gics (CRP) s\u00f3n equips de dinamitzaci\u00f3 i assessorament dels professionals i centres educatius per a la millora i transformaci\u00f3 educativa. El nostre CRP de refer\u00e8ncia \u00e9s <a href=\"https:\/\/serveiseducatius.xtec.cat\/selva2\/\" target=\"_blank\" rel=\"noopener\">la Selva 2<\/a>.<\/p>\n<div style=\"width: 100%;\">\n<div style=\"position: relative; padding-bottom: 75%; padding-top: 0; height: 0;\"><iframe loading=\"lazy\" style=\"position: absolute; top: 0; left: 0; width: 100%; height: 100%;\" title=\"CRP de la Selva II 22-23\" src=\"https:\/\/view.genial.ly\/633818779a622200117e87eb\" width=\"250px\" height=\"500px\" frameborder=\"0\" scrolling=\"yes\" allowfullscreen=\"allowfullscreen\" data-mce-fragment=\"1\"><\/iframe><\/div>\n<\/div>\n","protected":false},"excerpt":{"rendered":"<p>Els Centres de Recursos Pedag\u00f2gics (CRP) s\u00f3n equips de dinamitzaci\u00f3 i assessorament dels professionals i centres educatius per a la millora i transformaci\u00f3 educativa. El nostre CRP de refer\u00e8ncia \u00e9s <a href=\"https:\/\/serveiseducatius.xtec.cat\/selva2\/\" target=\"_blank\" rel=\"noopener\">la Selva 2<\/a>.<\/p>\n","protected":false},"author":1,"featured_media":0,"parent":717,"menu_order":2,"comment_status":"closed","ping_status":"closed","template":"page-templates\/side-menu.php","meta":{"_bbp_topic_count":0,"_bbp_reply_count":0,"_bbp_total_topic_count":0,"_bbp_total_reply_count":0,"_bbp_voice_count":0,"_bbp_anonymous_reply_count":0,"_bbp_topic_count_hidden":0,"_bbp_reply_count_hidden":0,"_bbp_forum_subforum_count":0,"footnotes":""},"class_list":["post-2718","page","type-page","status-publish","hentry"],"post_mailing_queue_ids":[],"_links":{"self":[{"href":"https:\/\/agora.xtec.cat\/ceipignasimele\/wp-json\/wp\/v2\/pages\/2718","targetHints":{"allow":["GET"]}}],"collection":[{"href":"https:\/\/agora.xtec.cat\/ceipignasimele\/wp-json\/wp\/v2\/pages"}],"about":[{"href":"https:\/\/agora.xtec.cat\/ceipignasimele\/wp-json\/wp\/v2\/types\/page"}],"author":[{"embeddable":true,"href":"https:\/\/agora.xtec.cat\/ceipignasimele\/wp-json\/wp\/v2\/users\/1"}],"replies":[{"embeddable":true,"href":"https:\/\/agora.xtec.cat\/ceipignasimele\/wp-json\/wp\/v2\/comments?post=2718"}],"version-history":[{"count":3,"href":"https:\/\/agora.xtec.cat\/ceipignasimele\/wp-json\/wp\/v2\/pages\/2718\/revisions"}],"predecessor-version":[{"id":2902,"href":"https:\/\/agora.xtec.cat\/ceipignasimele\/wp-json\/wp\/v2\/pages\/2718\/revisions\/2902"}],"up":[{"embeddable":true,"href":"https:\/\/agora.xtec.cat\/ceipignasimele\/wp-json\/wp\/v2\/pages\/717"}],"wp:attachment":[{"href":"https:\/\/agora.xtec.cat\/ceipignasimele\/wp-json\/wp\/v2\/media?parent=2718"}],"curies":[{"name":"wp","href":"https:\/\/api.w.org\/{rel}","templated":true}]}}