{"id":2612,"date":"2022-11-02T12:24:48","date_gmt":"2022-11-02T11:24:48","guid":{"rendered":"https:\/\/agora.xtec.cat\/ceipignasimele\/?page_id=2612"},"modified":"2022-11-22T16:07:54","modified_gmt":"2022-11-22T15:07:54","slug":"activitats","status":"publish","type":"page","link":"https:\/\/agora.xtec.cat\/ceipignasimele\/serveis\/interns\/menjador-escolar\/activitats\/","title":{"rendered":"Activitats"},"content":{"rendered":"<p>Des de l&#8217;espai de menjador us volem fer arribar aquest <a href=\"https:\/\/drive.google.com\/file\/d\/1uCQw8rcDcQkJ1ZO3ys2vCpw2b5xwqsEj\/view?usp=sharing\" target=\"_blank\" rel=\"noopener\">v\u00eddeo<\/a> de la celebraci\u00f3 del dia universal del infant que va tenir lloc el passat divendres.<br \/>\nEls nostres nens i nenes s&#8217;ho van passar d&#8217;all\u00f2 m\u00e9s b\u00e9 amb l&#8217;ajut de les monitores, preparant una gran coreografia per aquest dia tan especial.<\/p>\n<p><iframe loading=\"lazy\" title=\"YouTube video player\" src=\"\/\/www.youtube.com\/embed\/LfP3fw7Er78\" width=\"560\" height=\"315\" frameborder=\"0\" allowfullscreen=\"allowfullscreen\"><\/iframe><\/p>\n<p>(Per poder veure el v\u00eddeo, identifiqueu-vos a Google amb el correu de l&#8217;escola @escolaignasimele.com, cliqueu sobre el v\u00eddeo amb el bot\u00f3 dret, copieu l&#8217;URL del v\u00eddeo i enganxeu-lo al navegador)<\/p>\n<p>______________________________________________________________________________________________________________________<\/p>\n<p>Aqu\u00ed teniu un petit recull de la Castanyada\/Halloween al menjador de l&#8217;escola.<\/p>\n<div style=\"width: 960px;\" class=\"wp-video\"><!--[if lt IE 9]><script>document.createElement('video');<\/script><![endif]-->\n<video class=\"wp-video-shortcode\" id=\"video-2612-1\" width=\"960\" height=\"720\" preload=\"metadata\" controls=\"controls\"><source type=\"video\/mp4\" src=\"https:\/\/agora.xtec.cat\/ceipignasimele\/wp-content\/uploads\/usu1607\/2022\/11\/Castanyada-i-halloween-menjador-reduit.mp4?_=1\" \/><a href=\"https:\/\/agora.xtec.cat\/ceipignasimele\/wp-content\/uploads\/usu1607\/2022\/11\/Castanyada-i-halloween-menjador-reduit.mp4\">https:\/\/agora.xtec.cat\/ceipignasimele\/wp-content\/uploads\/usu1607\/2022\/11\/Castanyada-i-halloween-menjador-reduit.mp4<\/a><\/video><\/div>\n","protected":false},"excerpt":{"rendered":"<p>Des de l&#8217;espai de menjador us volem fer arribar aquest <a href=\"https:\/\/drive.google.com\/file\/d\/1uCQw8rcDcQkJ1ZO3ys2vCpw2b5xwqsEj\/view?usp=sharing\" target=\"_blank\" rel=\"noopener\">v\u00eddeo<\/a> de la celebraci\u00f3 del dia universal del infant que va tenir lloc el passat divendres.<br \/>\nEls nostres nens i nenes s&#8217;ho van passar d&#8217;all\u00f2 m\u00e9s b\u00e9 amb l&#8217;ajut de les monitores, preparant&hellip;  <a href=\"https:\/\/agora.xtec.cat\/ceipignasimele\/serveis\/interns\/menjador-escolar\/activitats\/\" title=\"Read Activitats\">Llegeix m\u00e9s\u00bb<\/a><\/p>\n","protected":false},"author":1,"featured_media":0,"parent":73,"menu_order":0,"comment_status":"closed","ping_status":"closed","template":"","meta":{"_bbp_topic_count":0,"_bbp_reply_count":0,"_bbp_total_topic_count":0,"_bbp_total_reply_count":0,"_bbp_voice_count":0,"_bbp_anonymous_reply_count":0,"_bbp_topic_count_hidden":0,"_bbp_reply_count_hidden":0,"_bbp_forum_subforum_count":0,"footnotes":""},"class_list":["post-2612","page","type-page","status-publish","hentry"],"post_mailing_queue_ids":[],"_links":{"self":[{"href":"https:\/\/agora.xtec.cat\/ceipignasimele\/wp-json\/wp\/v2\/pages\/2612","targetHints":{"allow":["GET"]}}],"collection":[{"href":"https:\/\/agora.xtec.cat\/ceipignasimele\/wp-json\/wp\/v2\/pages"}],"about":[{"href":"https:\/\/agora.xtec.cat\/ceipignasimele\/wp-json\/wp\/v2\/types\/page"}],"author":[{"embeddable":true,"href":"https:\/\/agora.xtec.cat\/ceipignasimele\/wp-json\/wp\/v2\/users\/1"}],"replies":[{"embeddable":true,"href":"https:\/\/agora.xtec.cat\/ceipignasimele\/wp-json\/wp\/v2\/comments?post=2612"}],"version-history":[{"count":3,"href":"https:\/\/agora.xtec.cat\/ceipignasimele\/wp-json\/wp\/v2\/pages\/2612\/revisions"}],"predecessor-version":[{"id":2670,"href":"https:\/\/agora.xtec.cat\/ceipignasimele\/wp-json\/wp\/v2\/pages\/2612\/revisions\/2670"}],"up":[{"embeddable":true,"href":"https:\/\/agora.xtec.cat\/ceipignasimele\/wp-json\/wp\/v2\/pages\/73"}],"wp:attachment":[{"href":"https:\/\/agora.xtec.cat\/ceipignasimele\/wp-json\/wp\/v2\/media?parent=2612"}],"curies":[{"name":"wp","href":"https:\/\/api.w.org\/{rel}","templated":true}]}}