{"id":2091,"date":"2020-10-21T12:47:27","date_gmt":"2020-10-21T10:47:27","guid":{"rendered":"http:\/\/agora.xtec.cat\/ceipignasimele\/?page_id=2091"},"modified":"2022-09-22T13:31:23","modified_gmt":"2022-09-22T11:31:23","slug":"natacio","status":"publish","type":"page","link":"https:\/\/agora.xtec.cat\/ceipignasimele\/alumnat\/natacio\/","title":{"rendered":"Nataci\u00f3"},"content":{"rendered":"<p><span style=\"font-weight: 400;\">NATACI\u00d3 ESCOLAR<\/span><\/p>\n<p><span style=\"font-weight: 400;\">Un any m\u00e9s els vostres fills realizaran l\u2019activitat de nataci\u00f3, dins l\u2019\u00e0rea d\u2019Educaci\u00f3 F\u00edsica.\u00a0 A trav\u00e9s d\u2019aquesta activitat es pret\u00e9n no nom\u00e9s ensenyar els diferents estils de nataci\u00f3, sin\u00f3 anar una mica m\u00e9s enll\u00e0 i utilitzar el medi aqu\u00e0tic en tota la seva magnitud aprofitant totes les seves possibilitats per, d\u2019aquesta manera, contribuir al desenvolupament integral de la persona.\u00a0<\/span><\/p>\n<p><span style=\"font-weight: 400;\">Lloc: Piscina Municipal \u00a0 \u00a0 \u00a0 \u00a0 \u00a0 \u00a0 \u00a0 \u00a0 \u00a0 \u00a0 \u00a0 \u00a0 \u00a0 \u00a0 Durada: 8 sessions (7 de nataci\u00f3 + 1 d\u2019iniciaci\u00f3 al P\u00e0del)<\/span><\/p>\n<p><span style=\"font-weight: 400;\">Horari: dins de l\u2019\u00e0mbit d\u2019Educaci\u00f3 F\u00edsica (cal que els alumnes estiguin a la piscina a l\u2019hora de comen\u00e7ar l\u2019activitat. Els alumnes que dinen al menjador aniran a peu amb el\/la mestra d\u2019EF cap a la piscina. La tornada a l\u2019escola es far\u00e0 amb el\/la mestra d\u2019educaci\u00f3 f\u00edsica i un pare o mare acompanyant).<\/span><\/p>\n<p><span style=\"font-weight: 400;\">Monitoratge a c\u00e0rrec de: Triangulum Esport i Lleure SC.<\/span><\/p>\n<p><b>Activitat subvencionada per la Diputaci\u00f3 de Girona<\/b><\/p>\n<p><b>Preu final: 20,20\u20ac (cal fer el pagament a la piscina municipal)<\/b><\/p>\n","protected":false},"excerpt":{"rendered":"<p>NATACI\u00d3 ESCOLAR<br \/>\nUn any m\u00e9s els vostres fills realizaran l\u2019activitat de nataci\u00f3, dins l\u2019\u00e0rea d\u2019Educaci\u00f3 F\u00edsica.\u00a0 A trav\u00e9s d\u2019aquesta activitat es pret\u00e9n no nom\u00e9s ensenyar els diferents estils de nataci\u00f3, sin\u00f3 anar una mica m\u00e9s enll\u00e0 i utilitzar el medi aqu\u00e0tic en tota la seva magnitud&hellip;  <a href=\"https:\/\/agora.xtec.cat\/ceipignasimele\/alumnat\/natacio\/\" title=\"Read Nataci\u00f3\">Llegeix m\u00e9s\u00bb<\/a><\/p>\n","protected":false},"author":1,"featured_media":0,"parent":677,"menu_order":0,"comment_status":"closed","ping_status":"closed","template":"page-templates\/side-menu.php","meta":{"_bbp_topic_count":0,"_bbp_reply_count":0,"_bbp_total_topic_count":0,"_bbp_total_reply_count":0,"_bbp_voice_count":0,"_bbp_anonymous_reply_count":0,"_bbp_topic_count_hidden":0,"_bbp_reply_count_hidden":0,"_bbp_forum_subforum_count":0,"footnotes":""},"class_list":["post-2091","page","type-page","status-publish","hentry"],"post_mailing_queue_ids":[],"_links":{"self":[{"href":"https:\/\/agora.xtec.cat\/ceipignasimele\/wp-json\/wp\/v2\/pages\/2091","targetHints":{"allow":["GET"]}}],"collection":[{"href":"https:\/\/agora.xtec.cat\/ceipignasimele\/wp-json\/wp\/v2\/pages"}],"about":[{"href":"https:\/\/agora.xtec.cat\/ceipignasimele\/wp-json\/wp\/v2\/types\/page"}],"author":[{"embeddable":true,"href":"https:\/\/agora.xtec.cat\/ceipignasimele\/wp-json\/wp\/v2\/users\/1"}],"replies":[{"embeddable":true,"href":"https:\/\/agora.xtec.cat\/ceipignasimele\/wp-json\/wp\/v2\/comments?post=2091"}],"version-history":[{"count":2,"href":"https:\/\/agora.xtec.cat\/ceipignasimele\/wp-json\/wp\/v2\/pages\/2091\/revisions"}],"predecessor-version":[{"id":2520,"href":"https:\/\/agora.xtec.cat\/ceipignasimele\/wp-json\/wp\/v2\/pages\/2091\/revisions\/2520"}],"up":[{"embeddable":true,"href":"https:\/\/agora.xtec.cat\/ceipignasimele\/wp-json\/wp\/v2\/pages\/677"}],"wp:attachment":[{"href":"https:\/\/agora.xtec.cat\/ceipignasimele\/wp-json\/wp\/v2\/media?parent=2091"}],"curies":[{"name":"wp","href":"https:\/\/api.w.org\/{rel}","templated":true}]}}