{"id":1925,"date":"2020-03-25T17:56:34","date_gmt":"2020-03-25T16:56:34","guid":{"rendered":"http:\/\/agora.xtec.cat\/ceipignasimele\/?page_id=1925"},"modified":"2020-03-25T18:03:29","modified_gmt":"2020-03-25T17:03:29","slug":"robotica","status":"publish","type":"page","link":"https:\/\/agora.xtec.cat\/ceipignasimele\/robotica\/","title":{"rendered":"ROB\u00d2TICA"},"content":{"rendered":"<p>Actualment els nostres alumnes ja des de ben petits treballen l&#8217;\u00e0mbit digital a partir de diversos materials. Aquests s\u00f3n principalment:<\/p>\n<table style=\"width: 798px;\">\n<tbody>\n<tr>\n<td style=\"width: 255px; text-align: center;\">Lego Mindstorms EV3<\/td>\n<td style=\"width: 288px; text-align: center;\">Bee Bots<\/td>\n<td style=\"width: 245px; text-align: center;\">Scratch \/ Scratch Jr<\/td>\n<\/tr>\n<tr>\n<td style=\"width: 255px; text-align: center;\"><a href=\"https:\/\/agora.xtec.cat\/ceipignasimele\/wp-content\/uploads\/usu1607\/2020\/03\/Lego_Mindstorms_EV3_Education_45544_contenido.jpg\"><img loading=\"lazy\" decoding=\"async\" class=\"aligncenter size-thumbnail wp-image-1928\" src=\"https:\/\/agora.xtec.cat\/ceipignasimele\/wp-content\/uploads\/usu1607\/2020\/03\/Lego_Mindstorms_EV3_Education_45544_contenido-150x150.jpg\" alt=\"\" width=\"150\" height=\"150\" \/><\/a><\/td>\n<td style=\"width: 288px; text-align: center;\"><a href=\"https:\/\/agora.xtec.cat\/ceipignasimele\/wp-content\/uploads\/usu1607\/2020\/03\/bee-bot-robot-infantil-programable.jpg\"><img loading=\"lazy\" decoding=\"async\" class=\"aligncenter size-thumbnail wp-image-1929\" src=\"https:\/\/agora.xtec.cat\/ceipignasimele\/wp-content\/uploads\/usu1607\/2020\/03\/bee-bot-robot-infantil-programable-150x150.jpg\" alt=\"\" width=\"150\" height=\"150\" \/><\/a><\/td>\n<td style=\"width: 245px; text-align: center;\"><a href=\"https:\/\/agora.xtec.cat\/ceipignasimele\/wp-content\/uploads\/usu1607\/2020\/03\/scratchkatua-675x675.jpg\"><img loading=\"lazy\" decoding=\"async\" class=\"aligncenter size-thumbnail wp-image-1934\" src=\"https:\/\/agora.xtec.cat\/ceipignasimele\/wp-content\/uploads\/usu1607\/2020\/03\/scratchkatua-675x675-150x150.jpg\" alt=\"\" width=\"150\" height=\"150\" \/><\/a><\/td>\n<\/tr>\n<\/tbody>\n<\/table>\n","protected":false},"excerpt":{"rendered":"<p>Actualment els nostres alumnes ja des de ben petits treballen l&#8217;\u00e0mbit digital a partir de diversos materials. Aquests s\u00f3n principalment:<\/p>\n<p>Lego Mindstorms EV3<br \/>\nBee Bots<br \/>\nScratch \/ Scratch Jr<\/p>\n<p><a href=\"https:\/\/agora.xtec.cat\/ceipignasimele\/wp-content\/uploads\/usu1607\/2020\/03\/Lego_Mindstorms_EV3_Education_45544_contenido.jpg\"><\/a><br \/>\n<a href=\"https:\/\/agora.xtec.cat\/ceipignasimele\/wp-content\/uploads\/usu1607\/2020\/03\/bee-bot-robot-infantil-programable.jpg\"><\/a><br \/>\n<a href=\"https:\/\/agora.xtec.cat\/ceipignasimele\/wp-content\/uploads\/usu1607\/2020\/03\/scratchkatua-675x675.jpg\"><\/a><\/p>\n","protected":false},"author":1,"featured_media":0,"parent":0,"menu_order":0,"comment_status":"closed","ping_status":"closed","template":"","meta":{"_bbp_topic_count":0,"_bbp_reply_count":0,"_bbp_total_topic_count":0,"_bbp_total_reply_count":0,"_bbp_voice_count":0,"_bbp_anonymous_reply_count":0,"_bbp_topic_count_hidden":0,"_bbp_reply_count_hidden":0,"_bbp_forum_subforum_count":0,"footnotes":""},"class_list":["post-1925","page","type-page","status-publish","hentry"],"post_mailing_queue_ids":[],"_links":{"self":[{"href":"https:\/\/agora.xtec.cat\/ceipignasimele\/wp-json\/wp\/v2\/pages\/1925","targetHints":{"allow":["GET"]}}],"collection":[{"href":"https:\/\/agora.xtec.cat\/ceipignasimele\/wp-json\/wp\/v2\/pages"}],"about":[{"href":"https:\/\/agora.xtec.cat\/ceipignasimele\/wp-json\/wp\/v2\/types\/page"}],"author":[{"embeddable":true,"href":"https:\/\/agora.xtec.cat\/ceipignasimele\/wp-json\/wp\/v2\/users\/1"}],"replies":[{"embeddable":true,"href":"https:\/\/agora.xtec.cat\/ceipignasimele\/wp-json\/wp\/v2\/comments?post=1925"}],"version-history":[{"count":3,"href":"https:\/\/agora.xtec.cat\/ceipignasimele\/wp-json\/wp\/v2\/pages\/1925\/revisions"}],"predecessor-version":[{"id":1935,"href":"https:\/\/agora.xtec.cat\/ceipignasimele\/wp-json\/wp\/v2\/pages\/1925\/revisions\/1935"}],"wp:attachment":[{"href":"https:\/\/agora.xtec.cat\/ceipignasimele\/wp-json\/wp\/v2\/media?parent=1925"}],"curies":[{"name":"wp","href":"https:\/\/api.w.org\/{rel}","templated":true}]}}