{"id":1681,"date":"2019-11-13T12:33:50","date_gmt":"2019-11-13T11:33:50","guid":{"rendered":"http:\/\/agora.xtec.cat\/ceipignasimele\/?page_id=1681"},"modified":"2023-01-23T16:10:42","modified_gmt":"2023-01-23T15:10:42","slug":"erasmus-k1","status":"publish","type":"page","link":"https:\/\/agora.xtec.cat\/ceipignasimele\/projectes-i-plans\/ambit-linguistic\/erasmus-k1\/","title":{"rendered":"ERASMUS+"},"content":{"rendered":"<p style=\"text-align: justify;\">Des del curs 2017-2018 a l\u2019escola s\u2019ha iniciat l\u2019acollida en angl\u00e8s, un projecte per tal de dinamitzar aquesta llengua, per aix\u00f2, dins l\u2019horari dels alumnes de prim\u00e0ria, es fan 15 minuts en angl\u00e8s cada dia al mat\u00ed amb un material que han preparat les especialistes (calendari, temps, can\u00e7ons, din\u00e0miques, jocs i activitats). Els que han de fer l\u2019acollida s\u00f3n tots els mestres, no tan sols els especialistes, per aix\u00f2 necessitem que els tutors tinguin una solv\u00e8ncia especialment en expressi\u00f3 oral per poder oferir una millor acollida.<\/p>\n<p style=\"text-align: justify;\">Arrel d\u2019aquesta necessitat es va presentar aquest projecte KA1 a la Uni\u00f3 Europea en el qual es demanava un curs de formaci\u00f3 per l\u2019especialista encarregada de dinamitzar l\u2019acollida, i quatre cursos per mestres no especialistes en aquesta llengua per poder millorar el seu nivell, sobretot en speaking. Aquests cursos s&#8217;havien de realitzar durant el mes de juliol, per\u00f2 degut a la pand\u00e8mia i al tancament de molts pa\u00efsos, els cursos a l&#8217;estranger s&#8217;han hagut de posposar.<\/p>\n<p style=\"text-align: justify;\">Despr\u00e9s d\u2019haver obtingut una negativa el curs 2018-2019, el curs 2019-2020 la Uni\u00f3 Europea ha otorgat a l\u2019escola el que vam demanar i ens han donat una subvenci\u00f3 per tal de poder-ho portar a terme.<\/p>\n<p style=\"text-align: justify;\">Us informem que el servei per a la internalitzaci\u00f3 de l&#8217;educaci\u00f3 (SEPIE), Ag\u00e8ncia General d&#8217;Erasmus fa entrega a l&#8217;Escola Ignasi Mel\u00e9 i Farr\u00e9 d&#8217;una placa identificativa de participaci\u00f3 en aquest programa, que hem col-locat a l&#8217;entrada de l&#8217;escola:<\/p>\n<p><img loading=\"lazy\" decoding=\"async\" class=\" wp-image-2209 aligncenter\" src=\"https:\/\/agora.xtec.cat\/ceipignasimele\/wp-content\/uploads\/usu1607\/2021\/03\/erasmus-300x231.jpg\" alt=\"\" width=\"416\" height=\"321\" srcset=\"https:\/\/agora.xtec.cat\/ceipignasimele\/wp-content\/uploads\/usu1607\/2021\/03\/erasmus-300x231.jpg 300w, https:\/\/agora.xtec.cat\/ceipignasimele\/wp-content\/uploads\/usu1607\/2021\/03\/erasmus-768x591.jpg 768w, https:\/\/agora.xtec.cat\/ceipignasimele\/wp-content\/uploads\/usu1607\/2021\/03\/erasmus.jpg 899w\" sizes=\"auto, (max-width: 416px) 100vw, 416px\" \/><\/p>\n<ul>\n<li><a href=\"https:\/\/agora.xtec.cat\/ceipignasimele\/projectes-i-plans\/ambit-linguistic\/erasmus-k1\/conveni-2\/\">Conveni<\/a><\/li>\n<li><a href=\"https:\/\/agora.xtec.cat\/ceipignasimele\/projectes-i-plans\/ambit-linguistic\/erasmus-k1\/ka1\/\">KA1<\/a><\/li>\n<li><a href=\"https:\/\/agora.xtec.cat\/ceipignasimele\/projectes-i-plans\/ambit-linguistic\/erasmus-k1\/ka2\/\">KA2<\/a><\/li>\n<\/ul>\n","protected":false},"excerpt":{"rendered":"<p>Des del curs 2017-2018 a l\u2019escola s\u2019ha iniciat l\u2019acollida en angl\u00e8s, un projecte per tal de dinamitzar aquesta llengua, per aix\u00f2, dins l\u2019horari dels alumnes de prim\u00e0ria, es fan 15 minuts en angl\u00e8s cada dia al mat\u00ed amb un material que han preparat les especialistes&hellip;  <a href=\"https:\/\/agora.xtec.cat\/ceipignasimele\/projectes-i-plans\/ambit-linguistic\/erasmus-k1\/\" title=\"Read ERASMUS+\">Llegeix m\u00e9s\u00bb<\/a><\/p>\n","protected":false},"author":1,"featured_media":0,"parent":810,"menu_order":3,"comment_status":"closed","ping_status":"closed","template":"page-templates\/side-menu.php","meta":{"_bbp_topic_count":0,"_bbp_reply_count":0,"_bbp_total_topic_count":0,"_bbp_total_reply_count":0,"_bbp_voice_count":0,"_bbp_anonymous_reply_count":0,"_bbp_topic_count_hidden":0,"_bbp_reply_count_hidden":0,"_bbp_forum_subforum_count":0,"footnotes":""},"class_list":["post-1681","page","type-page","status-publish","hentry"],"post_mailing_queue_ids":[],"_links":{"self":[{"href":"https:\/\/agora.xtec.cat\/ceipignasimele\/wp-json\/wp\/v2\/pages\/1681","targetHints":{"allow":["GET"]}}],"collection":[{"href":"https:\/\/agora.xtec.cat\/ceipignasimele\/wp-json\/wp\/v2\/pages"}],"about":[{"href":"https:\/\/agora.xtec.cat\/ceipignasimele\/wp-json\/wp\/v2\/types\/page"}],"author":[{"embeddable":true,"href":"https:\/\/agora.xtec.cat\/ceipignasimele\/wp-json\/wp\/v2\/users\/1"}],"replies":[{"embeddable":true,"href":"https:\/\/agora.xtec.cat\/ceipignasimele\/wp-json\/wp\/v2\/comments?post=1681"}],"version-history":[{"count":3,"href":"https:\/\/agora.xtec.cat\/ceipignasimele\/wp-json\/wp\/v2\/pages\/1681\/revisions"}],"predecessor-version":[{"id":2841,"href":"https:\/\/agora.xtec.cat\/ceipignasimele\/wp-json\/wp\/v2\/pages\/1681\/revisions\/2841"}],"up":[{"embeddable":true,"href":"https:\/\/agora.xtec.cat\/ceipignasimele\/wp-json\/wp\/v2\/pages\/810"}],"wp:attachment":[{"href":"https:\/\/agora.xtec.cat\/ceipignasimele\/wp-json\/wp\/v2\/media?parent=1681"}],"curies":[{"name":"wp","href":"https:\/\/api.w.org\/{rel}","templated":true}]}}