{"id":1369,"date":"2018-10-29T12:54:50","date_gmt":"2018-10-29T11:54:50","guid":{"rendered":"http:\/\/agora.xtec.cat\/ceipignasimele\/?page_id=1369"},"modified":"2022-11-03T15:46:03","modified_gmt":"2022-11-03T14:46:03","slug":"la-robotica-una-nova-eina-per-fer-les-matematiques","status":"publish","type":"page","link":"https:\/\/agora.xtec.cat\/ceipignasimele\/treball-amb-xarxa\/la-robotica-una-nova-eina-per-fer-les-matematiques\/","title":{"rendered":"La rob\u00f2tica una nova eina per fer les matem\u00e0tiques"},"content":{"rendered":"<p><strong>Descripci\u00f3:<\/strong><\/p>\n<p style=\"text-align: justify;\">Des de l\u2019escola volem engegar un projecte per treballar les matem\u00e0tiques des de la basant constructivista, de manera manipulativa i activa. Matem\u00e0tiques del segle XXI, on els reptes, habilitats i compet\u00e8ncies s\u00f3n de l\u2019\u00e8poca que pertoquen.<br \/>\nEl nostre futur \u00e9s ajudar a formar nens competencials i que donin resposta a la nova societat tecnol\u00f2gica, avui dia no \u00e9s suficient saber continguts, sin\u00f3 saber fer, per aquest motiu comprem material de rob\u00f2tica i proposem la formaci\u00f3 dels mestres engrescadors que s\u00e0piguen tirar endavant aquest projecte.<br \/>\nLes matem\u00e0tiques no s\u00f3n una q\u00fcesti\u00f3 de fer operacions i resoldre problemes, sin\u00f3 de saber aplicar-les al nostre context, actualment vivim en un entorn tecnol\u00f2gic, \u00e9s el nostre futur.<\/p>\n<p style=\"text-align: justify;\"><strong>Objectius:<\/strong><\/p>\n<p style=\"text-align: justify;\">Treballar a trav\u00e9s de reptes les habilitats i compet\u00e8ncies del s.XXI.<br \/>\nDesenvolupar les habilitats STEM (Ci\u00e8ncies, Tecnologia, Enginyeria i molt especialment les Matem\u00e0tiques).<\/p>\n<p style=\"text-align: justify;\"><strong>Continguts:<\/strong><\/p>\n<p style=\"text-align: justify;\">&#8211; Transversalitat en l\u2019aprenentatge.<br \/>\n&#8211; Coneixement de l\u2019alumne com a membre actiu, promotor de la curiositat i de la recerca infinita d\u2019aprenentatge.<br \/>\n&#8211; L\u2019observaci\u00f3 constant per saber cada dia m\u00e9s dels seus alumnes i pugui aix\u00ed, adaptar encara millor, els reptes al seu potencial.<br \/>\n&#8211; El guiatge que no mestratge, en el seu desenvolupament i autoaprenentatge perqu\u00e8, tot i estar en la mateixa franja d\u2019edat, s\u00f3n \u00e9ssers independents, amb idees diferents, curiositats, capacitats i habilitats diverses. Aportaran llum al seu autoaprenentatge facilitant-los les eines (quan calgui) i ajudant-los a trobar-les per ells, sempre que sigui possible. Perqu\u00e8 ells s\u00f3n els \u00fanics que poden aprendre i generar la motivaci\u00f3 interna per seguir aprenent en un marc de benestar personal, felicitat i autocapacitaci\u00f3 per millorar.<br \/>\n&#8211; Amb agilitat, frescor, bon humor, pensament flexible i obert, al col\u2022lectiu de la inf\u00e0ncia que \u00e9s el pou de la gran saviesa per descobrir.<br \/>\n&#8211; La diversitat d\u2019alumnat i la dinamitzaci\u00f3 de la mateixa perqu\u00e8 coneixent la diversitat de talents que hi sol haver en una aula, aix\u00ed com les dishabilitats que de vegades mostren alguns alumnes \u00e9s l\u2019\u00fanica manera de veure\u2019ls evolucionar amb il\u2022lusi\u00f3 i significativament. Estant capacitats perqu\u00e8 tots aprenguin en un marc de sentir-se poderosos mentre ho passen b\u00e9 i aprenen.<\/p>\n<p style=\"text-align: justify;\"><a href=\"https:\/\/agora.xtec.cat\/ceipignasimele\/wp-content\/uploads\/usu1607\/2018\/10\/collagerobotica.jpg\"><img loading=\"lazy\" decoding=\"async\" class=\"aligncenter size-large wp-image-1381\" src=\"https:\/\/agora.xtec.cat\/ceipignasimele\/wp-content\/uploads\/usu1607\/2018\/10\/collagerobotica-1024x768.jpg\" alt=\"\" width=\"1024\" height=\"768\" srcset=\"https:\/\/agora.xtec.cat\/ceipignasimele\/wp-content\/uploads\/usu1607\/2018\/10\/collagerobotica.jpg 1024w, https:\/\/agora.xtec.cat\/ceipignasimele\/wp-content\/uploads\/usu1607\/2018\/10\/collagerobotica-300x225.jpg 300w, https:\/\/agora.xtec.cat\/ceipignasimele\/wp-content\/uploads\/usu1607\/2018\/10\/collagerobotica-768x576.jpg 768w, https:\/\/agora.xtec.cat\/ceipignasimele\/wp-content\/uploads\/usu1607\/2018\/10\/collagerobotica-200x150.jpg 200w\" sizes=\"auto, (max-width: 1024px) 100vw, 1024px\" \/><\/a><\/p>\n<p>&nbsp;<\/p>\n","protected":false},"excerpt":{"rendered":"<p>Descripci\u00f3:<br \/>\nDes de l\u2019escola volem engegar un projecte per treballar les matem\u00e0tiques des de la basant constructivista, de manera manipulativa i activa. Matem\u00e0tiques del segle XXI, on els reptes, habilitats i compet\u00e8ncies s\u00f3n de l\u2019\u00e8poca que pertoquen.<br \/>\nEl nostre futur \u00e9s ajudar a formar nens competencials i&hellip;  <a href=\"https:\/\/agora.xtec.cat\/ceipignasimele\/treball-amb-xarxa\/la-robotica-una-nova-eina-per-fer-les-matematiques\/\" title=\"Read La rob\u00f2tica una nova eina per fer les matem\u00e0tiques\">Llegeix m\u00e9s\u00bb<\/a><\/p>\n","protected":false},"author":1,"featured_media":0,"parent":1397,"menu_order":2,"comment_status":"closed","ping_status":"closed","template":"","meta":{"_bbp_topic_count":0,"_bbp_reply_count":0,"_bbp_total_topic_count":0,"_bbp_total_reply_count":0,"_bbp_voice_count":0,"_bbp_anonymous_reply_count":0,"_bbp_topic_count_hidden":0,"_bbp_reply_count_hidden":0,"_bbp_forum_subforum_count":0,"footnotes":""},"class_list":["post-1369","page","type-page","status-publish","hentry"],"post_mailing_queue_ids":[],"_links":{"self":[{"href":"https:\/\/agora.xtec.cat\/ceipignasimele\/wp-json\/wp\/v2\/pages\/1369","targetHints":{"allow":["GET"]}}],"collection":[{"href":"https:\/\/agora.xtec.cat\/ceipignasimele\/wp-json\/wp\/v2\/pages"}],"about":[{"href":"https:\/\/agora.xtec.cat\/ceipignasimele\/wp-json\/wp\/v2\/types\/page"}],"author":[{"embeddable":true,"href":"https:\/\/agora.xtec.cat\/ceipignasimele\/wp-json\/wp\/v2\/users\/1"}],"replies":[{"embeddable":true,"href":"https:\/\/agora.xtec.cat\/ceipignasimele\/wp-json\/wp\/v2\/comments?post=1369"}],"version-history":[{"count":3,"href":"https:\/\/agora.xtec.cat\/ceipignasimele\/wp-json\/wp\/v2\/pages\/1369\/revisions"}],"predecessor-version":[{"id":1382,"href":"https:\/\/agora.xtec.cat\/ceipignasimele\/wp-json\/wp\/v2\/pages\/1369\/revisions\/1382"}],"up":[{"embeddable":true,"href":"https:\/\/agora.xtec.cat\/ceipignasimele\/wp-json\/wp\/v2\/pages\/1397"}],"wp:attachment":[{"href":"https:\/\/agora.xtec.cat\/ceipignasimele\/wp-json\/wp\/v2\/media?parent=1369"}],"curies":[{"name":"wp","href":"https:\/\/api.w.org\/{rel}","templated":true}]}}