{"id":1364,"date":"2018-10-25T16:33:04","date_gmt":"2018-10-25T14:33:04","guid":{"rendered":"http:\/\/agora.xtec.cat\/ceipignasimele\/?page_id=1364"},"modified":"2022-12-13T11:25:13","modified_gmt":"2022-12-13T10:25:13","slug":"objectius","status":"publish","type":"page","link":"https:\/\/agora.xtec.cat\/ceipignasimele\/alumnat\/natacio\/objectius\/","title":{"rendered":"Objectius"},"content":{"rendered":"<p>Cada curs de Prim\u00e0ria (de 1r a 6\u00e8) realitzar\u00e0 l\u2019activitat de nataci\u00f3 (inclosa dins l\u2019\u00e0rea d\u2019Ed.F\u00edsica) al llarg d\u2019un trimestre. Constar\u00e0 de 7 sessions + 1 sessi\u00f3 final d\u2019iniciaci\u00f3 al P\u00e0del.<\/p>\n<table style=\"border-collapse: collapse; width: 59.1368%;\">\n<tbody>\n<tr>\n<td style=\"width: 10%; text-align: center;\">\n<pre><strong>CURS<\/strong><\/pre>\n<\/td>\n<td style=\"width: 53.1992%; text-align: center;\">\n<pre><strong>OBJECTIU<\/strong><\/pre>\n<\/td>\n<\/tr>\n<tr>\n<td style=\"width: 10%; text-align: center;\">\n<pre>Primer<\/pre>\n<\/td>\n<td style=\"width: 53.1992%;\">\n<pre>- Superar la por al medi aqu\u00e0tic.<\/pre>\n<pre>- Saber fer diferents formes de salt a l'aigua\r\n- Realitzar les primeres apnees\r\n- Con\u00e8ixer l'estil de crol amb ajuda de material\r\n- Con\u00e8ixer l'estil d'esquenes amb ajuda de material\r\n- Con\u00e8ixer l'estil de bra\u00e7a amb ajuda de material<\/pre>\n<\/td>\n<\/tr>\n<tr>\n<td style=\"width: 10%; text-align: center;\">\n<pre>Segon<\/pre>\n<\/td>\n<td style=\"width: 53.1992%;\">\n<pre>- Saltar a l'aigua de cap\r\n- Realitzar apnees de distancia mitja.\r\n- Fer l'estil de crol sense material.\r\n- Fer l'estil d'esquena sense material.\r\n- Fer l'estil de bra\u00e7a sense material<\/pre>\n<\/td>\n<\/tr>\n<tr>\n<td style=\"width: 10%; text-align: center;\">\n<pre>Tercer<\/pre>\n<\/td>\n<td style=\"width: 53.1992%;\">\n<pre>- Saber fer diferents formes de salt a l'aigua des del trampol\u00ed\r\n- Realitzar apnees de dist\u00e0ncia llarga.\r\n- Realitzar l'estil de crol amb una t\u00e8cnica correcte.\r\n- Realitzar l'estil de d'esquena amb una t\u00e8cnica correcte.\r\n- Realitzar l'estil de bra\u00e7a amb una t\u00e8cnica correcte.<\/pre>\n<\/td>\n<\/tr>\n<tr>\n<td style=\"width: 10%; text-align: center;\">\n<pre>Quart<\/pre>\n<\/td>\n<td style=\"width: 53.1992%;\">\n<pre>- Saltar a l'aigua de cap des del trampol\u00ed.\r\n- Realitzar apnees de dist\u00e0ncia llarga.\r\n- Realitzar l'estil de crol amb una respiraci\u00f3 unilateral.\r\n- Realitzar l'estil de d'esquena correcte.\r\n- Realitzar l'estil de bra\u00e7a correcte.<\/pre>\n<\/td>\n<\/tr>\n<tr>\n<td style=\"width: 10%; text-align: center;\">\n<pre>Cinqu\u00e8<\/pre>\n<\/td>\n<td style=\"width: 53.1992%;\">\n<pre>- Perfeccionar l'estil de crol.\r\n- Perfeccionar l'estil d'esquena i les seves variants.\r\n- Perfeccionar l'estil de bra\u00e7a.\r\n- Elevar el domini en un medi aqu\u00e0tic.<\/pre>\n<\/td>\n<\/tr>\n<tr>\n<td style=\"width: 10%; text-align: center;\">\n<pre>Sis\u00e8<\/pre>\n<\/td>\n<td style=\"width: 53.1992%;\">\n<pre>- Perfeccionar l'estil de crol amb respiraci\u00f3 unilateral.\r\n- Perfeccionar l'estil d'esquena i les seves variants.\r\n- Perfeccionar l'estil de bra\u00e7a.<\/pre>\n<\/td>\n<\/tr>\n<\/tbody>\n<\/table>\n<pre><\/pre>\n","protected":false},"excerpt":{"rendered":"<p>Cada curs de Prim\u00e0ria (de 1r a 6\u00e8) realitzar\u00e0 l\u2019activitat de nataci\u00f3 (inclosa dins l\u2019\u00e0rea d\u2019Ed.F\u00edsica) al llarg d\u2019un trimestre. Constar\u00e0 de 7 sessions + 1 sessi\u00f3 final d\u2019iniciaci\u00f3 al P\u00e0del.<\/p>\n<p>CURS<\/p>\n<p>OBJECTIU<\/p>\n<p>Primer<\/p>\n<p>&#8211; Superar la por al medi aqu\u00e0tic.<br \/>\n&#8211; Saber fer diferents formes de salt a l&#8217;aigua<br \/>\n-&hellip;  <a href=\"https:\/\/agora.xtec.cat\/ceipignasimele\/alumnat\/natacio\/objectius\/\" title=\"Read Objectius\">Llegeix m\u00e9s\u00bb<\/a><\/p>\n","protected":false},"author":1,"featured_media":0,"parent":2091,"menu_order":0,"comment_status":"closed","ping_status":"closed","template":"page-templates\/side-menu.php","meta":{"_bbp_topic_count":0,"_bbp_reply_count":0,"_bbp_total_topic_count":0,"_bbp_total_reply_count":0,"_bbp_voice_count":0,"_bbp_anonymous_reply_count":0,"_bbp_topic_count_hidden":0,"_bbp_reply_count_hidden":0,"_bbp_forum_subforum_count":0,"footnotes":""},"class_list":["post-1364","page","type-page","status-publish","hentry"],"post_mailing_queue_ids":[],"_links":{"self":[{"href":"https:\/\/agora.xtec.cat\/ceipignasimele\/wp-json\/wp\/v2\/pages\/1364","targetHints":{"allow":["GET"]}}],"collection":[{"href":"https:\/\/agora.xtec.cat\/ceipignasimele\/wp-json\/wp\/v2\/pages"}],"about":[{"href":"https:\/\/agora.xtec.cat\/ceipignasimele\/wp-json\/wp\/v2\/types\/page"}],"author":[{"embeddable":true,"href":"https:\/\/agora.xtec.cat\/ceipignasimele\/wp-json\/wp\/v2\/users\/1"}],"replies":[{"embeddable":true,"href":"https:\/\/agora.xtec.cat\/ceipignasimele\/wp-json\/wp\/v2\/comments?post=1364"}],"version-history":[{"count":4,"href":"https:\/\/agora.xtec.cat\/ceipignasimele\/wp-json\/wp\/v2\/pages\/1364\/revisions"}],"predecessor-version":[{"id":2816,"href":"https:\/\/agora.xtec.cat\/ceipignasimele\/wp-json\/wp\/v2\/pages\/1364\/revisions\/2816"}],"up":[{"embeddable":true,"href":"https:\/\/agora.xtec.cat\/ceipignasimele\/wp-json\/wp\/v2\/pages\/2091"}],"wp:attachment":[{"href":"https:\/\/agora.xtec.cat\/ceipignasimele\/wp-json\/wp\/v2\/media?parent=1364"}],"curies":[{"name":"wp","href":"https:\/\/api.w.org\/{rel}","templated":true}]}}