{"id":1156,"date":"2018-04-20T11:45:08","date_gmt":"2018-04-20T09:45:08","guid":{"rendered":"http:\/\/agora.xtec.cat\/ceipignasimele\/?page_id=1156"},"modified":"2023-03-13T11:45:09","modified_gmt":"2023-03-13T10:45:09","slug":"preinscripcio","status":"publish","type":"page","link":"https:\/\/agora.xtec.cat\/ceipignasimele\/serveis\/interns\/administracio\/preinscripcio\/","title":{"rendered":"Preinscripci\u00f3"},"content":{"rendered":"<p>Avui dia 6 de mar\u00e7 s&#8217;obre la preinscripci\u00f3 per educaci\u00f3 infantil i prim\u00e0ria. El termini \u00e9s <strong>del 6 al 20 de mar\u00e7 de 2023.<\/strong><\/p>\n<p>Aqu\u00ed teniu <a href=\"https:\/\/preinscripcio.gencat.cat\/ca\/inici\" target=\"_blank\" rel=\"noopener\">l&#8217;enlla\u00e7 de l&#8217;aplicatiu, <\/a>amb tota la informaci\u00f3 necessaria.<\/p>\n<p>Us deixem un v\u00eddeo explicatiu per poder ajudar.<\/p>\n<p><iframe loading=\"lazy\" title=\"YouTube video player\" src=\"\/\/www.youtube.com\/embed\/xwo2A2U-g30\" width=\"560\" height=\"315\" frameborder=\"0\" allowfullscreen=\"allowfullscreen\"><\/iframe><\/p>\n<p>Si necessiteu m\u00e9s ajuda, contacteu amb administraci\u00f3 de l&#8217;escola, Telf 972341368.<\/p>\n<p>Aqu\u00ed teniu la publicaci\u00f3 de l&#8217;oferta inicial de places pel curs 23-24!<\/p>\n<p><iframe loading=\"lazy\" src=\"https:\/\/docs.google.com\/viewer?srcid=1GK3iTH_gtsa8bzDVae4RDHwIzqYHMbJz&amp;pid=explorer&amp;efh=false&amp;a=v&amp;chrome=false&amp;embedded=true\" width=\"500px\" height=\"380px\"><span data-mce-type=\"bookmark\" style=\"display: inline-block; width: 0px; overflow: hidden; line-height: 0;\" class=\"mce_SELRES_start\">\ufeff<\/span><span data-mce-type=\"bookmark\" style=\"display: inline-block; width: 0px; overflow: hidden; line-height: 0;\" class=\"mce_SELRES_start\">\ufeff<\/span><span data-mce-type=\"bookmark\" style=\"display: inline-block; width: 0px; overflow: hidden; line-height: 0;\" class=\"mce_SELRES_start\">\ufeff<\/span><span data-mce-type=\"bookmark\" style=\"display: inline-block; width: 0px; overflow: hidden; line-height: 0;\" class=\"mce_SELRES_start\">\ufeff<\/span><\/iframe><\/p>\n<p>&nbsp;<\/p>\n","protected":false},"excerpt":{"rendered":"<p>Avui dia 6 de mar\u00e7 s&#8217;obre la preinscripci\u00f3 per educaci\u00f3 infantil i prim\u00e0ria. El termini \u00e9s del 6 al 20 de mar\u00e7 de 2023.<br \/>\nAqu\u00ed teniu <a href=\"https:\/\/preinscripcio.gencat.cat\/ca\/inici\" target=\"_blank\" rel=\"noopener\">l&#8217;enlla\u00e7 de l&#8217;aplicatiu, <\/a>amb tota la informaci\u00f3 necessaria.<br \/>\nUs deixem un v\u00eddeo explicatiu per poder ajudar.<\/p>\n<p>Si necessiteu m\u00e9s&hellip;  <a href=\"https:\/\/agora.xtec.cat\/ceipignasimele\/serveis\/interns\/administracio\/preinscripcio\/\" title=\"Read Preinscripci\u00f3\">Llegeix m\u00e9s\u00bb<\/a><\/p>\n","protected":false},"author":1,"featured_media":0,"parent":1147,"menu_order":1,"comment_status":"closed","ping_status":"closed","template":"page-templates\/side-menu.php","meta":{"_bbp_topic_count":0,"_bbp_reply_count":0,"_bbp_total_topic_count":0,"_bbp_total_reply_count":0,"_bbp_voice_count":0,"_bbp_anonymous_reply_count":0,"_bbp_topic_count_hidden":0,"_bbp_reply_count_hidden":0,"_bbp_forum_subforum_count":0,"footnotes":""},"class_list":["post-1156","page","type-page","status-publish","hentry"],"post_mailing_queue_ids":[],"_links":{"self":[{"href":"https:\/\/agora.xtec.cat\/ceipignasimele\/wp-json\/wp\/v2\/pages\/1156","targetHints":{"allow":["GET"]}}],"collection":[{"href":"https:\/\/agora.xtec.cat\/ceipignasimele\/wp-json\/wp\/v2\/pages"}],"about":[{"href":"https:\/\/agora.xtec.cat\/ceipignasimele\/wp-json\/wp\/v2\/types\/page"}],"author":[{"embeddable":true,"href":"https:\/\/agora.xtec.cat\/ceipignasimele\/wp-json\/wp\/v2\/users\/1"}],"replies":[{"embeddable":true,"href":"https:\/\/agora.xtec.cat\/ceipignasimele\/wp-json\/wp\/v2\/comments?post=1156"}],"version-history":[{"count":4,"href":"https:\/\/agora.xtec.cat\/ceipignasimele\/wp-json\/wp\/v2\/pages\/1156\/revisions"}],"predecessor-version":[{"id":2969,"href":"https:\/\/agora.xtec.cat\/ceipignasimele\/wp-json\/wp\/v2\/pages\/1156\/revisions\/2969"}],"up":[{"embeddable":true,"href":"https:\/\/agora.xtec.cat\/ceipignasimele\/wp-json\/wp\/v2\/pages\/1147"}],"wp:attachment":[{"href":"https:\/\/agora.xtec.cat\/ceipignasimele\/wp-json\/wp\/v2\/media?parent=1156"}],"curies":[{"name":"wp","href":"https:\/\/api.w.org\/{rel}","templated":true}]}}