{"id":7192,"date":"2023-08-26T13:21:47","date_gmt":"2023-08-26T11:21:47","guid":{"rendered":"https:\/\/agora.xtec.cat\/ceiphortavella\/?page_id=7192"},"modified":"2024-03-11T23:19:20","modified_gmt":"2024-03-11T22:19:20","slug":"perfil-professional-equip-directiu","status":"publish","type":"page","link":"https:\/\/agora.xtec.cat\/ceiphortavella\/estrategia-digital-de-centre\/cultura-digital\/projecte-educatiu\/perfil-professional-equip-directiu\/","title":{"rendered":"Equip directiu"},"content":{"rendered":"<div class=\"entry-content\">\n<p>Us presentem a continuaci\u00f3 l&#8217;equip directiu de l&#8217;escola Horta Vella que comparteix la visi\u00f3 de poder oferir una escola que prepari els nostres alumnes per a un futur reeixit, atenent als \u00e8xits acad\u00e8mics i personals.<\/p>\n<p>Amb experi\u00e8ncia dins el m\u00f3n educatiu, a continuaci\u00f3 podeu llegir-ne els detalls de la traject\u00f2ria professional i perfil de cada una:<\/p>\n<p>Directora: <a href=\"https:\/\/agora.xtec.cat\/ceiphortavella\/wp-content\/uploads\/usu918\/2024\/02\/Curriculum-Administrativa-Minimalista-Blanco-y-Beige-1.pdf\">Perfil i traject\u00f2ria professional d&#8217; \u00c0ngela Galo Maneiro<\/a><\/p>\n<p>Cap d\u2019estudis: M\u00edriam Guillan (pendent de publicar)<\/p>\n<p>Secret\u00e0ria: <a href=\"https:\/\/agora.xtec.cat\/ceiphortavella\/wp-content\/uploads\/usu918\/2024\/02\/curCurriculum-Administrativa-Minimalista-Blanco-y-Beige.pdf\">Perfil i traject\u00f2ria professional de M\u00f2nica Ferrr\u00e0s Portol\u00e9s<\/a><\/p>\n<\/div>\n","protected":false},"excerpt":{"rendered":"<p>Us presentem a continuaci\u00f3 l&#8217;equip directiu de l&#8217;escola Horta Vella que comparteix la visi\u00f3 de poder oferir una escola que prepari els nostres alumnes per a un futur reeixit, atenent als \u00e8xits acad\u00e8mics i personals.<br \/>\nAmb experi\u00e8ncia dins el m\u00f3n educatiu, a continuaci\u00f3 podeu llegir-ne els&hellip;  <a href=\"https:\/\/agora.xtec.cat\/ceiphortavella\/estrategia-digital-de-centre\/cultura-digital\/projecte-educatiu\/perfil-professional-equip-directiu\/\" title=\"Read Equip directiu\">Llegeix m\u00e9s\u00bb<\/a><\/p>\n","protected":false},"author":1,"featured_media":0,"parent":64,"menu_order":0,"comment_status":"closed","ping_status":"closed","template":"","meta":{"_bbp_topic_count":0,"_bbp_reply_count":0,"_bbp_total_topic_count":0,"_bbp_total_reply_count":0,"_bbp_voice_count":0,"_bbp_anonymous_reply_count":0,"_bbp_topic_count_hidden":0,"_bbp_reply_count_hidden":0,"_bbp_forum_subforum_count":0,"footnotes":""},"class_list":["post-7192","page","type-page","status-publish","hentry"],"post_mailing_queue_ids":[],"_links":{"self":[{"href":"https:\/\/agora.xtec.cat\/ceiphortavella\/wp-json\/wp\/v2\/pages\/7192","targetHints":{"allow":["GET"]}}],"collection":[{"href":"https:\/\/agora.xtec.cat\/ceiphortavella\/wp-json\/wp\/v2\/pages"}],"about":[{"href":"https:\/\/agora.xtec.cat\/ceiphortavella\/wp-json\/wp\/v2\/types\/page"}],"author":[{"embeddable":true,"href":"https:\/\/agora.xtec.cat\/ceiphortavella\/wp-json\/wp\/v2\/users\/1"}],"replies":[{"embeddable":true,"href":"https:\/\/agora.xtec.cat\/ceiphortavella\/wp-json\/wp\/v2\/comments?post=7192"}],"version-history":[{"count":5,"href":"https:\/\/agora.xtec.cat\/ceiphortavella\/wp-json\/wp\/v2\/pages\/7192\/revisions"}],"predecessor-version":[{"id":7695,"href":"https:\/\/agora.xtec.cat\/ceiphortavella\/wp-json\/wp\/v2\/pages\/7192\/revisions\/7695"}],"up":[{"embeddable":true,"href":"https:\/\/agora.xtec.cat\/ceiphortavella\/wp-json\/wp\/v2\/pages\/64"}],"wp:attachment":[{"href":"https:\/\/agora.xtec.cat\/ceiphortavella\/wp-json\/wp\/v2\/media?parent=7192"}],"curies":[{"name":"wp","href":"https:\/\/api.w.org\/{rel}","templated":true}]}}